 
 
{"id":10,"date":"2015-11-24T16:41:53","date_gmt":"2015-11-24T15:41:53","guid":{"rendered":"https:\/\/www.pep34vacances.com\/centre-malibert\/?page_id=10"},"modified":"2017-05-02T09:49:45","modified_gmt":"2017-05-02T08:49:45","slug":"presentation-et-localisation","status":"publish","type":"page","link":"https:\/\/www.pep34vacances.com\/centre-malibert\/presentation\/presentation-et-localisation\/","title":{"rendered":"Pr\u00e9sentation et localisation"},"content":{"rendered":"<div id=\"lipsum\">\n<h2>Au c\u0153ur de la for\u00eat<\/h2>\n<h6><a href=\"https:\/\/www.pep34vacances.com\/centre-malibert\/wp-content\/uploads\/sites\/3\/2015\/11\/pep34-centre-vacances-Malibert-enfants-2.jpg\"><img loading=\"lazy\" decoding=\"async\" class=\"alignnone size-full wp-image-272\" src=\"https:\/\/www.pep34vacances.com\/centre-malibert\/wp-content\/uploads\/sites\/3\/2015\/11\/pep34-centre-vacances-Malibert-enfants-2.jpg\" alt=\"pep34-centre-vacances-Malibert-enfants-2\" width=\"800\" height=\"389\" srcset=\"https:\/\/www.pep34vacances.com\/centre-malibert\/wp-content\/uploads\/sites\/3\/2015\/11\/pep34-centre-vacances-Malibert-enfants-2.jpg 800w, https:\/\/www.pep34vacances.com\/centre-malibert\/wp-content\/uploads\/sites\/3\/2015\/11\/pep34-centre-vacances-Malibert-enfants-2-300x146.jpg 300w, https:\/\/www.pep34vacances.com\/centre-malibert\/wp-content\/uploads\/sites\/3\/2015\/11\/pep34-centre-vacances-Malibert-enfants-2-250x122.jpg 250w, https:\/\/www.pep34vacances.com\/centre-malibert\/wp-content\/uploads\/sites\/3\/2015\/11\/pep34-centre-vacances-Malibert-enfants-2-100x50.jpg 100w\" sizes=\"(max-width: 800px) 100vw, 800px\" \/><\/a><\/h6>\n<p>Le pays Saint-Chinianais se situe \u00e0 l'Ouest de la grande r\u00e9gion touristique du Languedoc-Roussillon, dans l'arri\u00e8re-pays biterrois et accueille \u00e0 la belle saison un nombre croissant de visiteurs \u00e9pris de soleil, de beaux paysages contrast\u00e9s entre mer et montagne, et de sports \u00e0 sensations.<\/p>\n<p>Au c\u0153ur des traditions h\u00e9raultaises, la commune de Saint-Chinian a su pr\u00e9server son authenticit\u00e9 et son savoir-faire et peut \u00eatre qualifi\u00e9e de petite ville \u00e0 la campagne.<\/p>\n<p>Cr\u00e9\u00e9 en 1948, le centre Malibert est une ancienne ferme implant\u00e9e sur une propri\u00e9t\u00e9 de 240 hectares. Situ\u00e9 \u00e0 une heure et demie de Montpellier et \u00e0 deux heures de Toulouse, le centre vous emm\u00e8ne loin de la ville et des ennuis quotidiens, dans le cadre onirique et merveilleux du pays\u00a0Saint-Chinianais.<\/p>\n<p>Malibert accueille vos classes de d\u00e9couverte, assure l\u2019h\u00e9bergement de groupes et organise des colonies de vacances pour enfants. La plupart de nos activit\u00e9s se d\u00e9roulent sur place, permettant ainsi de limiter les\u00a0d\u00e9placements.<\/p>\n<p>Le b\u00e2timent comporte plusieurs ailes capables\u00a0d\u2019accueillir des groupes dans cinq unit\u00e9s d\u2019h\u00e9bergement ind\u00e9pendantes. Le centre de vacances de Malibert et son encadrement poss\u00e8dent un agr\u00e9ment pour l\u2019accueil de 125 enfants ainsi qu\u2019un agr\u00e9ment PMI.<\/p>\n<\/div>\n<p>&nbsp;<\/p>\n<h2>Plus d'informations<\/h2>\n<p>Centre de vacances de Malibert<br \/>\nBabeau-Bouldoux<br \/>\n34360 Saint-Chinian<br \/>\n04 67 38 04 61<\/p>\n<a href=\"https:\/\/www.pep34vacances.com\/contact\/\" title=\"CONTACT\" class=\"btn btn-primary btn-normal btn-inline \" target=\"_self\"><i class=\"icon-arrow-right\"><\/i>CONTACT<\/a><!-- .btn -->\n<p>&nbsp;<\/p>\n<div class=\"google-map\"><iframe loading=\"lazy\" src=\"https:\/\/www.google.com\/maps\/embed?pb=!1m18!1m12!1m3!1d11588.34306552622!2d2.872233779897086!3d43.43792469532354!2m3!1f0!2f0!3f0!3m2!1i1024!2i768!4f13.1!3m3!1m2!1s0x12b1bd927622249f%3A0x1cd9471f272960f6!2sMalibert%2C+34360!5e0!3m2!1sen!2sfr!4v1454084949358\" frameborder=\"0\" width=\"800\" height=\"250\" marginwidth=\"0\" marginheight=\"0\" scrolling=\"no\"><\/iframe><\/div>\n<p>&nbsp;<\/p>\n<p>&gt; Autoroute A9 sortie B\u00e9ziers-Ouest, puis direction Castres - Mazamet - Saint-Pons<br \/>\n&gt; A75, sortie 63, puis prendre direction Saint-Pons de Thomi\u00e8res<\/p>\n","protected":false},"excerpt":{"rendered":"Au c\u0153ur de la for\u00eat Le pays Saint-Chinianais se situe \u00e0 l'Ouest de la grande r\u00e9gion touristique du Languedoc-Roussillon, dans l'arri\u00e8re-pays biterrois et accueille \u00e0 la belle saison un nombre croissant de visiteurs \u00e9pris de soleil, de beaux paysages contrast\u00e9s entre mer et montagne, et de sports \u00e0 sensations. Au c\u0153ur des traditions h\u00e9raultaises, la commune de Saint-Chinian a su&nbsp;<a href=\"https:\/\/www.pep34vacances.com\/centre-malibert\/presentation\/presentation-et-localisation\/\" class=\"read-more\">Lire la suite<\/a>","protected":false},"author":1,"featured_media":0,"parent":7,"menu_order":0,"comment_status":"closed","ping_status":"closed","template":"","meta":{"footnotes":""},"_links":{"self":[{"href":"https:\/\/www.pep34vacances.com\/centre-malibert\/wp-json\/wp\/v2\/pages\/10"}],"collection":[{"href":"https:\/\/www.pep34vacances.com\/centre-malibert\/wp-json\/wp\/v2\/pages"}],"about":[{"href":"https:\/\/www.pep34vacances.com\/centre-malibert\/wp-json\/wp\/v2\/types\/page"}],"author":[{"embeddable":true,"href":"https:\/\/www.pep34vacances.com\/centre-malibert\/wp-json\/wp\/v2\/users\/1"}],"replies":[{"embeddable":true,"href":"https:\/\/www.pep34vacances.com\/centre-malibert\/wp-json\/wp\/v2\/comments?post=10"}],"version-history":[{"count":0,"href":"https:\/\/www.pep34vacances.com\/centre-malibert\/wp-json\/wp\/v2\/pages\/10\/revisions"}],"up":[{"embeddable":true,"href":"https:\/\/www.pep34vacances.com\/centre-malibert\/wp-json\/wp\/v2\/pages\/7"}],"wp:attachment":[{"href":"https:\/\/www.pep34vacances.com\/centre-malibert\/wp-json\/wp\/v2\/media?parent=10"}],"curies":[{"name":"wp","href":"https:\/\/api.w.org\/{rel}","templated":true}]}}