 
 
{"id":140,"date":"2015-11-29T23:03:34","date_gmt":"2015-11-29T22:03:34","guid":{"rendered":"https:\/\/www.pep34vacances.com\/centre-malibert\/?page_id=140"},"modified":"2026-02-25T14:01:02","modified_gmt":"2026-02-25T13:01:02","slug":"jardin-et-peche","status":"publish","type":"page","link":"https:\/\/www.pep34vacances.com\/centre-malibert\/activites\/jardin-et-peche\/","title":{"rendered":"Potager &#038; environnement"},"content":{"rendered":"<h3>\t\r\n\t\t\r\n\t<div id=\"meteor-slideshowactivite-jardin-et-peche\" class=\"meteor-slides activite-jardin-et-peche navnone { next: '#meteor-nextactivite-jardin-et-peche', prev: '#meteor-prevactivite-jardin-et-peche', pager: '#meteor-buttonsactivite-jardin-et-peche' }\">\r\n\t\r\n\t\t\t\r\n\t\t\t\t\r\n\t\t\t\r\n\t\t<div class=\"meteor-clip\">\r\n\t\r\n\t\t\t\t\r\n\t\t\t<img decoding=\"async\" style=\"visibility: hidden;\" class=\"meteor-shim\" src=\"https:\/\/www.pep34vacances.com\/centre-malibert\/wp-content\/uploads\/sites\/3\/2016\/01\/pep34-centre-vacances-Malibert-enfants-peche-insectes-3.jpg\" alt=\"\" \/>\r\n\t\t\t<div class=\"mslide mslide-1\">\r\n\t\t\t\t\r\n\t\t\t\t\t\t\t\t\t\r\n\t\t\t\t\t<img loading=\"lazy\" decoding=\"async\" width=\"800\" height=\"389\" src=\"https:\/\/www.pep34vacances.com\/centre-malibert\/wp-content\/uploads\/sites\/3\/2016\/01\/pep34-centre-vacances-Malibert-enfants-peche-insectes-3.jpg\" class=\"attachment-featured-slide size-featured-slide wp-post-image\" alt=\"Les enfants d\u00e9couvrent la vie \u00e0 la ferme en colonie de vacances.\" title=\"pep34-centre-vacances-Malibert-enfants-peche-insectes-\" srcset=\"https:\/\/www.pep34vacances.com\/centre-malibert\/wp-content\/uploads\/sites\/3\/2016\/01\/pep34-centre-vacances-Malibert-enfants-peche-insectes-3.jpg 800w, https:\/\/www.pep34vacances.com\/centre-malibert\/wp-content\/uploads\/sites\/3\/2016\/01\/pep34-centre-vacances-Malibert-enfants-peche-insectes-3-300x146.jpg 300w, https:\/\/www.pep34vacances.com\/centre-malibert\/wp-content\/uploads\/sites\/3\/2016\/01\/pep34-centre-vacances-Malibert-enfants-peche-insectes-3-250x122.jpg 250w, https:\/\/www.pep34vacances.com\/centre-malibert\/wp-content\/uploads\/sites\/3\/2016\/01\/pep34-centre-vacances-Malibert-enfants-peche-insectes-3-100x50.jpg 100w\" sizes=\"(max-width: 800px) 100vw, 800px\" \/>\t\t\t\t\t\r\n\t\t\t\t\t\t\t\r\n\t\t\t<\/div><!-- .mslide -->\r\n\t\t\t\r\n\t\t\t\t\t\t\r\n\t\t\t\t\r\n\t\t\t\r\n\t\t\t<div class=\"mslide mslide-2\">\r\n\t\t\t\t\r\n\t\t\t\t\t\t\t\t\t\r\n\t\t\t\t\t<img loading=\"lazy\" decoding=\"async\" width=\"800\" height=\"389\" src=\"https:\/\/www.pep34vacances.com\/centre-malibert\/wp-content\/uploads\/sites\/3\/2016\/01\/pep34-centre-vacances-Malibert-enfants-peche-insectes-2.jpg\" class=\"attachment-featured-slide size-featured-slide wp-post-image\" alt=\"D\u00e9couverte de la nature avec les PEP 34.\" title=\"pep34-centre-vacances-Malibert-enfants-peche-insectes-\" srcset=\"https:\/\/www.pep34vacances.com\/centre-malibert\/wp-content\/uploads\/sites\/3\/2016\/01\/pep34-centre-vacances-Malibert-enfants-peche-insectes-2.jpg 800w, https:\/\/www.pep34vacances.com\/centre-malibert\/wp-content\/uploads\/sites\/3\/2016\/01\/pep34-centre-vacances-Malibert-enfants-peche-insectes-2-300x146.jpg 300w, https:\/\/www.pep34vacances.com\/centre-malibert\/wp-content\/uploads\/sites\/3\/2016\/01\/pep34-centre-vacances-Malibert-enfants-peche-insectes-2-250x122.jpg 250w, https:\/\/www.pep34vacances.com\/centre-malibert\/wp-content\/uploads\/sites\/3\/2016\/01\/pep34-centre-vacances-Malibert-enfants-peche-insectes-2-100x50.jpg 100w\" sizes=\"(max-width: 800px) 100vw, 800px\" \/>\t\t\t\t\t\r\n\t\t\t\t\t\t\t\r\n\t\t\t<\/div><!-- .mslide -->\r\n\t\t\t\r\n\t\t\t\t\t\t\r\n\t\t\t\t\r\n\t\t\t\r\n\t\t\t<div class=\"mslide mslide-3\">\r\n\t\t\t\t\r\n\t\t\t\t\t\t\t\t\t\r\n\t\t\t\t\t<img loading=\"lazy\" decoding=\"async\" width=\"800\" height=\"389\" src=\"https:\/\/www.pep34vacances.com\/centre-malibert\/wp-content\/uploads\/sites\/3\/2016\/01\/pep34-centre-vacances-Malibert-enfants-peche-insectes-1.jpg\" class=\"attachment-featured-slide size-featured-slide wp-post-image\" alt=\"Les colonies de vacances \u00e0 Malibert.\" title=\"pep34-centre-vacances-Malibert-enfants-peche-insectes-\" srcset=\"https:\/\/www.pep34vacances.com\/centre-malibert\/wp-content\/uploads\/sites\/3\/2016\/01\/pep34-centre-vacances-Malibert-enfants-peche-insectes-1.jpg 800w, https:\/\/www.pep34vacances.com\/centre-malibert\/wp-content\/uploads\/sites\/3\/2016\/01\/pep34-centre-vacances-Malibert-enfants-peche-insectes-1-300x146.jpg 300w, https:\/\/www.pep34vacances.com\/centre-malibert\/wp-content\/uploads\/sites\/3\/2016\/01\/pep34-centre-vacances-Malibert-enfants-peche-insectes-1-250x122.jpg 250w, https:\/\/www.pep34vacances.com\/centre-malibert\/wp-content\/uploads\/sites\/3\/2016\/01\/pep34-centre-vacances-Malibert-enfants-peche-insectes-1-100x50.jpg 100w\" sizes=\"(max-width: 800px) 100vw, 800px\" \/>\t\t\t\t\t\r\n\t\t\t\t\t\t\t\r\n\t\t\t<\/div><!-- .mslide -->\r\n\t\t\t\r\n\t\t\t\t\t\t\r\n\t\t\t\t\r\n\t\t\t\r\n\t\t\t<div class=\"mslide mslide-4\">\r\n\t\t\t\t\r\n\t\t\t\t\t\t\t\t\t\r\n\t\t\t\t\t<img loading=\"lazy\" decoding=\"async\" width=\"800\" height=\"389\" src=\"https:\/\/www.pep34vacances.com\/centre-malibert\/wp-content\/uploads\/sites\/3\/2016\/01\/pep34-centre-vacances-Malibert-decouverte-potager-enfants-3.jpg\" class=\"attachment-featured-slide size-featured-slide wp-post-image\" alt=\"D\u00e9couverte du potager de la ferme p\u00e9dagogique de Malibert.\" title=\"pep34-centre-vacances-Malibert-decouverte-potager-enfants-3\" srcset=\"https:\/\/www.pep34vacances.com\/centre-malibert\/wp-content\/uploads\/sites\/3\/2016\/01\/pep34-centre-vacances-Malibert-decouverte-potager-enfants-3.jpg 800w, https:\/\/www.pep34vacances.com\/centre-malibert\/wp-content\/uploads\/sites\/3\/2016\/01\/pep34-centre-vacances-Malibert-decouverte-potager-enfants-3-300x146.jpg 300w, https:\/\/www.pep34vacances.com\/centre-malibert\/wp-content\/uploads\/sites\/3\/2016\/01\/pep34-centre-vacances-Malibert-decouverte-potager-enfants-3-250x122.jpg 250w, https:\/\/www.pep34vacances.com\/centre-malibert\/wp-content\/uploads\/sites\/3\/2016\/01\/pep34-centre-vacances-Malibert-decouverte-potager-enfants-3-100x50.jpg 100w\" sizes=\"(max-width: 800px) 100vw, 800px\" \/>\t\t\t\t\t\r\n\t\t\t\t\t\t\t\r\n\t\t\t<\/div><!-- .mslide -->\r\n\t\t\t\r\n\t\t\t\t\t\t\r\n\t\t\t\t\r\n\t\t\t\r\n\t\t\t<div class=\"mslide mslide-5\">\r\n\t\t\t\t\r\n\t\t\t\t\t\t\t\t\t\r\n\t\t\t\t\t<img loading=\"lazy\" decoding=\"async\" width=\"800\" height=\"389\" src=\"https:\/\/www.pep34vacances.com\/centre-malibert\/wp-content\/uploads\/sites\/3\/2016\/01\/pep34-centre-vacances-Malibert-decouverte-potager-enfants-2.jpg\" class=\"attachment-featured-slide size-featured-slide wp-post-image\" alt=\"D\u00e9couverte de l&#039;environnement au centre de vacances de Malibert (H\u00e9rault).\" title=\"pep34-centre-vacances-Malibert-decouverte-potager-enfants-\" srcset=\"https:\/\/www.pep34vacances.com\/centre-malibert\/wp-content\/uploads\/sites\/3\/2016\/01\/pep34-centre-vacances-Malibert-decouverte-potager-enfants-2.jpg 800w, https:\/\/www.pep34vacances.com\/centre-malibert\/wp-content\/uploads\/sites\/3\/2016\/01\/pep34-centre-vacances-Malibert-decouverte-potager-enfants-2-300x146.jpg 300w, https:\/\/www.pep34vacances.com\/centre-malibert\/wp-content\/uploads\/sites\/3\/2016\/01\/pep34-centre-vacances-Malibert-decouverte-potager-enfants-2-250x122.jpg 250w, https:\/\/www.pep34vacances.com\/centre-malibert\/wp-content\/uploads\/sites\/3\/2016\/01\/pep34-centre-vacances-Malibert-decouverte-potager-enfants-2-100x50.jpg 100w\" sizes=\"(max-width: 800px) 100vw, 800px\" \/>\t\t\t\t\t\r\n\t\t\t\t\t\t\t\r\n\t\t\t<\/div><!-- .mslide -->\r\n\t\t\t\r\n\t\t\t\t\t\t\r\n\t\t\t\t\r\n\t\t<\/div><!-- .meteor-clip -->\r\n\t\t\t\t\r\n\t\t\t\t\t\r\n\t<\/div><!-- .meteor-slides -->\r\n\t\r\n\t<\/h3>\n<p>&nbsp;<\/p>\n<h2>Objectifs de l\u2019atelier jardin<\/h2>\n<ul>\n<li>Apprentissage des gestes de base du jardinier<\/li>\n<li>Enrichissement du vocabulaire<\/li>\n<li>Participation \u00e0 un travail d\u2019\u00e9quipe<\/li>\n<li>Culture biologique<\/li>\n<li>Cycle d'une plante<\/li>\n<\/ul>\n<p>&nbsp;<\/p>\n<h2>Objectifs de l\u2019activit\u00e9 p\u00eache<\/h2>\n<ul>\n<li>Conna\u00eetre et exp\u00e9rimenter autour du milieu aquatique<\/li>\n<\/ul>\n<p>&nbsp;<\/p>\n<h2>Atelier n\u00b01 (jardinage)<\/h2>\n<p>Explication des diff\u00e9rents outils, travail de la terre, reconnaissance des plantes, binage, repiquage, labour, semis, arrosage, compostage, d\u00e9sherbage, plantation, r\u00e9colte (en fonction de la saison)<\/p>\n<p>Heure : 14h00 \u00e0 16h00<\/p>\n<p>&nbsp;<\/p>\n<h2>Atelier n\u00b02 (p\u00eache)<\/h2>\n<p>La classe est s\u00e9par\u00e9e en deux groupes. Un groupe commence ses activit\u00e9s \u00e0 la mare (1h00) et les termine\u00a0au b\u00e9al (1h00).<br \/>\nLes enfants auront la possibilit\u00e9 de p\u00eacher \u00e0 l\u2019\u00e9puisette mais aussi d'\u00e9tudier les diff\u00e9rentes b\u00eates et insectes rencontr\u00e9s.<\/p>\n<p>Heure : 14h00 \u00e0 16h00<\/p>\n","protected":false},"excerpt":{"rendered":"&nbsp; Objectifs de l\u2019atelier jardin Apprentissage des gestes de base du jardinier Enrichissement du vocabulaire Participation \u00e0 un travail d\u2019\u00e9quipe Culture biologique Cycle d'une plante &nbsp; Objectifs de l\u2019activit\u00e9 p\u00eache Conna\u00eetre et exp\u00e9rimenter autour du milieu aquatique &nbsp; Atelier n\u00b01 (jardinage) Explication des diff\u00e9rents outils, travail de la terre, reconnaissance des plantes, binage, repiquage, labour, semis, arrosage, compostage, d\u00e9sherbage, plantation,&nbsp;<a href=\"https:\/\/www.pep34vacances.com\/centre-malibert\/activites\/jardin-et-peche\/\" class=\"read-more\">Lire la suite<\/a>","protected":false},"author":5,"featured_media":0,"parent":22,"menu_order":0,"comment_status":"closed","ping_status":"closed","template":"","meta":{"footnotes":""},"_links":{"self":[{"href":"https:\/\/www.pep34vacances.com\/centre-malibert\/wp-json\/wp\/v2\/pages\/140"}],"collection":[{"href":"https:\/\/www.pep34vacances.com\/centre-malibert\/wp-json\/wp\/v2\/pages"}],"about":[{"href":"https:\/\/www.pep34vacances.com\/centre-malibert\/wp-json\/wp\/v2\/types\/page"}],"author":[{"embeddable":true,"href":"https:\/\/www.pep34vacances.com\/centre-malibert\/wp-json\/wp\/v2\/users\/5"}],"replies":[{"embeddable":true,"href":"https:\/\/www.pep34vacances.com\/centre-malibert\/wp-json\/wp\/v2\/comments?post=140"}],"version-history":[{"count":2,"href":"https:\/\/www.pep34vacances.com\/centre-malibert\/wp-json\/wp\/v2\/pages\/140\/revisions"}],"predecessor-version":[{"id":921,"href":"https:\/\/www.pep34vacances.com\/centre-malibert\/wp-json\/wp\/v2\/pages\/140\/revisions\/921"}],"up":[{"embeddable":true,"href":"https:\/\/www.pep34vacances.com\/centre-malibert\/wp-json\/wp\/v2\/pages\/22"}],"wp:attachment":[{"href":"https:\/\/www.pep34vacances.com\/centre-malibert\/wp-json\/wp\/v2\/media?parent=140"}],"curies":[{"name":"wp","href":"https:\/\/api.w.org\/{rel}","templated":true}]}}