 
 
{"id":160,"date":"2020-01-23T13:09:50","date_gmt":"2020-01-23T12:09:50","guid":{"rendered":"https:\/\/www.pep34vacances.com\/centre-malibert\/?page_id=160"},"modified":"2020-03-11T14:44:43","modified_gmt":"2020-03-11T13:44:43","slug":"astronomie","status":"publish","type":"page","link":"https:\/\/www.pep34vacances.com\/centre-malibert\/colonies-de-vacances\/astronomie\/","title":{"rendered":"Astronomie"},"content":{"rendered":"\t\r\n\t\t\r\n\t<div id=\"meteor-slideshowcolonie-astronomie\" class=\"meteor-slides colonie-astronomie navnone { next: '#meteor-nextcolonie-astronomie', prev: '#meteor-prevcolonie-astronomie', pager: '#meteor-buttonscolonie-astronomie' }\">\r\n\t\r\n\t\t\t\r\n\t\t\t\t\r\n\t\t\t\r\n\t\t<div class=\"meteor-clip\">\r\n\t\r\n\t\t\t\t\r\n\t\t\t<img decoding=\"async\" style=\"visibility: hidden;\" class=\"meteor-shim\" src=\"https:\/\/www.pep34vacances.com\/centre-malibert\/wp-content\/uploads\/sites\/3\/2016\/01\/pep34-centre-vacances-Malibert-enfants-.jpg\" alt=\"\" \/>\r\n\t\t\t<div class=\"mslide mslide-1\">\r\n\t\t\t\t\r\n\t\t\t\t\t\t\t\t\t\r\n\t\t\t\t\t<img loading=\"lazy\" decoding=\"async\" width=\"800\" height=\"389\" src=\"https:\/\/www.pep34vacances.com\/centre-malibert\/wp-content\/uploads\/sites\/3\/2016\/01\/pep34-centre-vacances-Malibert-enfants-.jpg\" class=\"attachment-featured-slide size-featured-slide wp-post-image\" alt=\"Astronomie au centre de vacances de Malibert.\" title=\"pep34-centre-vacances-Malibert-enfants-colonie-astronomie\" srcset=\"https:\/\/www.pep34vacances.com\/centre-malibert\/wp-content\/uploads\/sites\/3\/2016\/01\/pep34-centre-vacances-Malibert-enfants-.jpg 800w, https:\/\/www.pep34vacances.com\/centre-malibert\/wp-content\/uploads\/sites\/3\/2016\/01\/pep34-centre-vacances-Malibert-enfants--300x146.jpg 300w, https:\/\/www.pep34vacances.com\/centre-malibert\/wp-content\/uploads\/sites\/3\/2016\/01\/pep34-centre-vacances-Malibert-enfants--250x122.jpg 250w, https:\/\/www.pep34vacances.com\/centre-malibert\/wp-content\/uploads\/sites\/3\/2016\/01\/pep34-centre-vacances-Malibert-enfants--100x50.jpg 100w\" sizes=\"(max-width: 800px) 100vw, 800px\" \/>\t\t\t\t\t\r\n\t\t\t\t\t\t\t\r\n\t\t\t<\/div><!-- .mslide -->\r\n\t\t\t\r\n\t\t\t\t\t\t\r\n\t\t\t\t\r\n\t\t\t\r\n\t\t\t<div class=\"mslide mslide-2\">\r\n\t\t\t\t\r\n\t\t\t\t\t\t\t\t\t\r\n\t\t\t\t\t<img loading=\"lazy\" decoding=\"async\" width=\"800\" height=\"389\" src=\"https:\/\/www.pep34vacances.com\/centre-malibert\/wp-content\/uploads\/sites\/3\/2016\/01\/pep34-centre-vacances-Malibert-enfants-2.jpg\" class=\"attachment-featured-slide size-featured-slide wp-post-image\" alt=\"Coupole d&#039;observation astronomique de Malibert.\" title=\"pep34-centre-vacances-Malibert-enfants-colonie-astronomie\" srcset=\"https:\/\/www.pep34vacances.com\/centre-malibert\/wp-content\/uploads\/sites\/3\/2016\/01\/pep34-centre-vacances-Malibert-enfants-2.jpg 800w, https:\/\/www.pep34vacances.com\/centre-malibert\/wp-content\/uploads\/sites\/3\/2016\/01\/pep34-centre-vacances-Malibert-enfants-2-300x146.jpg 300w, https:\/\/www.pep34vacances.com\/centre-malibert\/wp-content\/uploads\/sites\/3\/2016\/01\/pep34-centre-vacances-Malibert-enfants-2-250x122.jpg 250w, https:\/\/www.pep34vacances.com\/centre-malibert\/wp-content\/uploads\/sites\/3\/2016\/01\/pep34-centre-vacances-Malibert-enfants-2-100x50.jpg 100w\" sizes=\"(max-width: 800px) 100vw, 800px\" \/>\t\t\t\t\t\r\n\t\t\t\t\t\t\t\r\n\t\t\t<\/div><!-- .mslide -->\r\n\t\t\t\r\n\t\t\t\t\t\t\r\n\t\t\t\t\r\n\t\t\t\r\n\t\t\t<div class=\"mslide mslide-3\">\r\n\t\t\t\t\r\n\t\t\t\t\t\t\t\t\t\r\n\t\t\t\t\t<img loading=\"lazy\" decoding=\"async\" width=\"800\" height=\"389\" src=\"https:\/\/www.pep34vacances.com\/centre-malibert\/wp-content\/uploads\/sites\/3\/2016\/01\/pep34-centre-vacances-Malibert-enfants-astronomie-2.jpg\" class=\"attachment-featured-slide size-featured-slide wp-post-image\" alt=\"T\u00e9l\u00e9scopes et astronomie au centre de vacances de Malibert.\" title=\"pep34-centre-vacances-Malibert-enfants-colonie-astronomie\" srcset=\"https:\/\/www.pep34vacances.com\/centre-malibert\/wp-content\/uploads\/sites\/3\/2016\/01\/pep34-centre-vacances-Malibert-enfants-astronomie-2.jpg 800w, https:\/\/www.pep34vacances.com\/centre-malibert\/wp-content\/uploads\/sites\/3\/2016\/01\/pep34-centre-vacances-Malibert-enfants-astronomie-2-300x146.jpg 300w, https:\/\/www.pep34vacances.com\/centre-malibert\/wp-content\/uploads\/sites\/3\/2016\/01\/pep34-centre-vacances-Malibert-enfants-astronomie-2-250x122.jpg 250w, https:\/\/www.pep34vacances.com\/centre-malibert\/wp-content\/uploads\/sites\/3\/2016\/01\/pep34-centre-vacances-Malibert-enfants-astronomie-2-100x50.jpg 100w\" sizes=\"(max-width: 800px) 100vw, 800px\" \/>\t\t\t\t\t\r\n\t\t\t\t\t\t\t\r\n\t\t\t<\/div><!-- .mslide -->\r\n\t\t\t\r\n\t\t\t\t\t\t\r\n\t\t\t\t\r\n\t\t\t\r\n\t\t\t<div class=\"mslide mslide-4\">\r\n\t\t\t\t\r\n\t\t\t\t\t\t\t\t\t\r\n\t\t\t\t\t<img loading=\"lazy\" decoding=\"async\" width=\"800\" height=\"389\" src=\"https:\/\/www.pep34vacances.com\/centre-malibert\/wp-content\/uploads\/sites\/3\/2016\/01\/pep34-centre-vacances-Malibert-enfants-astronomie.jpg\" class=\"attachment-featured-slide size-featured-slide wp-post-image\" alt=\"T\u00e9l\u00e9scopes et astronomie au centre de vacances de Malibert.\" title=\"pep34-centre-vacances-Malibert-enfants-colonie-astronomie\" srcset=\"https:\/\/www.pep34vacances.com\/centre-malibert\/wp-content\/uploads\/sites\/3\/2016\/01\/pep34-centre-vacances-Malibert-enfants-astronomie.jpg 800w, https:\/\/www.pep34vacances.com\/centre-malibert\/wp-content\/uploads\/sites\/3\/2016\/01\/pep34-centre-vacances-Malibert-enfants-astronomie-300x146.jpg 300w, https:\/\/www.pep34vacances.com\/centre-malibert\/wp-content\/uploads\/sites\/3\/2016\/01\/pep34-centre-vacances-Malibert-enfants-astronomie-250x122.jpg 250w, https:\/\/www.pep34vacances.com\/centre-malibert\/wp-content\/uploads\/sites\/3\/2016\/01\/pep34-centre-vacances-Malibert-enfants-astronomie-100x50.jpg 100w\" sizes=\"(max-width: 800px) 100vw, 800px\" \/>\t\t\t\t\t\r\n\t\t\t\t\t\t\t\r\n\t\t\t<\/div><!-- .mslide -->\r\n\t\t\t\r\n\t\t\t\t\t\t\r\n\t\t\t\t\r\n\t\t<\/div><!-- .meteor-clip -->\r\n\t\t\t\t\r\n\t\t\t\t\t\r\n\t<\/div><!-- .meteor-slides -->\r\n\t\r\n\t\n<p>&nbsp;<\/p>\n<h2>La t\u00eate dans les \u00e9toiles<\/h2>\n<p>Regarde le ciel et d\u00e9couvre les secrets de la vo\u00fbte c\u00e9leste, deviens un v\u00e9ritable astronome capable de d\u00e9chiffrer les myst\u00e8res de notre syst\u00e8me solaire. Apprends \u00e0 manipuler une boussole et un t\u00e9lescope, explore les galaxies, observe les com\u00e8tes, fabrique une fus\u00e9e \u00e0 eau et gr\u00e2ce \u00e0 ta connaissance des \u00e9toiles, lance-toi dans une course d'orientation nocturne au clair de la lune.<br \/>\nAu sein du plan\u00e9tarium, tu d\u00e9couvriras les l\u00e9gendes du ciel, de Cassiop\u00e9e \u00e0 la Grande Ourse en passant par l'Etoile Polaire.<br \/>\nUn s\u00e9jour ludique et \u00e9ducatif dans un cadre exceptionnel.<\/p>\n<p class=\"p1\"><strong>&gt; Une \u00e9quipe de professionnels \u00e0 votre service<\/strong><br \/>\n<strong>&gt; Aide \u00e0 la constitution du dossier <a href=\"https:\/\/www.caf.fr\/aides-et-services\/s-informer-sur-les-aides\" target=\"_blank\" rel=\"noopener noreferrer\">CAF<\/a><\/strong><br \/>\n<strong>&gt; Activit\u00e9s encadr\u00e9es par des professionnels dipl\u00f4m\u00e9s<\/strong><\/p>\n<h2 class=\"p1\">Pr\u00e9sentation du centre<\/h2>\n<p>Ancienne ferme enti\u00e8rement r\u00e9nov\u00e9e et implant\u00e9e sur un domaine de 240 hectares, le centre est situ\u00e9 \u00e0 30 kms de B\u00e9ziers, \u00e0 la limite du Tarn et de l'Aude.<br \/>\nOn y acc\u00e8de \u00e0 partir de Saint-Chinian en remontant la Vall\u00e9e de Vernazobre. Le centre, dot\u00e9 de l'agr\u00e9ment PMI et UAI, poss\u00e8de 6 salles de classe, 1 salle informatique, 1 salle chemin\u00e9e, 5 unit\u00e9s de couchage avec sanitaire, 1 salle plan\u00e9tarium, 1 observatoire astronomique, des sentiers balis\u00e9s et une piscine.<\/p>\n<h3>P\u00e9riodes de s\u00e9jour 2020 (8-12 ans)<\/h3>\n<p><strong>S\u00e9jour de 8 jours<\/strong><\/p>\n<ul>\n<li class=\"p1\">Du 09 au 16 ao\u00fbt<\/li>\n<li>Du 16 au 23 ao\u00fbt<\/li>\n<li>Du 23 au 30 ao\u00fbt<\/li>\n<\/ul>\n<a href=\"https:\/\/www.pep34vacances.com\/Dossier%20inscription%20colo%20PEP%2034%202020.pdf\" title=\"DOSSIER D'INSCRIPTION\" class=\"btn btn-link btn-normal btn-block \" target=\"_blank\">DOSSIER D'INSCRIPTION<\/a><!-- .btn -->\n<a href=\"https:\/\/www.pep34vacances.com\/catalogue-pep-34-2020.pdf\" title=\"CATALOGUE COLONIES DE VACANCES\" class=\"btn btn-link btn-normal btn-block \" target=\"_blank\">CATALOGUE COLONIES DE VACANCES<\/a><!-- .btn -->\n<p>&nbsp;<\/p>\n<h3 class=\"p1\">Tarif<\/h3>\n<ul>\n<li class=\"p1\">S\u00e9jour \u00e0 partir de 499 \u20ac<\/li>\n<\/ul>\n<p><em>Transport inclus \u00e0 partir de 5 inscriptions - Transport inclus  au d\u00e9part de Montpellier, B\u00e9ziers, Narbonne, Carcassonne, Toulouse et Perpignan<\/em><\/p>\n<p><em> Possibilit\u00e9 de paiement en plusieurs fois<\/em><\/p>\n<h2>Plus d'informations<\/h2>\n<p>Centre Malibert<br \/>\nBabeau-Bouldoux<br \/>\n34360 Saint-Chinian<\/p>\n<a href=\"https:\/\/www.pep34vacances.com\/contact\/\" title=\"CONTACT\" class=\"btn btn-primary btn-normal btn-inline \" target=\"_self\"><i class=\"icon-arrow-right\"><\/i>CONTACT<\/a><!-- .btn -->\n","protected":false},"excerpt":{"rendered":"&nbsp; La t\u00eate dans les \u00e9toiles Regarde le ciel et d\u00e9couvre les secrets de la vo\u00fbte c\u00e9leste, deviens un v\u00e9ritable astronome capable de d\u00e9chiffrer les myst\u00e8res de notre syst\u00e8me solaire. Apprends \u00e0 manipuler une boussole et un t\u00e9lescope, explore les galaxies, observe les com\u00e8tes, fabrique une fus\u00e9e \u00e0 eau et gr\u00e2ce \u00e0 ta connaissance des \u00e9toiles, lance-toi dans une course&nbsp;<a href=\"https:\/\/www.pep34vacances.com\/centre-malibert\/colonies-de-vacances\/astronomie\/\" class=\"read-more\">Lire la suite<\/a>","protected":false},"author":5,"featured_media":0,"parent":38,"menu_order":0,"comment_status":"closed","ping_status":"closed","template":"","meta":{"footnotes":""},"_links":{"self":[{"href":"https:\/\/www.pep34vacances.com\/centre-malibert\/wp-json\/wp\/v2\/pages\/160"}],"collection":[{"href":"https:\/\/www.pep34vacances.com\/centre-malibert\/wp-json\/wp\/v2\/pages"}],"about":[{"href":"https:\/\/www.pep34vacances.com\/centre-malibert\/wp-json\/wp\/v2\/types\/page"}],"author":[{"embeddable":true,"href":"https:\/\/www.pep34vacances.com\/centre-malibert\/wp-json\/wp\/v2\/users\/5"}],"replies":[{"embeddable":true,"href":"https:\/\/www.pep34vacances.com\/centre-malibert\/wp-json\/wp\/v2\/comments?post=160"}],"version-history":[{"count":3,"href":"https:\/\/www.pep34vacances.com\/centre-malibert\/wp-json\/wp\/v2\/pages\/160\/revisions"}],"predecessor-version":[{"id":803,"href":"https:\/\/www.pep34vacances.com\/centre-malibert\/wp-json\/wp\/v2\/pages\/160\/revisions\/803"}],"up":[{"embeddable":true,"href":"https:\/\/www.pep34vacances.com\/centre-malibert\/wp-json\/wp\/v2\/pages\/38"}],"wp:attachment":[{"href":"https:\/\/www.pep34vacances.com\/centre-malibert\/wp-json\/wp\/v2\/media?parent=160"}],"curies":[{"name":"wp","href":"https:\/\/api.w.org\/{rel}","templated":true}]}}