 
 
{"id":163,"date":"2020-01-23T13:12:04","date_gmt":"2020-01-23T12:12:04","guid":{"rendered":"https:\/\/www.pep34vacances.com\/centre-malibert\/?page_id=163"},"modified":"2025-10-22T10:00:54","modified_gmt":"2025-10-22T09:00:54","slug":"davy-crockett","status":"archive","type":"page","link":"https:\/\/www.pep34vacances.com\/centre-malibert\/colonies-de-vacances\/davy-crockett\/","title":{"rendered":"Davy Crockett"},"content":{"rendered":"<h3>\t\r\n\t\t\r\n\t<div id=\"meteor-slideshowdavy-crockett\" class=\"meteor-slides davy-crockett navnone { next: '#meteor-nextdavy-crockett', prev: '#meteor-prevdavy-crockett', pager: '#meteor-buttonsdavy-crockett' }\">\r\n\t\r\n\t\t\t\r\n\t\t\t\t\r\n\t\t\t\r\n\t\t<div class=\"meteor-clip\">\r\n\t\r\n\t\t\t\t\r\n\t\t\t<img decoding=\"async\" style=\"visibility: hidden;\" class=\"meteor-shim\" src=\"https:\/\/www.pep34vacances.com\/centre-malibert\/wp-content\/uploads\/sites\/3\/2016\/01\/pep34-centre-vacances-Malibert-enfants-davy-crockett-2.jpg\" alt=\"\" \/>\r\n\t\t\t<div class=\"mslide mslide-1\">\r\n\t\t\t\t\r\n\t\t\t\t\t\t\t\t\t\r\n\t\t\t\t\t<img loading=\"lazy\" decoding=\"async\" width=\"800\" height=\"389\" src=\"https:\/\/www.pep34vacances.com\/centre-malibert\/wp-content\/uploads\/sites\/3\/2016\/01\/pep34-centre-vacances-Malibert-enfants-davy-crockett-2.jpg\" class=\"attachment-featured-slide size-featured-slide wp-post-image\" alt=\"Colonie de vacances Davy Crockett : nature et biologie.\" title=\"pep34-centre-vacances-Malibert-enfants-davy-crockett-\" srcset=\"https:\/\/www.pep34vacances.com\/centre-malibert\/wp-content\/uploads\/sites\/3\/2016\/01\/pep34-centre-vacances-Malibert-enfants-davy-crockett-2.jpg 800w, https:\/\/www.pep34vacances.com\/centre-malibert\/wp-content\/uploads\/sites\/3\/2016\/01\/pep34-centre-vacances-Malibert-enfants-davy-crockett-2-300x146.jpg 300w, https:\/\/www.pep34vacances.com\/centre-malibert\/wp-content\/uploads\/sites\/3\/2016\/01\/pep34-centre-vacances-Malibert-enfants-davy-crockett-2-250x122.jpg 250w, https:\/\/www.pep34vacances.com\/centre-malibert\/wp-content\/uploads\/sites\/3\/2016\/01\/pep34-centre-vacances-Malibert-enfants-davy-crockett-2-100x50.jpg 100w\" sizes=\"(max-width: 800px) 100vw, 800px\" \/>\t\t\t\t\t\r\n\t\t\t\t\t\t\t\r\n\t\t\t<\/div><!-- .mslide -->\r\n\t\t\t\r\n\t\t\t\t\t\t\r\n\t\t\t\t\r\n\t\t\t\r\n\t\t\t<div class=\"mslide mslide-2\">\r\n\t\t\t\t\r\n\t\t\t\t\t\t\t\t\t\r\n\t\t\t\t\t<img loading=\"lazy\" decoding=\"async\" width=\"800\" height=\"389\" src=\"https:\/\/www.pep34vacances.com\/centre-malibert\/wp-content\/uploads\/sites\/3\/2016\/01\/pep34-centre-vacances-Malibert-enfants-davy-crockett-1.jpg\" class=\"attachment-featured-slide size-featured-slide wp-post-image\" alt=\"Colonie de vacances Davy Crockett : nature et biologie.\" title=\"pep34-centre-vacances-Malibert-enfants-davy-crockett-\" srcset=\"https:\/\/www.pep34vacances.com\/centre-malibert\/wp-content\/uploads\/sites\/3\/2016\/01\/pep34-centre-vacances-Malibert-enfants-davy-crockett-1.jpg 800w, https:\/\/www.pep34vacances.com\/centre-malibert\/wp-content\/uploads\/sites\/3\/2016\/01\/pep34-centre-vacances-Malibert-enfants-davy-crockett-1-300x146.jpg 300w, https:\/\/www.pep34vacances.com\/centre-malibert\/wp-content\/uploads\/sites\/3\/2016\/01\/pep34-centre-vacances-Malibert-enfants-davy-crockett-1-250x122.jpg 250w, https:\/\/www.pep34vacances.com\/centre-malibert\/wp-content\/uploads\/sites\/3\/2016\/01\/pep34-centre-vacances-Malibert-enfants-davy-crockett-1-100x50.jpg 100w\" sizes=\"(max-width: 800px) 100vw, 800px\" \/>\t\t\t\t\t\r\n\t\t\t\t\t\t\t\r\n\t\t\t<\/div><!-- .mslide -->\r\n\t\t\t\r\n\t\t\t\t\t\t\r\n\t\t\t\t\r\n\t\t<\/div><!-- .meteor-clip -->\r\n\t\t\t\t\r\n\t\t\t\t\t\r\n\t<\/div><!-- .meteor-slides -->\r\n\t\r\n\t<\/h3>\n<p>&nbsp;<\/p>\n<h2>En immersion dans la for\u00eat<\/h2>\n<p>Au c\u0153ur de la for\u00eat (\u00e0 100 m du centre), tu vivras comme un v\u00e9ritable homme des bois dans deux chalets avec \u00e9lectricit\u00e9, douche solaire, et WC secs. D\u00e9couvre la vie en pleine nature, cueille ta nourriture gr\u00e2ce au jardin et verger bio, prends soin des animaux, fais la cuisine avec le four solaire ; en arpentant les bois, d\u00e9couvre les traces des animaux sauvages, monte \u00e0 la source du Vernazobre et apprends la valeur de l'eau.<br \/>\nV\u00e9ritable Davy Crockett du 21 \u00e8me si\u00e8cle, tu pourras \u00e9galement profiter pleinement de la piscine, de l'observation et du plan\u00e9tarium.<\/p>\n<p class=\"p1\"><strong>&gt; Une \u00e9quipe de professionnels \u00e0 votre service<\/strong><br \/>\n<strong>&gt; Aide \u00e0 la constitution du dossier <a href=\"https:\/\/www.caf.fr\/aides-et-services\/s-informer-sur-les-aides\" target=\"_blank\" rel=\"noopener noreferrer\">CAF<\/a><\/strong><br \/>\n<strong>&gt; Activit\u00e9s encadr\u00e9es par des professionnels dipl\u00f4m\u00e9s<\/strong><\/p>\n<h2 class=\"p1\">\u00a0Pr\u00e9sentation du centre<\/h2>\n<p class=\"p1\">Ancienne ferme enti\u00e8rement r\u00e9nov\u00e9e et implant\u00e9e sur un domaine de 240 hectares, le centre est situ\u00e9 \u00e0 30 kms de B\u00e9ziers, \u00e0 la limite du Tarn et de l'Aude.<br \/>\nOn y acc\u00e8de \u00e0 partir de Saint-Chinian en remontant la Vall\u00e9e de Vernazobre. Le centre, dot\u00e9 de l'agr\u00e9ment PMI et UAI, poss\u00e8de 6 salles de classe, 1 salle informatique, 1 salle chemin\u00e9e, 5 unit\u00e9s de couchage avec sanitaire, 1 salle plan\u00e9tarium, 1 observatoire astronomique, des sentiers balis\u00e9s et une piscine.<\/p>\n<h3 class=\"p1\">P\u00e9riodes de s\u00e9jours 2020 (9-13 ans)<\/h3>\n<p><strong>S\u00e9jours de 8 jours<\/strong><\/p>\n<ul>\n<li class=\"p1\"><span class=\"fontstyle0\">Du 05 au 12 juillet<\/span><\/li>\n<li class=\"p1\"><span class=\"fontstyle0\">Du 12 au 19 juillet<\/span><\/li>\n<li class=\"p1\"><span class=\"fontstyle0\">Du 19 au 26 juillet<\/span><\/li>\n<li class=\"p1\"><span class=\"fontstyle0\">Du 26 juillet au 02 ao\u00fbt<\/span><\/li>\n<li class=\"p1\"><span class=\"fontstyle0\">Du 02 au 04 ao\u00fbt<\/span><\/li>\n<li class=\"p1\"><span class=\"fontstyle0\">Du 09 au 16 ao\u00fbt<\/span><\/li>\n<\/ul>\n<a href=\"https:\/\/www.pep34vacances.com\/Dossier%20inscription%20colo%20PEP%2034%202020.pdf\" title=\"DOSSIER D'INSCRIPTION\" class=\"btn btn-link btn-normal btn-block \" target=\"_blank\">DOSSIER D'INSCRIPTION<\/a><!-- .btn -->\n<a href=\"https:\/\/www.pep34vacances.com\/catalogue-pep-34-2020.pdf\" title=\"CATALOGUE COLONIES DE VACANCES\" class=\"btn btn-link btn-normal btn-block \" target=\"_blank\">CATALOGUE COLONIES DE VACANCES<\/a><!-- .btn -->\n<p>&nbsp;<\/p>\n<h3>Tarifs<\/h3>\n<ul>\n<li class=\"p1\">S\u00e9jours de 8 jours : \u00e0 partir de 499 \u20ac -<em> Transport inclus  au d\u00e9part de Montpellier, B\u00e9ziers, Narbonne, Carcassonne, Toulouse et Perpignan<\/em><\/li>\n<\/ul>\n<p><em>Transport inclus \u00e0 partir de 5 inscriptions<\/p>\n<p><\/em><em>Possibilit\u00e9 de paiement en plusieurs fois<\/em><\/p>\n<h2>Plus d'informations<\/h2>\n<p>Centre Malibert<br \/>\nBabeau-Bouldoux<br \/>\n34360 Saint-Chinian<\/p>\n<a href=\"https:\/\/www.pep34vacances.com\/contact\/\" title=\"CONTACT\" class=\"btn btn-primary btn-normal btn-inline \" target=\"_self\"><i class=\"icon-arrow-right\"><\/i>CONTACT<\/a><!-- .btn -->\n","protected":false},"excerpt":{"rendered":"&nbsp; En immersion dans la for\u00eat Au c\u0153ur de la for\u00eat (\u00e0 100 m du centre), tu vivras comme un v\u00e9ritable homme des bois dans deux chalets avec \u00e9lectricit\u00e9, douche solaire, et WC secs. D\u00e9couvre la vie en pleine nature, cueille ta nourriture gr\u00e2ce au jardin et verger bio, prends soin des animaux, fais la cuisine avec le four solaire&nbsp;<a href=\"https:\/\/www.pep34vacances.com\/centre-malibert\/colonies-de-vacances\/davy-crockett\/\" class=\"read-more\">Lire la suite<\/a>","protected":false},"author":5,"featured_media":0,"parent":38,"menu_order":0,"comment_status":"closed","ping_status":"closed","template":"","meta":{"footnotes":""},"_links":{"self":[{"href":"https:\/\/www.pep34vacances.com\/centre-malibert\/wp-json\/wp\/v2\/pages\/163"}],"collection":[{"href":"https:\/\/www.pep34vacances.com\/centre-malibert\/wp-json\/wp\/v2\/pages"}],"about":[{"href":"https:\/\/www.pep34vacances.com\/centre-malibert\/wp-json\/wp\/v2\/types\/page"}],"author":[{"embeddable":true,"href":"https:\/\/www.pep34vacances.com\/centre-malibert\/wp-json\/wp\/v2\/users\/5"}],"replies":[{"embeddable":true,"href":"https:\/\/www.pep34vacances.com\/centre-malibert\/wp-json\/wp\/v2\/comments?post=163"}],"version-history":[{"count":3,"href":"https:\/\/www.pep34vacances.com\/centre-malibert\/wp-json\/wp\/v2\/pages\/163\/revisions"}],"predecessor-version":[{"id":796,"href":"https:\/\/www.pep34vacances.com\/centre-malibert\/wp-json\/wp\/v2\/pages\/163\/revisions\/796"}],"up":[{"embeddable":true,"href":"https:\/\/www.pep34vacances.com\/centre-malibert\/wp-json\/wp\/v2\/pages\/38"}],"wp:attachment":[{"href":"https:\/\/www.pep34vacances.com\/centre-malibert\/wp-json\/wp\/v2\/media?parent=163"}],"curies":[{"name":"wp","href":"https:\/\/api.w.org\/{rel}","templated":true}]}}