 
 
{"id":24,"date":"2015-11-24T16:45:37","date_gmt":"2015-11-24T15:45:37","guid":{"rendered":"https:\/\/www.pep34vacances.com\/centre-malibert\/?page_id=24"},"modified":"2024-03-08T11:49:47","modified_gmt":"2024-03-08T10:49:47","slug":"astronomie","status":"publish","type":"page","link":"https:\/\/www.pep34vacances.com\/centre-malibert\/activites\/astronomie\/","title":{"rendered":"Constellations, \u00e9toiles &#038; plan\u00e8tes"},"content":{"rendered":"<div id=\"lipsum\">\n\t\r\n\t\t\r\n\t<div id=\"meteor-slideshowactivite-astronomie\" class=\"meteor-slides activite-astronomie navnone { next: '#meteor-nextactivite-astronomie', prev: '#meteor-prevactivite-astronomie', pager: '#meteor-buttonsactivite-astronomie' }\">\r\n\t\r\n\t\t\t\r\n\t\t\t\t\r\n\t\t\t\r\n\t\t<div class=\"meteor-clip\">\r\n\t\r\n\t\t\t\t\r\n\t\t\t<img decoding=\"async\" style=\"visibility: hidden;\" class=\"meteor-shim\" src=\"https:\/\/www.pep34vacances.com\/centre-malibert\/wp-content\/uploads\/sites\/3\/2016\/01\/pep34-centre-vacances-Malibert-enfants-jeux-telescope-3.jpg\" alt=\"\" \/>\r\n\t\t\t<div class=\"mslide mslide-1\">\r\n\t\t\t\t\r\n\t\t\t\t\t\t\t\t\t\r\n\t\t\t\t\t<img loading=\"lazy\" decoding=\"async\" width=\"800\" height=\"389\" src=\"https:\/\/www.pep34vacances.com\/centre-malibert\/wp-content\/uploads\/sites\/3\/2016\/01\/pep34-centre-vacances-Malibert-enfants-jeux-telescope-3.jpg\" class=\"attachment-featured-slide size-featured-slide wp-post-image\" alt=\"Astronomie en colonie de vacances \u00e0 Malibert (H\u00e9rault).\" title=\"pep34-centre-vacances-Malibert-enfants-jeux-telescope-\" srcset=\"https:\/\/www.pep34vacances.com\/centre-malibert\/wp-content\/uploads\/sites\/3\/2016\/01\/pep34-centre-vacances-Malibert-enfants-jeux-telescope-3.jpg 800w, https:\/\/www.pep34vacances.com\/centre-malibert\/wp-content\/uploads\/sites\/3\/2016\/01\/pep34-centre-vacances-Malibert-enfants-jeux-telescope-3-300x146.jpg 300w, https:\/\/www.pep34vacances.com\/centre-malibert\/wp-content\/uploads\/sites\/3\/2016\/01\/pep34-centre-vacances-Malibert-enfants-jeux-telescope-3-250x122.jpg 250w, https:\/\/www.pep34vacances.com\/centre-malibert\/wp-content\/uploads\/sites\/3\/2016\/01\/pep34-centre-vacances-Malibert-enfants-jeux-telescope-3-100x50.jpg 100w\" sizes=\"(max-width: 800px) 100vw, 800px\" \/>\t\t\t\t\t\r\n\t\t\t\t\t\t\t\r\n\t\t\t<\/div><!-- .mslide -->\r\n\t\t\t\r\n\t\t\t\t\t\t\r\n\t\t\t\t\r\n\t\t\t\r\n\t\t\t<div class=\"mslide mslide-2\">\r\n\t\t\t\t\r\n\t\t\t\t\t\t\t\t\t\r\n\t\t\t\t\t<img loading=\"lazy\" decoding=\"async\" width=\"800\" height=\"389\" src=\"https:\/\/www.pep34vacances.com\/centre-malibert\/wp-content\/uploads\/sites\/3\/2016\/01\/pep34-centre-vacances-Malibert-enfants-jeux-telescope-2.jpg\" class=\"attachment-featured-slide size-featured-slide wp-post-image\" alt=\"Astronomie en colonie de vacances \u00e0 Malibert (H\u00e9rault).\" title=\"pep34-centre-vacances-Malibert-enfants-jeux-telescope-\" srcset=\"https:\/\/www.pep34vacances.com\/centre-malibert\/wp-content\/uploads\/sites\/3\/2016\/01\/pep34-centre-vacances-Malibert-enfants-jeux-telescope-2.jpg 800w, https:\/\/www.pep34vacances.com\/centre-malibert\/wp-content\/uploads\/sites\/3\/2016\/01\/pep34-centre-vacances-Malibert-enfants-jeux-telescope-2-300x146.jpg 300w, https:\/\/www.pep34vacances.com\/centre-malibert\/wp-content\/uploads\/sites\/3\/2016\/01\/pep34-centre-vacances-Malibert-enfants-jeux-telescope-2-250x122.jpg 250w, https:\/\/www.pep34vacances.com\/centre-malibert\/wp-content\/uploads\/sites\/3\/2016\/01\/pep34-centre-vacances-Malibert-enfants-jeux-telescope-2-100x50.jpg 100w\" sizes=\"(max-width: 800px) 100vw, 800px\" \/>\t\t\t\t\t\r\n\t\t\t\t\t\t\t\r\n\t\t\t<\/div><!-- .mslide -->\r\n\t\t\t\r\n\t\t\t\t\t\t\r\n\t\t\t\t\r\n\t\t\t\r\n\t\t\t<div class=\"mslide mslide-3\">\r\n\t\t\t\t\r\n\t\t\t\t\t\t\t\t\t\r\n\t\t\t\t\t<img loading=\"lazy\" decoding=\"async\" width=\"800\" height=\"389\" src=\"https:\/\/www.pep34vacances.com\/centre-malibert\/wp-content\/uploads\/sites\/3\/2016\/01\/pep34-centre-vacances-Malibert-enfants-jeux-telescope-1.jpg\" class=\"attachment-featured-slide size-featured-slide wp-post-image\" alt=\"Astronomie en colonie de vacances \u00e0 Malibert (H\u00e9rault).\" title=\"pep34-centre-vacances-Malibert-enfants-jeux-telescope-\" srcset=\"https:\/\/www.pep34vacances.com\/centre-malibert\/wp-content\/uploads\/sites\/3\/2016\/01\/pep34-centre-vacances-Malibert-enfants-jeux-telescope-1.jpg 800w, https:\/\/www.pep34vacances.com\/centre-malibert\/wp-content\/uploads\/sites\/3\/2016\/01\/pep34-centre-vacances-Malibert-enfants-jeux-telescope-1-300x146.jpg 300w, https:\/\/www.pep34vacances.com\/centre-malibert\/wp-content\/uploads\/sites\/3\/2016\/01\/pep34-centre-vacances-Malibert-enfants-jeux-telescope-1-250x122.jpg 250w, https:\/\/www.pep34vacances.com\/centre-malibert\/wp-content\/uploads\/sites\/3\/2016\/01\/pep34-centre-vacances-Malibert-enfants-jeux-telescope-1-100x50.jpg 100w\" sizes=\"(max-width: 800px) 100vw, 800px\" \/>\t\t\t\t\t\r\n\t\t\t\t\t\t\t\r\n\t\t\t<\/div><!-- .mslide -->\r\n\t\t\t\r\n\t\t\t\t\t\t\r\n\t\t\t\t\r\n\t\t<\/div><!-- .meteor-clip -->\r\n\t\t\t\t\r\n\t\t\t\t\t\r\n\t<\/div><!-- .meteor-slides -->\r\n\t\r\n\t\n<p>&nbsp;<\/p>\n<p>D\u00e9tenteur de l\u2019agr\u00e9ment d\u00e9cern\u00e9 par l\u2019Union Astronomique Internationale, le centre de Malibert se situe\u00a0dans un cadre id\u00e9al pour l\u2019observation des \u00e9toiles et des plan\u00e8tes.<\/p>\n<ul>\n<li>Regarder le ciel et d\u00e9couvrir les secrets de la vo\u00fbte c\u00e9leste pour devenir un vrai astronome capable de d\u00e9chiffrer les myst\u00e8res de notre syst\u00e8me solaire.<\/li>\n<li>Apprendre \u00e0 manipuler une boussole et un t\u00e9lescope et fabriquer une fus\u00e9e \u00e0 eau, tout \u00e7a \u00e0 seulement quelques pas de l\u2019\u00e9tablissement PEP 34.<\/li>\n<\/ul>\n<p>&nbsp;<\/p>\n<h2>Atelier n\u00b01<\/h2>\n<ul>\n<li>Apporter aux enfants des notions sur le syst\u00e8me solaire<\/li>\n<li>Parcours du syst\u00e8me solaire sur le chemin du petit plateau (plan\u00e8tes, temp\u00e9rature, kilom\u00e8tres\u2026)<\/li>\n<li>Visite et explication d\u2019une coupole d\u2019observation<\/li>\n<li>\u00a0observation en soir\u00e9e<\/li>\n<\/ul>\n<p>Heure : 14h00 \u00e0 16h30<\/p>\n<p>&nbsp;<\/p>\n<h2>Atelier n\u00b02<\/h2>\n<ul>\n<li>Apporter aux enfants des notions sur l\u2019orientation<\/li>\n<li>Explication du fonctionnement d'une boussole (points cardinaux, azimut)<\/li>\n<li>Jeu d\u2019orientation avec la boussole<\/li>\n<li>Visite et explication d\u2019une coupole d\u2019observation<\/li>\n<li>Observation en soir\u00e9e<\/li>\n<\/ul>\n<p>Heure : 14h00 \u00e0 16h30<\/p>\n<p>&nbsp;<\/p>\n<h2>Atelier n\u00b03<\/h2>\n<ul>\n<li>Manipulation de t\u00e9lescopes (diff\u00e9rentes parties d\u2019un t\u00e9lescope, orientation et savoir pointer un objet)<\/li>\n<li>Visite et explication d\u2019une coupole d\u2019observation<\/li>\n<li>Observation en soir\u00e9e<\/li>\n<\/ul>\n<p>Heure : 14h00 \u00e0 16h30<\/p>\n<p>&nbsp;<\/p>\n<h2>Mat\u00e9riel<\/h2>\n<ul>\n<li>3 t\u00e9lescopes manuels et 2 t\u00e9lescopes automatiques pour la manipulation<\/li>\n<li>1 t\u00e9lescope automatique (LX 90 a fonction goto) pour l\u2019observation<\/li>\n<li>1 coupole d\u2019observation et un plan\u00e9tarium<\/li>\n<li>1 PST Coronado pour l\u2019observation des protub\u00e9rances du soleil<\/li>\n<li>10 boussoles<\/li>\n<\/ul>\n<\/div>\n","protected":false},"excerpt":{"rendered":"&nbsp; D\u00e9tenteur de l\u2019agr\u00e9ment d\u00e9cern\u00e9 par l\u2019Union Astronomique Internationale, le centre de Malibert se situe\u00a0dans un cadre id\u00e9al pour l\u2019observation des \u00e9toiles et des plan\u00e8tes. Regarder le ciel et d\u00e9couvrir les secrets de la vo\u00fbte c\u00e9leste pour devenir un vrai astronome capable de d\u00e9chiffrer les myst\u00e8res de notre syst\u00e8me solaire. Apprendre \u00e0 manipuler une boussole et un t\u00e9lescope et fabriquer&nbsp;<a href=\"https:\/\/www.pep34vacances.com\/centre-malibert\/activites\/astronomie\/\" class=\"read-more\">Lire la suite<\/a>","protected":false},"author":1,"featured_media":0,"parent":22,"menu_order":0,"comment_status":"closed","ping_status":"closed","template":"","meta":{"footnotes":""},"_links":{"self":[{"href":"https:\/\/www.pep34vacances.com\/centre-malibert\/wp-json\/wp\/v2\/pages\/24"}],"collection":[{"href":"https:\/\/www.pep34vacances.com\/centre-malibert\/wp-json\/wp\/v2\/pages"}],"about":[{"href":"https:\/\/www.pep34vacances.com\/centre-malibert\/wp-json\/wp\/v2\/types\/page"}],"author":[{"embeddable":true,"href":"https:\/\/www.pep34vacances.com\/centre-malibert\/wp-json\/wp\/v2\/users\/1"}],"replies":[{"embeddable":true,"href":"https:\/\/www.pep34vacances.com\/centre-malibert\/wp-json\/wp\/v2\/comments?post=24"}],"version-history":[{"count":2,"href":"https:\/\/www.pep34vacances.com\/centre-malibert\/wp-json\/wp\/v2\/pages\/24\/revisions"}],"predecessor-version":[{"id":810,"href":"https:\/\/www.pep34vacances.com\/centre-malibert\/wp-json\/wp\/v2\/pages\/24\/revisions\/810"}],"up":[{"embeddable":true,"href":"https:\/\/www.pep34vacances.com\/centre-malibert\/wp-json\/wp\/v2\/pages\/22"}],"wp:attachment":[{"href":"https:\/\/www.pep34vacances.com\/centre-malibert\/wp-json\/wp\/v2\/media?parent=24"}],"curies":[{"name":"wp","href":"https:\/\/api.w.org\/{rel}","templated":true}]}}