 
 
{"id":40,"date":"2020-01-23T13:53:39","date_gmt":"2020-01-23T12:53:39","guid":{"rendered":"https:\/\/www.pep34vacances.com\/centre-malibert\/?page_id=40"},"modified":"2026-02-25T14:11:23","modified_gmt":"2026-02-25T13:11:23","slug":"eco-aventurier","status":"publish","type":"page","link":"https:\/\/www.pep34vacances.com\/centre-malibert\/colonies-de-vacances\/eco-aventurier\/","title":{"rendered":"\u00c9co Aventurier"},"content":{"rendered":"<p class=\"p1\"><a href=\"https:\/\/www.pep34vacances.com\/centre-malibert\/wp-content\/uploads\/sites\/3\/2026\/02\/capture-affiche-colo-2026-eco-.png\"><img loading=\"lazy\" decoding=\"async\" class=\"alignnone size-full wp-image-907\" src=\"https:\/\/www.pep34vacances.com\/centre-malibert\/wp-content\/uploads\/sites\/3\/2026\/02\/capture-affiche-colo-2026-eco-.png\" alt=\"\" width=\"486\" height=\"845\" srcset=\"https:\/\/www.pep34vacances.com\/centre-malibert\/wp-content\/uploads\/sites\/3\/2026\/02\/capture-affiche-colo-2026-eco-.png 486w, https:\/\/www.pep34vacances.com\/centre-malibert\/wp-content\/uploads\/sites\/3\/2026\/02\/capture-affiche-colo-2026-eco--173x300.png 173w, https:\/\/www.pep34vacances.com\/centre-malibert\/wp-content\/uploads\/sites\/3\/2026\/02\/capture-affiche-colo-2026-eco--250x435.png 250w\" sizes=\"(max-width: 486px) 100vw, 486px\" \/><\/a><\/p>\n<h2>Un s\u00e9jour 100% nature !<\/h2>\n<p>&nbsp;<\/p>\n<p><span class=\"fontstyle0\">Promesse d\u2019une aventure hors du commun, le s\u00e9jour \u00e9co-aventurier\u00a0 se d\u00e9roule dans le cadre exceptionnel qu\u2019est la vall\u00e9e du Vernazobre, territoire d\u2019une nature riche et prot\u00e9g\u00e9e. Avec une certaine autonomie durant le s\u00e9jour, tu d\u00e9couvriras tous les secrets de l\u2019environnement qui t\u2019entoure en participant \u00e0 la vie de la mini-ferme de Malibert.\u00a0<\/span><\/p>\n<p><span class=\"fontstyle0\">Nous t\u2019apprendrons \u00e0 soigner et nourrir les animaux de la ferme (ch\u00e8vres, moutons, poneys, lapins, poules...) et \u00e0 ma\u00eetriser tous les gestes du parfait \u00e9co-aventurier. Mais aussi, tu pourras partir \u00e0 la d\u00e9couverte des insectes de la mare que tu pourras p\u00eacher \u00e0 l\u2019\u00e9puisette et nous t\u2019emm\u00e8nerons faire de nombreuses balades : la source du Vernazobre, le point de vue avec vision de la vall\u00e9e jusqu\u2019\u00e0 la mer, le chemin des plan\u00e8tes....<\/span><\/p>\n<p><span class=\"fontstyle0\">Encore plus d\u2019aventures : astronomie, plan\u00e9tarium, piscine, aire de jeux, ateliers manuels, ateliers artistiques ...<\/span><\/p>\n<p>&nbsp;<\/p>\n<p>Rejoignez nous pour des vacances o\u00f9 des sourires et souvenirs se conjuguent avec la nature.<\/p>\n<p><strong>&gt; Une \u00e9quipe de professionnels \u00e0 votre service<\/strong><br \/>\n<strong> &gt; Aide \u00e0 la constitution du dossier <a href=\"https:\/\/www.caf.fr\/\" target=\"_blank\" rel=\"noopener noreferrer\">CAF<\/a><\/strong><br \/>\n<strong> &gt; Activit\u00e9s encadr\u00e9es par des professionnels dipl\u00f4m\u00e9s<\/strong><\/p>\n<h2>Pr\u00e9sentation du centre<\/h2>\n<p>Ancienne ferme enti\u00e8rement r\u00e9nov\u00e9e et implant\u00e9e sur un domaine de 240 hectares, le centre est situ\u00e9 \u00e0 30 kms de B\u00e9ziers, \u00e0 la limite du Tarn et de l'Aude.<br \/>\nOn y acc\u00e8de \u00e0 partir de Saint-Chinian en remontant la Vall\u00e9e de Vernazobre. Le centre, dot\u00e9 de l'agr\u00e9ment PMI et UAI, poss\u00e8de 6 salles de classe, 1 salle chemin\u00e9e, 5 unit\u00e9s de couchage avec sanitaire, 1 salle plan\u00e9tarium, 1 observatoire astronomique, des sentiers balis\u00e9s et une piscine.<\/p>\n<h3>P\u00e9riodes de s\u00e9jours 2026 (6-12 ans)<\/h3>\n<p><strong>S\u00e9jours de 8 jours<\/strong><\/p>\n<ul>\n<li class=\"p1\"><span class=\"fontstyle0\">Du 12 au 19 juillet<\/span><\/li>\n<li class=\"p1\"><span class=\"fontstyle0\">Du 19 au 26 juillet<\/span><\/li>\n<li class=\"p1\"><span class=\"fontstyle0\">Du 26 juillet au 02 ao\u00fbt<\/span><\/li>\n<li class=\"p1\"><span class=\"fontstyle0\">Du 02 au 09 ao\u00fbt<\/span><\/li>\n<li class=\"p1\"><span class=\"fontstyle0\">Du 09 au 16 ao\u00fbt<\/span><\/li>\n<\/ul>\n<p><strong>S\u00e9jours de 15 jours<\/strong><\/p>\n<p>En fonction des d\u00e9parts et des arriv\u00e9es sur les s\u00e9jours de 8 jours<\/p>\n<h3><strong>Tarifs 2026<\/strong><\/h3>\n<ul>\n<li>S\u00e9jours de 8 jours : \u00e0 partir de 580 \u20ac -\u00a0 hors transport (<em>Transport\u00a0 au d\u00e9part de Montpellier ou B\u00e9ziers)<\/em><\/li>\n<\/ul>\n<p><em> Possibilit\u00e9 de paiement en plusieurs fois<\/em><\/p>\n<h2>Plus d'informations<\/h2>\n<p>Centre Malibert<br \/>\nBabeau-Bouldoux<br \/>\n34360 Saint-Chinian<\/p>\n<p>INSCRIPTIONS :<\/p>\n<p>vacances@adpep34.org<\/p>\n<p>04 67 38 04 61<\/p>\n<a href=\"https:\/\/www.pep34vacances.com\/contact\/\" title=\"CONTACT\" class=\"btn btn-primary btn-normal btn-inline \" target=\"_self\"><i class=\"icon-arrow-right\"><\/i>CONTACT<\/a><!-- .btn -->\n","protected":false},"excerpt":{"rendered":"Un s\u00e9jour 100% nature ! &nbsp; Promesse d\u2019une aventure hors du commun, le s\u00e9jour \u00e9co-aventurier\u00a0 se d\u00e9roule dans le cadre exceptionnel qu\u2019est la vall\u00e9e du Vernazobre, territoire d\u2019une nature riche et prot\u00e9g\u00e9e. Avec une certaine autonomie durant le s\u00e9jour, tu d\u00e9couvriras tous les secrets de l\u2019environnement qui t\u2019entoure en participant \u00e0 la vie de la mini-ferme de Malibert.\u00a0 Nous t\u2019apprendrons&nbsp;<a href=\"https:\/\/www.pep34vacances.com\/centre-malibert\/colonies-de-vacances\/eco-aventurier\/\" class=\"read-more\">Lire la suite<\/a>","protected":false},"author":1,"featured_media":0,"parent":38,"menu_order":0,"comment_status":"closed","ping_status":"closed","template":"","meta":{"footnotes":""},"_links":{"self":[{"href":"https:\/\/www.pep34vacances.com\/centre-malibert\/wp-json\/wp\/v2\/pages\/40"}],"collection":[{"href":"https:\/\/www.pep34vacances.com\/centre-malibert\/wp-json\/wp\/v2\/pages"}],"about":[{"href":"https:\/\/www.pep34vacances.com\/centre-malibert\/wp-json\/wp\/v2\/types\/page"}],"author":[{"embeddable":true,"href":"https:\/\/www.pep34vacances.com\/centre-malibert\/wp-json\/wp\/v2\/users\/1"}],"replies":[{"embeddable":true,"href":"https:\/\/www.pep34vacances.com\/centre-malibert\/wp-json\/wp\/v2\/comments?post=40"}],"version-history":[{"count":20,"href":"https:\/\/www.pep34vacances.com\/centre-malibert\/wp-json\/wp\/v2\/pages\/40\/revisions"}],"predecessor-version":[{"id":923,"href":"https:\/\/www.pep34vacances.com\/centre-malibert\/wp-json\/wp\/v2\/pages\/40\/revisions\/923"}],"up":[{"embeddable":true,"href":"https:\/\/www.pep34vacances.com\/centre-malibert\/wp-json\/wp\/v2\/pages\/38"}],"wp:attachment":[{"href":"https:\/\/www.pep34vacances.com\/centre-malibert\/wp-json\/wp\/v2\/media?parent=40"}],"curies":[{"name":"wp","href":"https:\/\/api.w.org\/{rel}","templated":true}]}}