 
 
{"id":5,"date":"2015-11-24T16:34:37","date_gmt":"2015-11-24T15:34:37","guid":{"rendered":"https:\/\/www.pep34vacances.com\/centre-malibert\/?page_id=5"},"modified":"2019-03-05T15:24:58","modified_gmt":"2019-03-05T14:24:58","slug":"accueil","status":"publish","type":"page","link":"https:\/\/www.pep34vacances.com\/centre-malibert\/","title":{"rendered":"Accueil"},"content":{"rendered":"<div class=\"row \">\n<div class=\"span3 \"><section class=\"lazy-load-box trigger effect-slidetop \" data-delay=\"0\" data-speed=\"600\" style=\"-webkit-transition: all 600ms ease; -moz-transition: all 600ms ease; -ms-transition: all 600ms ease; -o-transition: all 600ms ease; transition: all 600ms ease;\">\n<div class=\"banner-wrap banner-home\"><h5>Activit\u00e9<br \/>\njardin et p\u00eache<\/h5><figure class=\"featured-thumbnail\"><a href=\"https:\/\/www.pep34vacances.com\/centre-malibert\/les-activites\/jardin-et-peche\/\" title=\"Activit\u00e9<br \/>\njardin et p\u00eache\"><img decoding=\"async\" src=\"https:\/\/www.pep34vacances.com\/centre-malibert\/wp-content\/uploads\/sites\/3\/2016\/01\/pep34-centre-malibert-colonie-vacances-colonie-enfants-ados-activites-potagers.jpg\" title=\"Activit\u00e9<br \/>\njardin et p\u00eache\" alt=\"\" \/><\/a><\/figure><p>L\u2019atelier jardin permet aux enfants d\u2019apprendre \u00e0 jardiner tout en s\u2019amusant. L\u2019activit\u00e9 autour de la p\u00eache leur permet de d\u00e9couvrir et pratiquer la vie en milieu humide.<\/p><div class=\"link-align\"><a href=\"https:\/\/www.pep34vacances.com\/centre-malibert\/les-activites\/jardin-et-peche\/\" title=\"En savoir plus\" class=\"btn btn-link\" target=\"_self\">En savoir plus<\/a><\/div><\/div><!-- .banner-wrap (end) -->\n<\/section><\/div>\n<div class=\"span3 \"><section class=\"lazy-load-box trigger effect-slidetop \" data-delay=\"200\" data-speed=\"600\" style=\"-webkit-transition: all 600ms ease; -moz-transition: all 600ms ease; -ms-transition: all 600ms ease; -o-transition: all 600ms ease; transition: all 600ms ease;\">\n<div class=\"banner-wrap banner-home\"><h5>Activit\u00e9<br \/>\nastronomie<\/h5><figure class=\"featured-thumbnail\"><a href=\"https:\/\/www.pep34vacances.com\/centre-malibert\/les-activites\/astronomie\/\" title=\"Activit\u00e9<br \/>\nastronomie\"><img decoding=\"async\" src=\"https:\/\/www.pep34vacances.com\/centre-malibert\/wp-content\/uploads\/sites\/3\/2016\/01\/pep34-centre-malibert-colonie-vacances-colonie-enfants-ados-activites-telescope-astronomie1.jpg\" title=\"Activit\u00e9<br \/>\nastronomie\" alt=\"\" \/><\/a><\/figure><p>Plusieurs ateliers sont propos\u00e9s aux enfants afin de leur enseigner des notions sur le syst\u00e8me solaire, sur l\u2019orientation, sur la manipulation de t\u00e9lescope\u2026  <\/p><div class=\"link-align\"><a href=\"https:\/\/www.pep34vacances.com\/centre-malibert\/les-activites\/astronomie\/\" title=\"En savoir plus\" class=\"btn btn-link\" target=\"_self\">En savoir plus<\/a><\/div><\/div><!-- .banner-wrap (end) -->\n<\/section><\/div>\n<div class=\"span3 \"><section class=\"lazy-load-box trigger effect-slidetop \" data-delay=\"400\" data-speed=\"600\" style=\"-webkit-transition: all 600ms ease; -moz-transition: all 600ms ease; -ms-transition: all 600ms ease; -o-transition: all 600ms ease; transition: all 600ms ease;\">\n<div class=\"banner-wrap banner-home\"><h5>Activit\u00e9<br \/>\nLes balades<\/h5><figure class=\"featured-thumbnail\"><a href=\"https:\/\/www.pep34vacances.com\/centre-malibert\/les-activites\/balades\/\" title=\"Activit\u00e9<br \/>\nLes balades\"><img decoding=\"async\" src=\"https:\/\/www.pep34vacances.com\/centre-malibert\/wp-content\/uploads\/sites\/3\/2016\/01\/pep34-centre-malibert-colonie-vacances-colonie-enfants-ados-activites-balade-pedestre-cabanes.jpg\" title=\"Activit\u00e9<br \/>\nLes balades\" alt=\"\" \/><\/a><\/figure><p>Lors des balades p\u00e9destres en pleine nature, diff\u00e9rentes activit\u00e9s sont propos\u00e9es comme la fabrication de cabanes et l'atelier autour des jouets en bois.<\/p><div class=\"link-align\"><a href=\"https:\/\/www.pep34vacances.com\/centre-malibert\/les-activites\/balades\/\" title=\"En savoir plus\" class=\"btn btn-link\" target=\"_self\">En savoir plus<\/a><\/div><\/div><!-- .banner-wrap (end) -->\n<\/section><\/div>\n<div class=\"span3 \"><section class=\"lazy-load-box trigger effect-slidetop \" data-delay=\"600\" data-speed=\"600\" style=\"-webkit-transition: all 600ms ease; -moz-transition: all 600ms ease; -ms-transition: all 600ms ease; -o-transition: all 600ms ease; transition: all 600ms ease;\">\n<div class=\"banner-wrap banner-home\"><h5>Activit\u00e9<br \/>\nmini-ferme<\/h5><figure class=\"featured-thumbnail\"><a href=\"https:\/\/www.pep34vacances.com\/centre-malibert\/les-activites\/mini-ferme\/\" title=\"Activit\u00e9<br \/>\nmini-ferme\"><img decoding=\"async\" src=\"https:\/\/www.pep34vacances.com\/centre-malibert\/wp-content\/uploads\/sites\/3\/2016\/01\/pep34-centre-vacances-Malibert-enfants-ados-colonie-sejours-activites-visite-ferme-animaux.jpg\" title=\"Activit\u00e9<br \/>\nmini-ferme\" alt=\"\" \/><\/a><\/figure><p>Cette activit\u00e9 permet d'approcher et de s'occuper de plus de 14 esp\u00e8ces animales tout en d\u00e9couvrant le travail de la ferme : nourrir les oies et les poules, jouer avec les tortues\u2026<\/p><div class=\"link-align\"><a href=\"https:\/\/www.pep34vacances.com\/centre-malibert\/les-activites\/mini-ferme\/\" title=\"En savoir plus\" class=\"btn btn-link\" target=\"_self\">En savoir plus<\/a><\/div><\/div><!-- .banner-wrap (end) -->\n<\/section><\/div>\n<\/div><!-- .row (end) -->\n","protected":false},"excerpt":{"rendered":"","protected":false},"author":1,"featured_media":0,"parent":0,"menu_order":0,"comment_status":"closed","ping_status":"closed","template":"page-home.php","meta":{"footnotes":""},"_links":{"self":[{"href":"https:\/\/www.pep34vacances.com\/centre-malibert\/wp-json\/wp\/v2\/pages\/5"}],"collection":[{"href":"https:\/\/www.pep34vacances.com\/centre-malibert\/wp-json\/wp\/v2\/pages"}],"about":[{"href":"https:\/\/www.pep34vacances.com\/centre-malibert\/wp-json\/wp\/v2\/types\/page"}],"author":[{"embeddable":true,"href":"https:\/\/www.pep34vacances.com\/centre-malibert\/wp-json\/wp\/v2\/users\/1"}],"replies":[{"embeddable":true,"href":"https:\/\/www.pep34vacances.com\/centre-malibert\/wp-json\/wp\/v2\/comments?post=5"}],"version-history":[{"count":1,"href":"https:\/\/www.pep34vacances.com\/centre-malibert\/wp-json\/wp\/v2\/pages\/5\/revisions"}],"predecessor-version":[{"id":753,"href":"https:\/\/www.pep34vacances.com\/centre-malibert\/wp-json\/wp\/v2\/pages\/5\/revisions\/753"}],"wp:attachment":[{"href":"https:\/\/www.pep34vacances.com\/centre-malibert\/wp-json\/wp\/v2\/media?parent=5"}],"curies":[{"name":"wp","href":"https:\/\/api.w.org\/{rel}","templated":true}]}}