 
 
{"id":133,"date":"2020-01-05T09:26:31","date_gmt":"2020-01-05T08:26:31","guid":{"rendered":"https:\/\/www.pep34vacances.com\/centre-palavas\/?page_id=133"},"modified":"2026-02-17T13:31:54","modified_gmt":"2026-02-17T12:31:54","slug":"etablissement","status":"publish","type":"page","link":"https:\/\/www.pep34vacances.com\/centre-palavas\/presentation\/etablissement\/","title":{"rendered":"L&#8217;\u00e9tablissement"},"content":{"rendered":"\t\r\n\t\t\r\n\t<div id=\"meteor-slideshowetablissement\" class=\"meteor-slides etablissement navnone { next: '#meteor-nextetablissement', prev: '#meteor-prevetablissement', pager: '#meteor-buttonsetablissement' }\">\r\n\t\r\n\t\t\t\r\n\t\t\t\t\r\n\t\t\t\r\n\t\t<div class=\"meteor-clip\">\r\n\t\r\n\t\t\t\t\r\n\t\t\t<img decoding=\"async\" style=\"visibility: hidden;\" class=\"meteor-shim\" src=\"https:\/\/www.pep34vacances.com\/centre-palavas\/wp-content\/uploads\/sites\/2\/2016\/03\/pep34-centre-palavas-enfants-ados.jpg\" alt=\"\" \/>\r\n\t\t\t<div class=\"mslide mslide-1\">\r\n\t\t\t\t\r\n\t\t\t\t\t\t\t\t\t\r\n\t\t\t\t\t<img loading=\"lazy\" decoding=\"async\" width=\"800\" height=\"389\" src=\"https:\/\/www.pep34vacances.com\/centre-palavas\/wp-content\/uploads\/sites\/2\/2016\/03\/pep34-centre-palavas-enfants-ados.jpg\" class=\"attachment-featured-slide size-featured-slide wp-post-image\" alt=\"Les colonies de vacances PEP 34 au centre de Palavas-les-Flots.\" title=\"pep34-centre-palavas-enfants-ados\" srcset=\"https:\/\/www.pep34vacances.com\/centre-palavas\/wp-content\/uploads\/sites\/2\/2016\/03\/pep34-centre-palavas-enfants-ados.jpg 800w, https:\/\/www.pep34vacances.com\/centre-palavas\/wp-content\/uploads\/sites\/2\/2016\/03\/pep34-centre-palavas-enfants-ados-300x146.jpg 300w, https:\/\/www.pep34vacances.com\/centre-palavas\/wp-content\/uploads\/sites\/2\/2016\/03\/pep34-centre-palavas-enfants-ados-250x122.jpg 250w, https:\/\/www.pep34vacances.com\/centre-palavas\/wp-content\/uploads\/sites\/2\/2016\/03\/pep34-centre-palavas-enfants-ados-100x50.jpg 100w\" sizes=\"(max-width: 800px) 100vw, 800px\" \/>\t\t\t\t\t\r\n\t\t\t\t\t\t\t\r\n\t\t\t<\/div><!-- .mslide -->\r\n\t\t\t\r\n\t\t\t\t\t\t\r\n\t\t\t\t\r\n\t\t\t\r\n\t\t\t<div class=\"mslide mslide-2\">\r\n\t\t\t\t\r\n\t\t\t\t\t\t\t\t\t\r\n\t\t\t\t\t<img loading=\"lazy\" decoding=\"async\" width=\"800\" height=\"389\" src=\"https:\/\/www.pep34vacances.com\/centre-palavas\/wp-content\/uploads\/sites\/2\/2016\/03\/pep34-chambre-centre-palavas-vacances.jpg\" class=\"attachment-featured-slide size-featured-slide wp-post-image\" alt=\"Une chambre au centre Le Grain de SEL PEP 34 de Palavas-les-Flots (H\u00e9rault).\" title=\"pep34-chambre-centre-palavas-vacances\" srcset=\"https:\/\/www.pep34vacances.com\/centre-palavas\/wp-content\/uploads\/sites\/2\/2016\/03\/pep34-chambre-centre-palavas-vacances.jpg 800w, https:\/\/www.pep34vacances.com\/centre-palavas\/wp-content\/uploads\/sites\/2\/2016\/03\/pep34-chambre-centre-palavas-vacances-300x146.jpg 300w, https:\/\/www.pep34vacances.com\/centre-palavas\/wp-content\/uploads\/sites\/2\/2016\/03\/pep34-chambre-centre-palavas-vacances-250x122.jpg 250w, https:\/\/www.pep34vacances.com\/centre-palavas\/wp-content\/uploads\/sites\/2\/2016\/03\/pep34-chambre-centre-palavas-vacances-100x50.jpg 100w\" sizes=\"(max-width: 800px) 100vw, 800px\" \/>\t\t\t\t\t\r\n\t\t\t\t\t\t\t\r\n\t\t\t<\/div><!-- .mslide -->\r\n\t\t\t\r\n\t\t\t\t\t\t\r\n\t\t\t\t\r\n\t\t\t\r\n\t\t\t<div class=\"mslide mslide-3\">\r\n\t\t\t\t\r\n\t\t\t\t\t\t\t\t\t\r\n\t\t\t\t\t<img loading=\"lazy\" decoding=\"async\" width=\"800\" height=\"389\" src=\"https:\/\/www.pep34vacances.com\/centre-palavas\/wp-content\/uploads\/sites\/2\/2016\/03\/pep34-centre-palavas-colos-classes.jpg\" class=\"attachment-featured-slide size-featured-slide wp-post-image\" alt=\"Le centre Le Grain de SEL PEP 34 de Palavas-les-Flots (H\u00e9rault).\" title=\"pep34-centre-palavas-colos-classes\" srcset=\"https:\/\/www.pep34vacances.com\/centre-palavas\/wp-content\/uploads\/sites\/2\/2016\/03\/pep34-centre-palavas-colos-classes.jpg 800w, https:\/\/www.pep34vacances.com\/centre-palavas\/wp-content\/uploads\/sites\/2\/2016\/03\/pep34-centre-palavas-colos-classes-300x146.jpg 300w, https:\/\/www.pep34vacances.com\/centre-palavas\/wp-content\/uploads\/sites\/2\/2016\/03\/pep34-centre-palavas-colos-classes-250x122.jpg 250w, https:\/\/www.pep34vacances.com\/centre-palavas\/wp-content\/uploads\/sites\/2\/2016\/03\/pep34-centre-palavas-colos-classes-100x50.jpg 100w\" sizes=\"(max-width: 800px) 100vw, 800px\" \/>\t\t\t\t\t\r\n\t\t\t\t\t\t\t\r\n\t\t\t<\/div><!-- .mslide -->\r\n\t\t\t\r\n\t\t\t\t\t\t\r\n\t\t\t\t\r\n\t\t<\/div><!-- .meteor-clip -->\r\n\t\t\t\t\r\n\t\t\t\t\t\r\n\t<\/div><!-- .meteor-slides -->\r\n\t\r\n\t\n<p>&nbsp;<\/p>\n<p>Le centre dispose d'une cour d'environ 450m\u00b2 ombrag\u00e9e et se divise en quatre espaces d'h\u00e9bergement distincts avec un total de 119 lits :<\/p>\n<ul>\n<li>Am\u00e9rique (33 places)<\/li>\n<li>Afrique (43 places)<\/li>\n<li>Asie (35 places)<\/li>\n<li>Oc\u00e9anie (8 lits)<\/li>\n<\/ul>\n<p>Ce sont des chambres de 2 \u00e0 6 lits, \u00e9quip\u00e9es de:<\/p>\n<ul>\n<li>sanitaires complets (toilette, lavabo, douche)<\/li>\n<li>placards de rangement<\/li>\n<li>portes serviettes<\/li>\n<li>volets \u00e9lectriques<\/li>\n<li>chauffage radiant au plafond<\/li>\n<\/ul>\n<p>Les repas sont pris dans nos deux salles \u00e0 manger climatis\u00e9es et d\u00e9s que les conditions le permettent, en terrasse sous les platanes muriers.<\/p>\n<p>Le Centre est \u00e9galement dot\u00e9 de trois salles d\u2019activit\u00e9s polyvalentes (dont 2 climatis\u00e9e) avec tout l\u2019\u00e9quipement n\u00e9cessaire (tables, chaises, tableau, ordinateur\u2026).<br \/>\nSont \u00e0 disposition des usagers : 4 baby-foots, une table de ping-pong et d\u2019authentiques jeux g\u00e9ants en bois.<\/p>\n<p>Une douche ext\u00e9rieure est \u00e9galement pr\u00e9vue pour la sortie de la plage.<\/p>\n<p>Concernant la s\u00e9curit\u00e9, la cour est enti\u00e8rement close et le portail est \u00e9quip\u00e9 d'un digicode et d'une cam\u00e9ra de surveillance.<\/p>\n<a href=\"https:\/\/www.pep34vacances.com\/centre-palavas\/wp-content\/uploads\/sites\/2\/2020\/02\/Projet-d\u00e9tablissement-palavas-04-02-2020.pdf\" title=\"TELECHARGEZ NOTRE PROJET D'ETABLISSEMENT\" class=\"btn btn-link btn-normal btn-block \" target=\"_blank\">TELECHARGEZ NOTRE PROJET D'ETABLISSEMENT<\/a><!-- .btn -->\n<a href=\"https:\/\/www.pep34vacances.com\/contact\/\" title=\"CONTACT\" class=\"btn btn-primary btn-normal btn-inline \" target=\"_self\"><i class=\"icon-arrow-right\"><\/i>CONTACT<\/a><!-- .btn -->\n","protected":false},"excerpt":{"rendered":"<p>&nbsp; Le centre dispose d'une cour d'environ 450m\u00b2 ombrag\u00e9e et se divise en quatre espaces d'h\u00e9bergement distincts avec un total de 119 lits : Am\u00e9rique (33 places) Afrique (43 places) Asie (35 places) Oc\u00e9anie (8 lits) Ce sont des chambres de 2 \u00e0 6 lits, \u00e9quip\u00e9es de: sanitaires complets (toilette, lavabo, douche) placards de rangement portes serviettes volets \u00e9lectriques chauffage&nbsp;<a href=\"https:\/\/www.pep34vacances.com\/centre-palavas\/presentation\/etablissement\/\" class=\"read-more\">Lire la suite<\/a><\/p>\n","protected":false},"author":5,"featured_media":0,"parent":7,"menu_order":0,"comment_status":"closed","ping_status":"closed","template":"","meta":{"footnotes":""},"_links":{"self":[{"href":"https:\/\/www.pep34vacances.com\/centre-palavas\/wp-json\/wp\/v2\/pages\/133"}],"collection":[{"href":"https:\/\/www.pep34vacances.com\/centre-palavas\/wp-json\/wp\/v2\/pages"}],"about":[{"href":"https:\/\/www.pep34vacances.com\/centre-palavas\/wp-json\/wp\/v2\/types\/page"}],"author":[{"embeddable":true,"href":"https:\/\/www.pep34vacances.com\/centre-palavas\/wp-json\/wp\/v2\/users\/5"}],"replies":[{"embeddable":true,"href":"https:\/\/www.pep34vacances.com\/centre-palavas\/wp-json\/wp\/v2\/comments?post=133"}],"version-history":[{"count":12,"href":"https:\/\/www.pep34vacances.com\/centre-palavas\/wp-json\/wp\/v2\/pages\/133\/revisions"}],"predecessor-version":[{"id":873,"href":"https:\/\/www.pep34vacances.com\/centre-palavas\/wp-json\/wp\/v2\/pages\/133\/revisions\/873"}],"up":[{"embeddable":true,"href":"https:\/\/www.pep34vacances.com\/centre-palavas\/wp-json\/wp\/v2\/pages\/7"}],"wp:attachment":[{"href":"https:\/\/www.pep34vacances.com\/centre-palavas\/wp-json\/wp\/v2\/media?parent=133"}],"curies":[{"name":"wp","href":"https:\/\/api.w.org\/{rel}","templated":true}]}}