 
 
{"id":147,"date":"2015-12-01T17:40:05","date_gmt":"2015-12-01T16:40:05","guid":{"rendered":"https:\/\/www.pep34vacances.com\/centre-palavas\/?page_id=147"},"modified":"2017-01-27T13:31:34","modified_gmt":"2017-01-27T12:31:34","slug":"lecture-paysage","status":"publish","type":"page","link":"https:\/\/www.pep34vacances.com\/centre-palavas\/activites\/lecture-paysage\/","title":{"rendered":"Lecture de paysages m\u00e9diterran\u00e9ens"},"content":{"rendered":"\t\r\n\t\t\r\n\t<div id=\"meteor-slideshowactivite-lecture-de-paysage\" class=\"meteor-slides activite-lecture-de-paysage navnone { next: '#meteor-nextactivite-lecture-de-paysage', prev: '#meteor-prevactivite-lecture-de-paysage', pager: '#meteor-buttonsactivite-lecture-de-paysage' }\">\r\n\t\r\n\t\t\t\r\n\t\t\t\t\r\n\t\t\t\r\n\t\t<div class=\"meteor-clip\">\r\n\t\r\n\t\t\t\t\r\n\t\t\t<img decoding=\"async\" style=\"visibility: hidden;\" class=\"meteor-shim\" src=\"https:\/\/www.pep34vacances.com\/centre-palavas\/wp-content\/uploads\/sites\/2\/2016\/03\/pep34-paysage-colonies-vacances-palavas.jpg\" alt=\"\" \/>\r\n\t\t\t<div class=\"mslide mslide-1\">\r\n\t\t\t\t\r\n\t\t\t\t\t\t\t\t\t\r\n\t\t\t\t\t<img loading=\"lazy\" decoding=\"async\" width=\"800\" height=\"389\" src=\"https:\/\/www.pep34vacances.com\/centre-palavas\/wp-content\/uploads\/sites\/2\/2016\/03\/pep34-paysage-colonies-vacances-palavas.jpg\" class=\"attachment-featured-slide size-featured-slide wp-post-image\" alt=\"Colonies de vacances \u00e0 la mer avec les PEP 34.\" title=\"pep34-paysage-colonies-vacances-palavas\" srcset=\"https:\/\/www.pep34vacances.com\/centre-palavas\/wp-content\/uploads\/sites\/2\/2016\/03\/pep34-paysage-colonies-vacances-palavas.jpg 800w, https:\/\/www.pep34vacances.com\/centre-palavas\/wp-content\/uploads\/sites\/2\/2016\/03\/pep34-paysage-colonies-vacances-palavas-300x146.jpg 300w, https:\/\/www.pep34vacances.com\/centre-palavas\/wp-content\/uploads\/sites\/2\/2016\/03\/pep34-paysage-colonies-vacances-palavas-250x122.jpg 250w, https:\/\/www.pep34vacances.com\/centre-palavas\/wp-content\/uploads\/sites\/2\/2016\/03\/pep34-paysage-colonies-vacances-palavas-100x50.jpg 100w\" sizes=\"(max-width: 800px) 100vw, 800px\" \/>\t\t\t\t\t\r\n\t\t\t\t\t\t\t\r\n\t\t\t<\/div><!-- .mslide -->\r\n\t\t\t\r\n\t\t\t\t\t\t\r\n\t\t\t\t\r\n\t\t\t\r\n\t\t\t<div class=\"mslide mslide-2\">\r\n\t\t\t\t\r\n\t\t\t\t\t\t\t\t\t\r\n\t\t\t\t\t<img loading=\"lazy\" decoding=\"async\" width=\"800\" height=\"389\" src=\"https:\/\/www.pep34vacances.com\/centre-palavas\/wp-content\/uploads\/sites\/2\/2016\/01\/Pep34-centre-vacances-enfants-palavas-visite-phare-22.jpg\" class=\"attachment-featured-slide size-featured-slide wp-post-image\" alt=\"Activit\u00e9 lecture de paysage au centre de vacances Le Grain de SEL PEP 34 de Palavas (h\u00e9rault)\" title=\"Pep34-centre-vacances-enfants-palavas-visite-phare\" srcset=\"https:\/\/www.pep34vacances.com\/centre-palavas\/wp-content\/uploads\/sites\/2\/2016\/01\/Pep34-centre-vacances-enfants-palavas-visite-phare-22.jpg 800w, https:\/\/www.pep34vacances.com\/centre-palavas\/wp-content\/uploads\/sites\/2\/2016\/01\/Pep34-centre-vacances-enfants-palavas-visite-phare-22-300x146.jpg 300w, https:\/\/www.pep34vacances.com\/centre-palavas\/wp-content\/uploads\/sites\/2\/2016\/01\/Pep34-centre-vacances-enfants-palavas-visite-phare-22-250x122.jpg 250w, https:\/\/www.pep34vacances.com\/centre-palavas\/wp-content\/uploads\/sites\/2\/2016\/01\/Pep34-centre-vacances-enfants-palavas-visite-phare-22-100x50.jpg 100w\" sizes=\"(max-width: 800px) 100vw, 800px\" \/>\t\t\t\t\t\r\n\t\t\t\t\t\t\t\r\n\t\t\t<\/div><!-- .mslide -->\r\n\t\t\t\r\n\t\t\t\t\t\t\r\n\t\t\t\t\r\n\t\t<\/div><!-- .meteor-clip -->\r\n\t\t\t\t\r\n\t\t\t\t\t\r\n\t<\/div><!-- .meteor-slides -->\r\n\t\r\n\t\n<p>&nbsp;<\/p>\n<h2>Au phare de la M\u00e9diterran\u00e9e<\/h2>\n<p>Dans un premier temps, les enfants sont sensibilis\u00e9s en classe \u00e0 l'histoire singuli\u00e8re de cet \u00e9difice embl\u00e9matique de Palavas ainsi qu'aux objectifs de cette activit\u00e9.<br \/>\nDans un second temps, la classe se rend au sommet du Phare de la M\u00e9diterran\u00e9e afin d'effectuer une lecture de paysage permettant de se situer dans l'espace, d'observer et de comprendre la physionomie de Palavas, de rep\u00e9rer les diff\u00e9rents espaces (activit\u00e9 humaine, lagunes, mer) et les plans successifs du paysage (Palavas, Montpellier, arri\u00e8re-pays).<\/p>\n<p><strong>Cette activit\u00e9 est men\u00e9e par un animateur du centre.<\/strong><\/p>\n<p><strong>Niveau<\/strong> : Cycles 2 et 3 ; l'activit\u00e9 est adapt\u00e9e en fonction des niveaux<br \/>\n<strong>Lieu<\/strong> : en classe puis au Phare de la M\u00e9diterran\u00e9e, \u00e0 10 minutes \u00e0 pied du centre<br \/>\n<strong>Dur\u00e9e<\/strong> : entre 2h et 2h30<\/p>\n","protected":false},"excerpt":{"rendered":"<p>&nbsp; Au phare de la M\u00e9diterran\u00e9e Dans un premier temps, les enfants sont sensibilis\u00e9s en classe \u00e0 l'histoire singuli\u00e8re de cet \u00e9difice embl\u00e9matique de Palavas ainsi qu'aux objectifs de cette activit\u00e9. Dans un second temps, la classe se rend au sommet du Phare de la M\u00e9diterran\u00e9e afin d'effectuer une lecture de paysage permettant de se situer dans l'espace, d'observer et&nbsp;<a href=\"https:\/\/www.pep34vacances.com\/centre-palavas\/activites\/lecture-paysage\/\" class=\"read-more\">Lire la suite<\/a><\/p>\n","protected":false},"author":5,"featured_media":0,"parent":22,"menu_order":0,"comment_status":"closed","ping_status":"closed","template":"","meta":{"footnotes":""},"_links":{"self":[{"href":"https:\/\/www.pep34vacances.com\/centre-palavas\/wp-json\/wp\/v2\/pages\/147"}],"collection":[{"href":"https:\/\/www.pep34vacances.com\/centre-palavas\/wp-json\/wp\/v2\/pages"}],"about":[{"href":"https:\/\/www.pep34vacances.com\/centre-palavas\/wp-json\/wp\/v2\/types\/page"}],"author":[{"embeddable":true,"href":"https:\/\/www.pep34vacances.com\/centre-palavas\/wp-json\/wp\/v2\/users\/5"}],"replies":[{"embeddable":true,"href":"https:\/\/www.pep34vacances.com\/centre-palavas\/wp-json\/wp\/v2\/comments?post=147"}],"version-history":[{"count":0,"href":"https:\/\/www.pep34vacances.com\/centre-palavas\/wp-json\/wp\/v2\/pages\/147\/revisions"}],"up":[{"embeddable":true,"href":"https:\/\/www.pep34vacances.com\/centre-palavas\/wp-json\/wp\/v2\/pages\/22"}],"wp:attachment":[{"href":"https:\/\/www.pep34vacances.com\/centre-palavas\/wp-json\/wp\/v2\/media?parent=147"}],"curies":[{"name":"wp","href":"https:\/\/api.w.org\/{rel}","templated":true}]}}