 
 
{"id":150,"date":"2015-12-01T17:41:51","date_gmt":"2015-12-01T16:41:51","guid":{"rendered":"https:\/\/www.pep34vacances.com\/centre-palavas\/?page_id=150"},"modified":"2017-01-27T13:29:39","modified_gmt":"2017-01-27T12:29:39","slug":"milieux-lagunaires","status":"publish","type":"page","link":"https:\/\/www.pep34vacances.com\/centre-palavas\/activites\/milieux-lagunaires\/","title":{"rendered":"\u00c9tude des milieux lagunaires"},"content":{"rendered":"\t\r\n\t\t\r\n\t<div id=\"meteor-slideshowactivite-milieu-lagunaire\" class=\"meteor-slides activite-milieu-lagunaire navnone single-slide { next: '#meteor-nextactivite-milieu-lagunaire', prev: '#meteor-prevactivite-milieu-lagunaire', pager: '#meteor-buttonsactivite-milieu-lagunaire' }\">\r\n\t\r\n\t\t\t\r\n\t\t<div class=\"meteor-clip\">\r\n\t\r\n\t\t\t\t\r\n\t\t\t\r\n\t\t\t<div class=\"mslide mslide-1\">\r\n\t\t\t\t\r\n\t\t\t\t\t\t\t\t\t\r\n\t\t\t\t\t<img loading=\"lazy\" decoding=\"async\" width=\"800\" height=\"389\" src=\"https:\/\/www.pep34vacances.com\/centre-palavas\/wp-content\/uploads\/sites\/2\/2016\/01\/pep34-centre-vacances-plage-mer-dune-22.jpg\" class=\"attachment-featured-slide size-featured-slide wp-post-image\" alt=\"Balades au centre de vacances Le Grain de SEL PEP 34 de Palavas (h\u00e9rault)\" title=\"pep34-centre-vacances-plage-mer-dune\" srcset=\"https:\/\/www.pep34vacances.com\/centre-palavas\/wp-content\/uploads\/sites\/2\/2016\/01\/pep34-centre-vacances-plage-mer-dune-22.jpg 800w, https:\/\/www.pep34vacances.com\/centre-palavas\/wp-content\/uploads\/sites\/2\/2016\/01\/pep34-centre-vacances-plage-mer-dune-22-300x146.jpg 300w, https:\/\/www.pep34vacances.com\/centre-palavas\/wp-content\/uploads\/sites\/2\/2016\/01\/pep34-centre-vacances-plage-mer-dune-22-250x122.jpg 250w, https:\/\/www.pep34vacances.com\/centre-palavas\/wp-content\/uploads\/sites\/2\/2016\/01\/pep34-centre-vacances-plage-mer-dune-22-100x50.jpg 100w\" sizes=\"(max-width: 800px) 100vw, 800px\" \/>\t\t\t\t\t\r\n\t\t\t\t\t\t\t\r\n\t\t\t<\/div><!-- .mslide -->\r\n\t\t\t\r\n\t\t\t\t\t\t\r\n\t\t\t\t\r\n\t\t<\/div><!-- .meteor-clip -->\r\n\t\t\t\t\r\n\t\t\t\t\t\r\n\t<\/div><!-- .meteor-slides -->\r\n\t\r\n\t\n<p>&nbsp;<\/p>\n<h2>D\u00e9roulement de l'activit\u00e9<\/h2>\n<p>Cette activit\u00e9 de d\u00e9couverte pr\u00e9sente deux parties. Lors de la premi\u00e8re qui se d\u00e9roule en classe, l'objectif est de permettre aux enfants de comprendre comment se forme une lagune, \u00e9cosyst\u00e8me singulier du milieu m\u00e9diterran\u00e9en. Puis nous allons au bord d'une lagune afin d'y observer et d'y \u00e9tudier sa faune et\/ou sa flore adapt\u00e9es aux eaux saum\u00e2tres. C'est \u00e9galement dans cet environnement que les enfants pourront se familiariser avec le flamant rose, animal embl\u00e9matique de la r\u00e9gion. Enfin ils seront sensibilis\u00e9s aux cons\u00e9quences (positives et n\u00e9gatives) de l'impact de l'homme sur ce milieu.<\/p>\n<p><strong>Cette activit\u00e9 de d\u00e9couverte est men\u00e9e par un animateur technique du centre.<\/strong><br \/>\nSelon le projet de la classe, il est possible d'orienter l'activit\u00e9 soit sur une unique th\u00e9matique (l'impact de l'homme sur l'\u00e9cosyst\u00e8me lagunaire, la faune, la flore,...) soit sur une \u00e9tude globale de l'\u00e9cosyst\u00e8me lagunaire.<\/p>\n<p><strong>Niveau<\/strong> : Cycle 2 et 3 ; pour le cycle 2 l'approche est essentiellement sensorielle<br \/>\n<strong>Lieu<\/strong> : en classe puis \u00e0 l'\u00e9tang du Grec, \u00e0 15 minutes \u00e0 pieds<br \/>\n<strong>Dur\u00e9e<\/strong> : de 2h \u00e0 2h30<\/p>\n","protected":false},"excerpt":{"rendered":"<p>&nbsp; D\u00e9roulement de l'activit\u00e9 Cette activit\u00e9 de d\u00e9couverte pr\u00e9sente deux parties. Lors de la premi\u00e8re qui se d\u00e9roule en classe, l'objectif est de permettre aux enfants de comprendre comment se forme une lagune, \u00e9cosyst\u00e8me singulier du milieu m\u00e9diterran\u00e9en. Puis nous allons au bord d'une lagune afin d'y observer et d'y \u00e9tudier sa faune et\/ou sa flore adapt\u00e9es aux eaux saum\u00e2tres.&nbsp;<a href=\"https:\/\/www.pep34vacances.com\/centre-palavas\/activites\/milieux-lagunaires\/\" class=\"read-more\">Lire la suite<\/a><\/p>\n","protected":false},"author":5,"featured_media":0,"parent":22,"menu_order":0,"comment_status":"closed","ping_status":"closed","template":"","meta":{"footnotes":""},"_links":{"self":[{"href":"https:\/\/www.pep34vacances.com\/centre-palavas\/wp-json\/wp\/v2\/pages\/150"}],"collection":[{"href":"https:\/\/www.pep34vacances.com\/centre-palavas\/wp-json\/wp\/v2\/pages"}],"about":[{"href":"https:\/\/www.pep34vacances.com\/centre-palavas\/wp-json\/wp\/v2\/types\/page"}],"author":[{"embeddable":true,"href":"https:\/\/www.pep34vacances.com\/centre-palavas\/wp-json\/wp\/v2\/users\/5"}],"replies":[{"embeddable":true,"href":"https:\/\/www.pep34vacances.com\/centre-palavas\/wp-json\/wp\/v2\/comments?post=150"}],"version-history":[{"count":0,"href":"https:\/\/www.pep34vacances.com\/centre-palavas\/wp-json\/wp\/v2\/pages\/150\/revisions"}],"up":[{"embeddable":true,"href":"https:\/\/www.pep34vacances.com\/centre-palavas\/wp-json\/wp\/v2\/pages\/22"}],"wp:attachment":[{"href":"https:\/\/www.pep34vacances.com\/centre-palavas\/wp-json\/wp\/v2\/media?parent=150"}],"curies":[{"name":"wp","href":"https:\/\/api.w.org\/{rel}","templated":true}]}}