 
 
{"id":153,"date":"2015-12-01T17:43:47","date_gmt":"2015-12-01T16:43:47","guid":{"rendered":"https:\/\/www.pep34vacances.com\/centre-palavas\/?page_id=153"},"modified":"2017-01-27T13:37:23","modified_gmt":"2017-01-27T12:37:23","slug":"parc-ornithologique","status":"publish","type":"page","link":"https:\/\/www.pep34vacances.com\/centre-palavas\/activites\/parc-ornithologique\/","title":{"rendered":"Parc ornithologique du Pont de Gau"},"content":{"rendered":"\t\r\n\t\t\r\n\t<div id=\"meteor-slideshowactivite-parc-ornithologique\" class=\"meteor-slides activite-parc-ornithologique navnone { next: '#meteor-nextactivite-parc-ornithologique', prev: '#meteor-prevactivite-parc-ornithologique', pager: '#meteor-buttonsactivite-parc-ornithologique' }\">\r\n\t\r\n\t\t\t\r\n\t\t\t\t\r\n\t\t\t\r\n\t\t<div class=\"meteor-clip\">\r\n\t\r\n\t\t\t\t\r\n\t\t\t<img decoding=\"async\" style=\"visibility: hidden;\" class=\"meteor-shim\" src=\"https:\/\/www.pep34vacances.com\/centre-palavas\/wp-content\/uploads\/sites\/2\/2016\/03\/pep34-vacances-palavas-parc-oiseaux.jpg\" alt=\"\" \/>\r\n\t\t\t<div class=\"mslide mslide-1\">\r\n\t\t\t\t\r\n\t\t\t\t\t\t\t\t\t\r\n\t\t\t\t\t<img loading=\"lazy\" decoding=\"async\" width=\"800\" height=\"389\" src=\"https:\/\/www.pep34vacances.com\/centre-palavas\/wp-content\/uploads\/sites\/2\/2016\/03\/pep34-vacances-palavas-parc-oiseaux.jpg\" class=\"attachment-featured-slide size-featured-slide wp-post-image\" alt=\"Le parc ornithologique du Pont de Gau \u00e0 d\u00e9couvrir en colonie de vacances PEP 34.\" title=\"pep34-vacances-palavas-parc-oiseaux\" srcset=\"https:\/\/www.pep34vacances.com\/centre-palavas\/wp-content\/uploads\/sites\/2\/2016\/03\/pep34-vacances-palavas-parc-oiseaux.jpg 800w, https:\/\/www.pep34vacances.com\/centre-palavas\/wp-content\/uploads\/sites\/2\/2016\/03\/pep34-vacances-palavas-parc-oiseaux-300x146.jpg 300w, https:\/\/www.pep34vacances.com\/centre-palavas\/wp-content\/uploads\/sites\/2\/2016\/03\/pep34-vacances-palavas-parc-oiseaux-250x122.jpg 250w, https:\/\/www.pep34vacances.com\/centre-palavas\/wp-content\/uploads\/sites\/2\/2016\/03\/pep34-vacances-palavas-parc-oiseaux-100x50.jpg 100w\" sizes=\"(max-width: 800px) 100vw, 800px\" \/>\t\t\t\t\t\r\n\t\t\t\t\t\t\t\r\n\t\t\t<\/div><!-- .mslide -->\r\n\t\t\t\r\n\t\t\t\t\t\t\r\n\t\t\t\t\r\n\t\t\t\r\n\t\t\t<div class=\"mslide mslide-2\">\r\n\t\t\t\t\r\n\t\t\t\t\t\t\t\t\t\r\n\t\t\t\t\t<img loading=\"lazy\" decoding=\"async\" width=\"800\" height=\"389\" src=\"https:\/\/www.pep34vacances.com\/centre-palavas\/wp-content\/uploads\/sites\/2\/2016\/03\/pep34-colos-gau-palavas-enfants.jpg\" class=\"attachment-featured-slide size-featured-slide wp-post-image\" alt=\"Le parc ornithologique du Pont de Gau \u00e0 d\u00e9couvrir en colonie de vacances.\" title=\"pep34-colos-gau-palavas-enfants\" srcset=\"https:\/\/www.pep34vacances.com\/centre-palavas\/wp-content\/uploads\/sites\/2\/2016\/03\/pep34-colos-gau-palavas-enfants.jpg 800w, https:\/\/www.pep34vacances.com\/centre-palavas\/wp-content\/uploads\/sites\/2\/2016\/03\/pep34-colos-gau-palavas-enfants-300x146.jpg 300w, https:\/\/www.pep34vacances.com\/centre-palavas\/wp-content\/uploads\/sites\/2\/2016\/03\/pep34-colos-gau-palavas-enfants-250x122.jpg 250w, https:\/\/www.pep34vacances.com\/centre-palavas\/wp-content\/uploads\/sites\/2\/2016\/03\/pep34-colos-gau-palavas-enfants-100x50.jpg 100w\" sizes=\"(max-width: 800px) 100vw, 800px\" \/>\t\t\t\t\t\r\n\t\t\t\t\t\t\t\r\n\t\t\t<\/div><!-- .mslide -->\r\n\t\t\t\r\n\t\t\t\t\t\t\r\n\t\t\t\t\r\n\t\t<\/div><!-- .meteor-clip -->\r\n\t\t\t\t\r\n\t\t\t\t\t\r\n\t<\/div><!-- .meteor-slides -->\r\n\t\r\n\t\n<h2><\/h2>\n<h2>En pleine Camargue<\/h2>\n<p>Situ\u00e9 \u00e0 4 km des Saintes Maries de la Mer, le parc propose aux enfants une balade sur 60 hectares d\u2019espaces naturels consacr\u00e9s \u00e0 la d\u00e9couverte de la faune sauvage et de la flore de Camargue. Plusieurs formules de visite s\u2019offrent \u00e0 vous.<br \/>\nPour les classes qui pr\u00e9f\u00e8rent promener librement dans le parc, nous vous proposons un jeu de piste adapt\u00e9 aux jeunes enfants qui permet une d\u00e9couverte de la Camargue et de ses oiseaux tout en s\u2019amusant. Vous pourrez \u00e9galement approfondir vos connaissances et vous amuser en utilisant les fiches d\u2019activit\u00e9s et coloriages pour tout conna\u00eetre sur les flamants, les h\u00e9rons, les canards et bien d\u2019autres encore. De grands panneaux d\u2019informations didactiques et ludiques vous fourniront toutes les informations n\u00e9cessaires sur l\u2019avifaune et la Camargue en g\u00e9n\u00e9ral.<br \/>\nLa visite peut aussi se faire en y int\u00e9grant des ateliers p\u00e9dagogiques. L\u2019animation dure environ 1 heure. Deux th\u00e8mes vous sont propos\u00e9s : la migration ou la biodiversit\u00e9. Le choix s\u2019effectue lors de la r\u00e9servation. Apr\u00e8s l\u2019intervention, lors de la visite libre du parc, les enfants peuvent mettre en pratique ce qu\u2019ils ont abord\u00e9 pr\u00e9c\u00e9demment : reconnaissance des familles d\u2019oiseaux, milieux fr\u00e9quent\u00e9s, comportement \u00e0 adopter dans la nature. Des documents permettant de pr\u00e9parer la visite vous seront envoy\u00e9s, ainsi que des fiches d\u2019activit\u00e9s \u00e0 faire en classe, apr\u00e8s la sortie.<br \/>\nIl est possible de pique-niquer sur place.<\/p>\n<p><strong>Les animations du parc sont encadr\u00e9es et men\u00e9es par des animateurs nature du parc.<\/strong><br \/>\n<em>Possibilit\u00e9 d\u2019organiser sur une journ\u00e9e la visite du parc ornithologique et une visite ou activit\u00e9 en Camargue (Manade, Seaquarium, Catamaran Picardie, Aigues-Mortes, promenade \u00e0 cheval, croisi\u00e8re sur le Petit Rh\u00f4ne).<\/em><\/p>\n<p><strong>Niveau<\/strong> : cycles 2 et 3<br \/>\n<strong>Lieu<\/strong> : \u00e0 4 kms des Saintes-Maries-de-la-Mer, \u00e0 50 kms du centre (1h)<br \/>\n<strong>Dur\u00e9e<\/strong> : Animation de l\u2019atelier : 1h suivi d\u20191h de visite ; Visite libre avec jeu de piste : 1h30 \u00e0 2h<\/p>\n","protected":false},"excerpt":{"rendered":"<p>En pleine Camargue Situ\u00e9 \u00e0 4 km des Saintes Maries de la Mer, le parc propose aux enfants une balade sur 60 hectares d\u2019espaces naturels consacr\u00e9s \u00e0 la d\u00e9couverte de la faune sauvage et de la flore de Camargue. Plusieurs formules de visite s\u2019offrent \u00e0 vous. Pour les classes qui pr\u00e9f\u00e8rent promener librement dans le parc, nous vous proposons un&nbsp;<a href=\"https:\/\/www.pep34vacances.com\/centre-palavas\/activites\/parc-ornithologique\/\" class=\"read-more\">Lire la suite<\/a><\/p>\n","protected":false},"author":5,"featured_media":0,"parent":22,"menu_order":0,"comment_status":"closed","ping_status":"closed","template":"","meta":{"footnotes":""},"_links":{"self":[{"href":"https:\/\/www.pep34vacances.com\/centre-palavas\/wp-json\/wp\/v2\/pages\/153"}],"collection":[{"href":"https:\/\/www.pep34vacances.com\/centre-palavas\/wp-json\/wp\/v2\/pages"}],"about":[{"href":"https:\/\/www.pep34vacances.com\/centre-palavas\/wp-json\/wp\/v2\/types\/page"}],"author":[{"embeddable":true,"href":"https:\/\/www.pep34vacances.com\/centre-palavas\/wp-json\/wp\/v2\/users\/5"}],"replies":[{"embeddable":true,"href":"https:\/\/www.pep34vacances.com\/centre-palavas\/wp-json\/wp\/v2\/comments?post=153"}],"version-history":[{"count":0,"href":"https:\/\/www.pep34vacances.com\/centre-palavas\/wp-json\/wp\/v2\/pages\/153\/revisions"}],"up":[{"embeddable":true,"href":"https:\/\/www.pep34vacances.com\/centre-palavas\/wp-json\/wp\/v2\/pages\/22"}],"wp:attachment":[{"href":"https:\/\/www.pep34vacances.com\/centre-palavas\/wp-json\/wp\/v2\/media?parent=153"}],"curies":[{"name":"wp","href":"https:\/\/api.w.org\/{rel}","templated":true}]}}