 
 
{"id":156,"date":"2015-12-01T17:45:16","date_gmt":"2015-12-01T16:45:16","guid":{"rendered":"https:\/\/www.pep34vacances.com\/centre-palavas\/?page_id=156"},"modified":"2017-01-27T13:48:30","modified_gmt":"2017-01-27T12:48:30","slug":"port-de-palavas","status":"publish","type":"page","link":"https:\/\/www.pep34vacances.com\/centre-palavas\/activites\/port-de-palavas\/","title":{"rendered":"Port de Palavas"},"content":{"rendered":"\t\r\n\t\n<p><a href=\"https:\/\/www.pep34vacances.com\/centre-palavas\/wp-content\/uploads\/sites\/2\/2015\/12\/pep-34-colonie-vacances-port-palavas-copie.jpg\"><img loading=\"lazy\" decoding=\"async\" class=\"alignnone size-full wp-image-468\" src=\"https:\/\/www.pep34vacances.com\/centre-palavas\/wp-content\/uploads\/sites\/2\/2015\/12\/pep-34-colonie-vacances-port-palavas-copie.jpg\" alt=\"pep-34-colonie-vacances-port-palavas - copie\" width=\"800\" height=\"389\" srcset=\"https:\/\/www.pep34vacances.com\/centre-palavas\/wp-content\/uploads\/sites\/2\/2015\/12\/pep-34-colonie-vacances-port-palavas-copie.jpg 800w, https:\/\/www.pep34vacances.com\/centre-palavas\/wp-content\/uploads\/sites\/2\/2015\/12\/pep-34-colonie-vacances-port-palavas-copie-300x146.jpg 300w, https:\/\/www.pep34vacances.com\/centre-palavas\/wp-content\/uploads\/sites\/2\/2015\/12\/pep-34-colonie-vacances-port-palavas-copie-250x122.jpg 250w, https:\/\/www.pep34vacances.com\/centre-palavas\/wp-content\/uploads\/sites\/2\/2015\/12\/pep-34-colonie-vacances-port-palavas-copie-100x50.jpg 100w\" sizes=\"(max-width: 800px) 100vw, 800px\" \/><\/a><\/p>\n<h2>Port de p\u00eache et de plaisance, march\u00e9 aux poissons et capitainerie<\/h2>\n<p>A l\u2019aide d\u2019un questionnaire, les enfants d\u00e9couvrent le fonctionnement du port de p\u00eache, rencontrent les p\u00eacheurs aupr\u00e8s desquels ils peuvent obtenir des informations sur les types de bateaux et les techniques de p\u00eaches utilis\u00e9es, les diff\u00e9rentes esp\u00e8ces pr\u00e9sentes sur les \u00e9tals ou encore sur leurs conditions de travail. Ils seront aussi amen\u00e9s \u00e0 d\u00e9couvrir l\u2019activit\u00e9 du port de plaisance, le r\u00f4le de la capitainerie et l\u2019utilit\u00e9 de la zone de car\u00e9nage.<\/p>\n<p><strong>Cette activit\u00e9 de d\u00e9couverte peut \u00eatre men\u00e9e soit par un animateur du centre soit en autonomie \u00e0 l\u2019aide du questionnaire.<\/strong><\/p>\n<p><strong>Niveau<\/strong> : cycles 2 et 3<br \/>\n<strong>Lieu<\/strong> : port de Palavas, \u00e0 10 minutes \u00e0 pied<br \/>\n<strong>Dur\u00e9e<\/strong> : de 2h00 \u00e0 2h30<\/p>\n","protected":false},"excerpt":{"rendered":"<p>Port de p\u00eache et de plaisance, march\u00e9 aux poissons et capitainerie A l\u2019aide d\u2019un questionnaire, les enfants d\u00e9couvrent le fonctionnement du port de p\u00eache, rencontrent les p\u00eacheurs aupr\u00e8s desquels ils peuvent obtenir des informations sur les types de bateaux et les techniques de p\u00eaches utilis\u00e9es, les diff\u00e9rentes esp\u00e8ces pr\u00e9sentes sur les \u00e9tals ou encore sur leurs conditions de travail. Ils&nbsp;<a href=\"https:\/\/www.pep34vacances.com\/centre-palavas\/activites\/port-de-palavas\/\" class=\"read-more\">Lire la suite<\/a><\/p>\n","protected":false},"author":5,"featured_media":0,"parent":22,"menu_order":0,"comment_status":"closed","ping_status":"closed","template":"","meta":{"footnotes":""},"_links":{"self":[{"href":"https:\/\/www.pep34vacances.com\/centre-palavas\/wp-json\/wp\/v2\/pages\/156"}],"collection":[{"href":"https:\/\/www.pep34vacances.com\/centre-palavas\/wp-json\/wp\/v2\/pages"}],"about":[{"href":"https:\/\/www.pep34vacances.com\/centre-palavas\/wp-json\/wp\/v2\/types\/page"}],"author":[{"embeddable":true,"href":"https:\/\/www.pep34vacances.com\/centre-palavas\/wp-json\/wp\/v2\/users\/5"}],"replies":[{"embeddable":true,"href":"https:\/\/www.pep34vacances.com\/centre-palavas\/wp-json\/wp\/v2\/comments?post=156"}],"version-history":[{"count":0,"href":"https:\/\/www.pep34vacances.com\/centre-palavas\/wp-json\/wp\/v2\/pages\/156\/revisions"}],"up":[{"embeddable":true,"href":"https:\/\/www.pep34vacances.com\/centre-palavas\/wp-json\/wp\/v2\/pages\/22"}],"wp:attachment":[{"href":"https:\/\/www.pep34vacances.com\/centre-palavas\/wp-json\/wp\/v2\/media?parent=156"}],"curies":[{"name":"wp","href":"https:\/\/api.w.org\/{rel}","templated":true}]}}