 
 
{"id":158,"date":"2015-12-01T17:45:37","date_gmt":"2015-12-01T16:45:37","guid":{"rendered":"https:\/\/www.pep34vacances.com\/centre-palavas\/?page_id=158"},"modified":"2017-01-27T13:51:36","modified_gmt":"2017-01-27T12:51:36","slug":"rallye-photos","status":"publish","type":"page","link":"https:\/\/www.pep34vacances.com\/centre-palavas\/activites\/rallye-photos\/","title":{"rendered":"Rallye photos"},"content":{"rendered":"\t\r\n\t\t\r\n\t<div id=\"meteor-slideshowactivite-rallye-photos\" class=\"meteor-slides activite-rallye-photos navnone { next: '#meteor-nextactivite-rallye-photos', prev: '#meteor-prevactivite-rallye-photos', pager: '#meteor-buttonsactivite-rallye-photos' }\">\r\n\t\r\n\t\t\t\r\n\t\t\t\t\r\n\t\t\t\r\n\t\t<div class=\"meteor-clip\">\r\n\t\r\n\t\t\t\t\r\n\t\t\t<img decoding=\"async\" style=\"visibility: hidden;\" class=\"meteor-shim\" src=\"https:\/\/www.pep34vacances.com\/centre-palavas\/wp-content\/uploads\/sites\/2\/2016\/03\/pep34-rallye-photo-vacances-palavas.jpg\" alt=\"\" \/>\r\n\t\t\t<div class=\"mslide mslide-1\">\r\n\t\t\t\t\r\n\t\t\t\t\t\t\t\t\t\r\n\t\t\t\t\t<img loading=\"lazy\" decoding=\"async\" width=\"800\" height=\"389\" src=\"https:\/\/www.pep34vacances.com\/centre-palavas\/wp-content\/uploads\/sites\/2\/2016\/03\/pep34-rallye-photo-vacances-palavas.jpg\" class=\"attachment-featured-slide size-featured-slide wp-post-image\" alt=\"Rallye photo avec les PEP 34, \u00e0 Palavas-les-Flots.\" title=\"pep34-rallye-photo-vacances-palavas\" srcset=\"https:\/\/www.pep34vacances.com\/centre-palavas\/wp-content\/uploads\/sites\/2\/2016\/03\/pep34-rallye-photo-vacances-palavas.jpg 800w, https:\/\/www.pep34vacances.com\/centre-palavas\/wp-content\/uploads\/sites\/2\/2016\/03\/pep34-rallye-photo-vacances-palavas-300x146.jpg 300w, https:\/\/www.pep34vacances.com\/centre-palavas\/wp-content\/uploads\/sites\/2\/2016\/03\/pep34-rallye-photo-vacances-palavas-250x122.jpg 250w, https:\/\/www.pep34vacances.com\/centre-palavas\/wp-content\/uploads\/sites\/2\/2016\/03\/pep34-rallye-photo-vacances-palavas-100x50.jpg 100w\" sizes=\"(max-width: 800px) 100vw, 800px\" \/>\t\t\t\t\t\r\n\t\t\t\t\t\t\t\r\n\t\t\t<\/div><!-- .mslide -->\r\n\t\t\t\r\n\t\t\t\t\t\t\r\n\t\t\t\t\r\n\t\t\t\r\n\t\t\t<div class=\"mslide mslide-2\">\r\n\t\t\t\t\r\n\t\t\t\t\t\t\t\t\t\r\n\t\t\t\t\t<img loading=\"lazy\" decoding=\"async\" width=\"800\" height=\"388\" src=\"https:\/\/www.pep34vacances.com\/centre-palavas\/wp-content\/uploads\/sites\/2\/2016\/02\/pep34-valras-enfants-mer-rallye-photo-800x388.jpg\" class=\"attachment-featured-slide size-featured-slide wp-post-image\" alt=\"Activit\u00e9 rallye photo au centre de vacances Le Grain de SEL de palavas.\" title=\"pep34-palavas-enfants-mer-rallye-photo\" srcset=\"https:\/\/www.pep34vacances.com\/centre-palavas\/wp-content\/uploads\/sites\/2\/2016\/02\/pep34-valras-enfants-mer-rallye-photo.jpg 800w, https:\/\/www.pep34vacances.com\/centre-palavas\/wp-content\/uploads\/sites\/2\/2016\/02\/pep34-valras-enfants-mer-rallye-photo-300x146.jpg 300w, https:\/\/www.pep34vacances.com\/centre-palavas\/wp-content\/uploads\/sites\/2\/2016\/02\/pep34-valras-enfants-mer-rallye-photo-250x121.jpg 250w, https:\/\/www.pep34vacances.com\/centre-palavas\/wp-content\/uploads\/sites\/2\/2016\/02\/pep34-valras-enfants-mer-rallye-photo-100x50.jpg 100w\" sizes=\"(max-width: 800px) 100vw, 800px\" \/>\t\t\t\t\t\r\n\t\t\t\t\t\t\t\r\n\t\t\t<\/div><!-- .mslide -->\r\n\t\t\t\r\n\t\t\t\t\t\t\r\n\t\t\t\t\r\n\t\t<\/div><!-- .meteor-clip -->\r\n\t\t\t\t\r\n\t\t\t\t\t\r\n\t<\/div><!-- .meteor-slides -->\r\n\t\r\n\t\n<p>&nbsp;<\/p>\n<h2>Au parc du Levant<\/h2>\n<p>C\u2019est un moment de d\u00e9tente durant la classe de d\u00e9couvertes. Les enfants jouent et \u00e9voluent dans un espace s\u00e9curis\u00e9, ils apprennent \u00e0 observer et \u00e0 se rep\u00e9rer dans les espaces qui nous entourent. Ce jeu qui se pratique en\u00a0\u00e9quipe fait \u00e9galement appel \u00e0 la solidarit\u00e9, au sens des responsabilit\u00e9s, \u00e0 l\u2019encouragement mutuel et \u00e0 l\u2019effort intellectuel et physique.<\/p>\n<p><strong>Ce jeu peut \u00eatre men\u00e9 par un animateur du centre ou r\u00e9alis\u00e9 en autonomie.<\/strong><\/p>\n<p><strong>Niveau<\/strong> : cycles 2 et 3<br \/>\n<strong>Lieu<\/strong> : au parc du Levant \u00e0 10 min \u00e0 pied<br \/>\n<strong>Dur\u00e9e<\/strong> : entre 1h30 et 2h00<\/p>\n","protected":false},"excerpt":{"rendered":"<p>&nbsp; Au parc du Levant C\u2019est un moment de d\u00e9tente durant la classe de d\u00e9couvertes. Les enfants jouent et \u00e9voluent dans un espace s\u00e9curis\u00e9, ils apprennent \u00e0 observer et \u00e0 se rep\u00e9rer dans les espaces qui nous entourent. Ce jeu qui se pratique en\u00a0\u00e9quipe fait \u00e9galement appel \u00e0 la solidarit\u00e9, au sens des responsabilit\u00e9s, \u00e0 l\u2019encouragement mutuel et \u00e0 l\u2019effort&nbsp;<a href=\"https:\/\/www.pep34vacances.com\/centre-palavas\/activites\/rallye-photos\/\" class=\"read-more\">Lire la suite<\/a><\/p>\n","protected":false},"author":5,"featured_media":0,"parent":22,"menu_order":0,"comment_status":"closed","ping_status":"closed","template":"","meta":{"footnotes":""},"_links":{"self":[{"href":"https:\/\/www.pep34vacances.com\/centre-palavas\/wp-json\/wp\/v2\/pages\/158"}],"collection":[{"href":"https:\/\/www.pep34vacances.com\/centre-palavas\/wp-json\/wp\/v2\/pages"}],"about":[{"href":"https:\/\/www.pep34vacances.com\/centre-palavas\/wp-json\/wp\/v2\/types\/page"}],"author":[{"embeddable":true,"href":"https:\/\/www.pep34vacances.com\/centre-palavas\/wp-json\/wp\/v2\/users\/5"}],"replies":[{"embeddable":true,"href":"https:\/\/www.pep34vacances.com\/centre-palavas\/wp-json\/wp\/v2\/comments?post=158"}],"version-history":[{"count":0,"href":"https:\/\/www.pep34vacances.com\/centre-palavas\/wp-json\/wp\/v2\/pages\/158\/revisions"}],"up":[{"embeddable":true,"href":"https:\/\/www.pep34vacances.com\/centre-palavas\/wp-json\/wp\/v2\/pages\/22"}],"wp:attachment":[{"href":"https:\/\/www.pep34vacances.com\/centre-palavas\/wp-json\/wp\/v2\/media?parent=158"}],"curies":[{"name":"wp","href":"https:\/\/api.w.org\/{rel}","templated":true}]}}