 
 
{"id":162,"date":"2015-12-01T17:47:49","date_gmt":"2015-12-01T16:47:49","guid":{"rendered":"https:\/\/www.pep34vacances.com\/centre-palavas\/?page_id=162"},"modified":"2017-01-27T13:53:14","modified_gmt":"2017-01-27T12:53:14","slug":"salins-aigues-mortes","status":"publish","type":"page","link":"https:\/\/www.pep34vacances.com\/centre-palavas\/activites\/salins-aigues-mortes\/","title":{"rendered":"Salins D&#8217;Aigues-Mortes"},"content":{"rendered":"\t\r\n\t\t\r\n\t<div id=\"meteor-slideshowactivite-les-salins-daigues-mortes\" class=\"meteor-slides activite-les-salins-daigues-mortes navnone { next: '#meteor-nextactivite-les-salins-daigues-mortes', prev: '#meteor-prevactivite-les-salins-daigues-mortes', pager: '#meteor-buttonsactivite-les-salins-daigues-mortes' }\">\r\n\t\r\n\t\t\t\r\n\t\t\t\t\r\n\t\t\t\r\n\t\t<div class=\"meteor-clip\">\r\n\t\r\n\t\t\t\t\r\n\t\t\t<img decoding=\"async\" style=\"visibility: hidden;\" class=\"meteor-shim\" src=\"https:\/\/www.pep34vacances.com\/centre-palavas\/wp-content\/uploads\/sites\/2\/2016\/03\/pep34-colos-enfants-palavas-salins.jpg\" alt=\"\" \/>\r\n\t\t\t<div class=\"mslide mslide-1\">\r\n\t\t\t\t\r\n\t\t\t\t\t\t\t\t\t\r\n\t\t\t\t\t<img loading=\"lazy\" decoding=\"async\" width=\"800\" height=\"389\" src=\"https:\/\/www.pep34vacances.com\/centre-palavas\/wp-content\/uploads\/sites\/2\/2016\/03\/pep34-colos-enfants-palavas-salins.jpg\" class=\"attachment-featured-slide size-featured-slide wp-post-image\" alt=\"Visite des salins d&#039;Aigues-Mortes en classe d\u00e9couverte PEP 34.\" title=\"pep34-colos-enfants-palavas-salins\" srcset=\"https:\/\/www.pep34vacances.com\/centre-palavas\/wp-content\/uploads\/sites\/2\/2016\/03\/pep34-colos-enfants-palavas-salins.jpg 800w, https:\/\/www.pep34vacances.com\/centre-palavas\/wp-content\/uploads\/sites\/2\/2016\/03\/pep34-colos-enfants-palavas-salins-300x146.jpg 300w, https:\/\/www.pep34vacances.com\/centre-palavas\/wp-content\/uploads\/sites\/2\/2016\/03\/pep34-colos-enfants-palavas-salins-250x122.jpg 250w, https:\/\/www.pep34vacances.com\/centre-palavas\/wp-content\/uploads\/sites\/2\/2016\/03\/pep34-colos-enfants-palavas-salins-100x50.jpg 100w\" sizes=\"(max-width: 800px) 100vw, 800px\" \/>\t\t\t\t\t\r\n\t\t\t\t\t\t\t\r\n\t\t\t<\/div><!-- .mslide -->\r\n\t\t\t\r\n\t\t\t\t\t\t\r\n\t\t\t\t\r\n\t\t\t\r\n\t\t\t<div class=\"mslide mslide-2\">\r\n\t\t\t\t\r\n\t\t\t\t\t\t\t\t\t\r\n\t\t\t\t\t<img loading=\"lazy\" decoding=\"async\" width=\"800\" height=\"389\" src=\"https:\/\/www.pep34vacances.com\/centre-palavas\/wp-content\/uploads\/sites\/2\/2016\/02\/pep34-ados-vacances-palavas-aiguesmortes-salins-culture.jpg\" class=\"attachment-featured-slide size-featured-slide wp-post-image\" alt=\"Les camelles de sel, aux salins d&#039;Aigues-Mortes.\" title=\"pep34-ados-vacances-palavas-aiguesmortes-salins-culture\" srcset=\"https:\/\/www.pep34vacances.com\/centre-palavas\/wp-content\/uploads\/sites\/2\/2016\/02\/pep34-ados-vacances-palavas-aiguesmortes-salins-culture.jpg 800w, https:\/\/www.pep34vacances.com\/centre-palavas\/wp-content\/uploads\/sites\/2\/2016\/02\/pep34-ados-vacances-palavas-aiguesmortes-salins-culture-300x146.jpg 300w, https:\/\/www.pep34vacances.com\/centre-palavas\/wp-content\/uploads\/sites\/2\/2016\/02\/pep34-ados-vacances-palavas-aiguesmortes-salins-culture-250x122.jpg 250w, https:\/\/www.pep34vacances.com\/centre-palavas\/wp-content\/uploads\/sites\/2\/2016\/02\/pep34-ados-vacances-palavas-aiguesmortes-salins-culture-100x50.jpg 100w\" sizes=\"(max-width: 800px) 100vw, 800px\" \/>\t\t\t\t\t\r\n\t\t\t\t\t\t\t\r\n\t\t\t<\/div><!-- .mslide -->\r\n\t\t\t\r\n\t\t\t\t\t\t\r\n\t\t\t\t\r\n\t\t\t\r\n\t\t\t<div class=\"mslide mslide-3\">\r\n\t\t\t\t\r\n\t\t\t\t\t\t\t\t\t\r\n\t\t\t\t\t<img loading=\"lazy\" decoding=\"async\" width=\"800\" height=\"389\" src=\"https:\/\/www.pep34vacances.com\/centre-palavas\/wp-content\/uploads\/sites\/2\/2016\/02\/pep34-vacances-salins-aiguesmortes-culture-remparts.jpg\" class=\"attachment-featured-slide size-featured-slide wp-post-image\" alt=\"Les remparts m\u00e9di\u00e9vaux d&#039;Aigues-Mortes\" title=\"pep34-vacances-salins-aiguesmortes-culture-remparts\" srcset=\"https:\/\/www.pep34vacances.com\/centre-palavas\/wp-content\/uploads\/sites\/2\/2016\/02\/pep34-vacances-salins-aiguesmortes-culture-remparts.jpg 800w, https:\/\/www.pep34vacances.com\/centre-palavas\/wp-content\/uploads\/sites\/2\/2016\/02\/pep34-vacances-salins-aiguesmortes-culture-remparts-300x146.jpg 300w, https:\/\/www.pep34vacances.com\/centre-palavas\/wp-content\/uploads\/sites\/2\/2016\/02\/pep34-vacances-salins-aiguesmortes-culture-remparts-250x122.jpg 250w, https:\/\/www.pep34vacances.com\/centre-palavas\/wp-content\/uploads\/sites\/2\/2016\/02\/pep34-vacances-salins-aiguesmortes-culture-remparts-100x50.jpg 100w\" sizes=\"(max-width: 800px) 100vw, 800px\" \/>\t\t\t\t\t\r\n\t\t\t\t\t\t\t\r\n\t\t\t<\/div><!-- .mslide -->\r\n\t\t\t\r\n\t\t\t\t\t\t\r\n\t\t\t\t\r\n\t\t\t\r\n\t\t\t<div class=\"mslide mslide-4\">\r\n\t\t\t\t\r\n\t\t\t\t\t\t\t\t\t\r\n\t\t\t\t\t<img loading=\"lazy\" decoding=\"async\" width=\"800\" height=\"389\" src=\"https:\/\/www.pep34vacances.com\/centre-palavas\/wp-content\/uploads\/sites\/2\/2016\/02\/pep34-vacances-salins-aiguesmortes-culture.jpg\" class=\"attachment-featured-slide size-featured-slide wp-post-image\" alt=\"Coucher du soleil sur les salins d&#039;Aigues-Mortes.\" title=\"pep34-vacances-salins-aiguesmortes-culture-nature\" srcset=\"https:\/\/www.pep34vacances.com\/centre-palavas\/wp-content\/uploads\/sites\/2\/2016\/02\/pep34-vacances-salins-aiguesmortes-culture.jpg 800w, https:\/\/www.pep34vacances.com\/centre-palavas\/wp-content\/uploads\/sites\/2\/2016\/02\/pep34-vacances-salins-aiguesmortes-culture-300x146.jpg 300w, https:\/\/www.pep34vacances.com\/centre-palavas\/wp-content\/uploads\/sites\/2\/2016\/02\/pep34-vacances-salins-aiguesmortes-culture-250x122.jpg 250w, https:\/\/www.pep34vacances.com\/centre-palavas\/wp-content\/uploads\/sites\/2\/2016\/02\/pep34-vacances-salins-aiguesmortes-culture-100x50.jpg 100w\" sizes=\"(max-width: 800px) 100vw, 800px\" \/>\t\t\t\t\t\r\n\t\t\t\t\t\t\t\r\n\t\t\t<\/div><!-- .mslide -->\r\n\t\t\t\r\n\t\t\t\t\t\t\r\n\t\t\t\t\r\n\t\t\t\r\n\t\t\t<div class=\"mslide mslide-5\">\r\n\t\t\t\t\r\n\t\t\t\t\t\t\t\t\t\r\n\t\t\t\t\t<img loading=\"lazy\" decoding=\"async\" width=\"800\" height=\"389\" src=\"https:\/\/www.pep34vacances.com\/centre-palavas\/wp-content\/uploads\/sites\/2\/2016\/02\/pep34-vacances-salins-camargue-culture.jpg\" class=\"attachment-featured-slide size-featured-slide wp-post-image\" alt=\"Observation des flamants roses aux Salins du Midi.\" title=\"pep34-vacances-salins-camargue-culture-nature\" srcset=\"https:\/\/www.pep34vacances.com\/centre-palavas\/wp-content\/uploads\/sites\/2\/2016\/02\/pep34-vacances-salins-camargue-culture.jpg 800w, https:\/\/www.pep34vacances.com\/centre-palavas\/wp-content\/uploads\/sites\/2\/2016\/02\/pep34-vacances-salins-camargue-culture-300x146.jpg 300w, https:\/\/www.pep34vacances.com\/centre-palavas\/wp-content\/uploads\/sites\/2\/2016\/02\/pep34-vacances-salins-camargue-culture-250x122.jpg 250w, https:\/\/www.pep34vacances.com\/centre-palavas\/wp-content\/uploads\/sites\/2\/2016\/02\/pep34-vacances-salins-camargue-culture-100x50.jpg 100w\" sizes=\"(max-width: 800px) 100vw, 800px\" \/>\t\t\t\t\t\r\n\t\t\t\t\t\t\t\r\n\t\t\t<\/div><!-- .mslide -->\r\n\t\t\t\r\n\t\t\t\t\t\t\r\n\t\t\t\t\r\n\t\t<\/div><!-- .meteor-clip -->\r\n\t\t\t\t\r\n\t\t\t\t\t\r\n\t<\/div><!-- .meteor-slides -->\r\n\t\r\n\t\n<p>&nbsp;<\/p>\n<p>La visite en petit train concerne uniquement les ext\u00e9rieurs de l'exploitation. Balade autour des tables salantes (cristallisoirs) et bassins d'\u00e9vaporation (part\u00e8nements) dans un environnement unique et pr\u00e9serv\u00e9 ; d\u00e9couverte de la faune et de la flore typiques des milieux sal\u00e9s.<br \/>\nLa visite est comment\u00e9e par un guide-chauffeur qui explique les diff\u00e9rentes \u00e9tapes de cette activit\u00e9 purement agricole, depuis le pompage de l'eau de mer jusqu'\u00e0 la r\u00e9colte du g\u00e2teau de sel. Un arr\u00eat \u00e0 l'\u00e9comus\u00e9e-boutique permet de visionner un documentaire sur les diff\u00e9rents modes de production et de r\u00e9colte du sel, de d\u00e9couvrir l'activit\u00e9 salini\u00e8re \u00e0 travers les \u00e9poques et la description des multiples utilisations possibles.<\/p>\n<p><strong>Possibilit\u00e9 d\u2019organiser sur une journ\u00e9e la visite du mus\u00e9e et une visite ou activit\u00e9 en Camargue<\/strong> (Manade, Parc ornithologique, Aigues-Mortes, promenade \u00e0 cheval, Seaquarium, Catamaran Picardie, croisi\u00e8re sur le Petit Rh\u00f4ne).<\/p>\n<p><strong>Niveau<\/strong>\u00a0: cycles 2 et 3<br \/>\n<strong>Lieu<\/strong>\u00a0: aux pieds des remparts d\u2019Aigues-Mortes, \u00e0 25 kms du centre (20 min)<br \/>\n<strong>Dur\u00e9e<\/strong>\u00a0: 1h15.<\/p>\n<p>&nbsp;<\/p>\n<p>&nbsp;<\/p>\n","protected":false},"excerpt":{"rendered":"<p>&nbsp; La visite en petit train concerne uniquement les ext\u00e9rieurs de l'exploitation. Balade autour des tables salantes (cristallisoirs) et bassins d'\u00e9vaporation (part\u00e8nements) dans un environnement unique et pr\u00e9serv\u00e9 ; d\u00e9couverte de la faune et de la flore typiques des milieux sal\u00e9s. La visite est comment\u00e9e par un guide-chauffeur qui explique les diff\u00e9rentes \u00e9tapes de cette activit\u00e9 purement agricole, depuis le&nbsp;<a href=\"https:\/\/www.pep34vacances.com\/centre-palavas\/activites\/salins-aigues-mortes\/\" class=\"read-more\">Lire la suite<\/a><\/p>\n","protected":false},"author":5,"featured_media":0,"parent":22,"menu_order":0,"comment_status":"closed","ping_status":"closed","template":"","meta":{"footnotes":""},"_links":{"self":[{"href":"https:\/\/www.pep34vacances.com\/centre-palavas\/wp-json\/wp\/v2\/pages\/162"}],"collection":[{"href":"https:\/\/www.pep34vacances.com\/centre-palavas\/wp-json\/wp\/v2\/pages"}],"about":[{"href":"https:\/\/www.pep34vacances.com\/centre-palavas\/wp-json\/wp\/v2\/types\/page"}],"author":[{"embeddable":true,"href":"https:\/\/www.pep34vacances.com\/centre-palavas\/wp-json\/wp\/v2\/users\/5"}],"replies":[{"embeddable":true,"href":"https:\/\/www.pep34vacances.com\/centre-palavas\/wp-json\/wp\/v2\/comments?post=162"}],"version-history":[{"count":0,"href":"https:\/\/www.pep34vacances.com\/centre-palavas\/wp-json\/wp\/v2\/pages\/162\/revisions"}],"up":[{"embeddable":true,"href":"https:\/\/www.pep34vacances.com\/centre-palavas\/wp-json\/wp\/v2\/pages\/22"}],"wp:attachment":[{"href":"https:\/\/www.pep34vacances.com\/centre-palavas\/wp-json\/wp\/v2\/media?parent=162"}],"curies":[{"name":"wp","href":"https:\/\/api.w.org\/{rel}","templated":true}]}}