 
 
{"id":164,"date":"2015-12-01T17:48:45","date_gmt":"2015-12-01T16:48:45","guid":{"rendered":"https:\/\/www.pep34vacances.com\/centre-palavas\/?page_id=164"},"modified":"2026-02-17T12:59:49","modified_gmt":"2026-02-17T11:59:49","slug":"sauvetage-sportif","status":"publish","type":"page","link":"https:\/\/www.pep34vacances.com\/centre-palavas\/activites\/sauvetage-sportif\/","title":{"rendered":"Sauvetage sportif"},"content":{"rendered":"\t\r\n\t\t\r\n\t<div id=\"meteor-slideshowactivite-sauvetage-sportif\" class=\"meteor-slides activite-sauvetage-sportif navnone { next: '#meteor-nextactivite-sauvetage-sportif', prev: '#meteor-prevactivite-sauvetage-sportif', pager: '#meteor-buttonsactivite-sauvetage-sportif' }\">\r\n\t\r\n\t\t\t\r\n\t\t\t\t\r\n\t\t\t\r\n\t\t<div class=\"meteor-clip\">\r\n\t\r\n\t\t\t\t\r\n\t\t\t<img decoding=\"async\" style=\"visibility: hidden;\" class=\"meteor-shim\" src=\"https:\/\/www.pep34vacances.com\/centre-palavas\/wp-content\/uploads\/sites\/2\/2016\/03\/pep34-sauvetage-sportif-palavas-mer.jpg\" alt=\"\" \/>\r\n\t\t\t<div class=\"mslide mslide-1\">\r\n\t\t\t\t\r\n\t\t\t\t\t\t\t\t\t\r\n\t\t\t\t\t<img loading=\"lazy\" decoding=\"async\" width=\"800\" height=\"389\" src=\"https:\/\/www.pep34vacances.com\/centre-palavas\/wp-content\/uploads\/sites\/2\/2016\/03\/pep34-sauvetage-sportif-palavas-mer.jpg\" class=\"attachment-featured-slide size-featured-slide wp-post-image\" alt=\"Sauvetage sportif en vacances \u00e0 Palavas-les-Flots (h\u00e9rault).\" title=\"pep34-sauvetage-sportif-palavas-mer\" srcset=\"https:\/\/www.pep34vacances.com\/centre-palavas\/wp-content\/uploads\/sites\/2\/2016\/03\/pep34-sauvetage-sportif-palavas-mer.jpg 800w, https:\/\/www.pep34vacances.com\/centre-palavas\/wp-content\/uploads\/sites\/2\/2016\/03\/pep34-sauvetage-sportif-palavas-mer-300x146.jpg 300w, https:\/\/www.pep34vacances.com\/centre-palavas\/wp-content\/uploads\/sites\/2\/2016\/03\/pep34-sauvetage-sportif-palavas-mer-250x122.jpg 250w, https:\/\/www.pep34vacances.com\/centre-palavas\/wp-content\/uploads\/sites\/2\/2016\/03\/pep34-sauvetage-sportif-palavas-mer-100x50.jpg 100w\" sizes=\"(max-width: 800px) 100vw, 800px\" \/>\t\t\t\t\t\r\n\t\t\t\t\t\t\t\r\n\t\t\t<\/div><!-- .mslide -->\r\n\t\t\t\r\n\t\t\t\t\t\t\r\n\t\t\t\t\r\n\t\t\t\r\n\t\t\t<div class=\"mslide mslide-2\">\r\n\t\t\t\t\r\n\t\t\t\t\t\t\t\t\t\r\n\t\t\t\t\t<img loading=\"lazy\" decoding=\"async\" width=\"800\" height=\"389\" src=\"https:\/\/www.pep34vacances.com\/centre-palavas\/wp-content\/uploads\/sites\/2\/2016\/03\/pep34-sauvetage-palavas-plage-enfants.jpg\" class=\"attachment-featured-slide size-featured-slide wp-post-image\" alt=\"Sauvetage sportif sur la plage avec les PEP 34.\" title=\"pep34-sauvetage-palavas-plage-enfants\" srcset=\"https:\/\/www.pep34vacances.com\/centre-palavas\/wp-content\/uploads\/sites\/2\/2016\/03\/pep34-sauvetage-palavas-plage-enfants.jpg 800w, https:\/\/www.pep34vacances.com\/centre-palavas\/wp-content\/uploads\/sites\/2\/2016\/03\/pep34-sauvetage-palavas-plage-enfants-300x146.jpg 300w, https:\/\/www.pep34vacances.com\/centre-palavas\/wp-content\/uploads\/sites\/2\/2016\/03\/pep34-sauvetage-palavas-plage-enfants-250x122.jpg 250w, https:\/\/www.pep34vacances.com\/centre-palavas\/wp-content\/uploads\/sites\/2\/2016\/03\/pep34-sauvetage-palavas-plage-enfants-100x50.jpg 100w\" sizes=\"(max-width: 800px) 100vw, 800px\" \/>\t\t\t\t\t\r\n\t\t\t\t\t\t\t\r\n\t\t\t<\/div><!-- .mslide -->\r\n\t\t\t\r\n\t\t\t\t\t\t\r\n\t\t\t\t\r\n\t\t<\/div><!-- .meteor-clip -->\r\n\t\t\t\t\r\n\t\t\t\t\t\r\n\t<\/div><!-- .meteor-slides -->\r\n\t\r\n\t\n<p>&nbsp;<\/p>\n<h2>D\u00e9roulement de l'activit\u00e9<\/h2>\n<p>Comment apprendre \u00e0 sauver tout en s\u2019amusant: les enfants d\u00e9couvriront plusieurs \u00e9preuves de ce sport venu d\u2019Australie avec diff\u00e9rents supports de sauvetage : le beach flags ou b\u00e2ton musical : \u00e9preuve de sprint sur le sable avec syst\u00e8me d\u2019\u00e9limination \u00e0 l\u2019australienne, paddle board (support flottant pour ramener une personne en difficult\u00e9), kayak, sauvetage bou\u00e9e tube, initiation au secourisme\u2026<br \/>\nDeux demi-journ\u00e9es au minimum sont n\u00e9cessaires pour une d\u00e9couverte int\u00e9ressante.<\/p>\n<p><strong>Ce stage est encadr\u00e9 par des ma\u00eetres nageurs sauveteurs (BEESAN) de l\u2019association Aqualove<\/strong><\/p>\n<p><strong>Niveau<\/strong>\u00a0: \u00e0 partir de 6 ans<br \/>\n<strong>Lieu<\/strong> : plage devant le centre<br \/>\n<strong>Dur\u00e9e<\/strong> : s\u00e9ance d\u2019environ 1h30<\/p>\n","protected":false},"excerpt":{"rendered":"<p>&nbsp; D\u00e9roulement de l'activit\u00e9 Comment apprendre \u00e0 sauver tout en s\u2019amusant: les enfants d\u00e9couvriront plusieurs \u00e9preuves de ce sport venu d\u2019Australie avec diff\u00e9rents supports de sauvetage : le beach flags ou b\u00e2ton musical : \u00e9preuve de sprint sur le sable avec syst\u00e8me d\u2019\u00e9limination \u00e0 l\u2019australienne, paddle board (support flottant pour ramener une personne en difficult\u00e9), kayak, sauvetage bou\u00e9e tube, initiation&nbsp;<a href=\"https:\/\/www.pep34vacances.com\/centre-palavas\/activites\/sauvetage-sportif\/\" class=\"read-more\">Lire la suite<\/a><\/p>\n","protected":false},"author":5,"featured_media":0,"parent":22,"menu_order":0,"comment_status":"closed","ping_status":"closed","template":"","meta":{"footnotes":""},"_links":{"self":[{"href":"https:\/\/www.pep34vacances.com\/centre-palavas\/wp-json\/wp\/v2\/pages\/164"}],"collection":[{"href":"https:\/\/www.pep34vacances.com\/centre-palavas\/wp-json\/wp\/v2\/pages"}],"about":[{"href":"https:\/\/www.pep34vacances.com\/centre-palavas\/wp-json\/wp\/v2\/types\/page"}],"author":[{"embeddable":true,"href":"https:\/\/www.pep34vacances.com\/centre-palavas\/wp-json\/wp\/v2\/users\/5"}],"replies":[{"embeddable":true,"href":"https:\/\/www.pep34vacances.com\/centre-palavas\/wp-json\/wp\/v2\/comments?post=164"}],"version-history":[{"count":2,"href":"https:\/\/www.pep34vacances.com\/centre-palavas\/wp-json\/wp\/v2\/pages\/164\/revisions"}],"predecessor-version":[{"id":921,"href":"https:\/\/www.pep34vacances.com\/centre-palavas\/wp-json\/wp\/v2\/pages\/164\/revisions\/921"}],"up":[{"embeddable":true,"href":"https:\/\/www.pep34vacances.com\/centre-palavas\/wp-json\/wp\/v2\/pages\/22"}],"wp:attachment":[{"href":"https:\/\/www.pep34vacances.com\/centre-palavas\/wp-json\/wp\/v2\/media?parent=164"}],"curies":[{"name":"wp","href":"https:\/\/api.w.org\/{rel}","templated":true}]}}