 
 
{"id":24,"date":"2015-11-24T16:45:37","date_gmt":"2015-11-24T15:45:37","guid":{"rendered":"https:\/\/www.pep34vacances.com\/centre-palavas\/?page_id=24"},"modified":"2026-02-17T12:59:12","modified_gmt":"2026-02-17T11:59:12","slug":"cerf-volant","status":"publish","type":"page","link":"https:\/\/www.pep34vacances.com\/centre-palavas\/activites\/cerf-volant\/","title":{"rendered":"Cerf-volant"},"content":{"rendered":"<p><a href=\"https:\/\/www.pep34vacances.com\/centre-palavas\/wp-content\/uploads\/sites\/2\/2026\/02\/IMG_0947.jpg\"><img loading=\"lazy\" decoding=\"async\" class=\"alignnone  wp-image-917\" src=\"https:\/\/www.pep34vacances.com\/centre-palavas\/wp-content\/uploads\/sites\/2\/2026\/02\/IMG_0947-1024x768.jpg\" alt=\"\" width=\"653\" height=\"490\" srcset=\"https:\/\/www.pep34vacances.com\/centre-palavas\/wp-content\/uploads\/sites\/2\/2026\/02\/IMG_0947-1024x768.jpg 1024w, https:\/\/www.pep34vacances.com\/centre-palavas\/wp-content\/uploads\/sites\/2\/2026\/02\/IMG_0947-300x225.jpg 300w, https:\/\/www.pep34vacances.com\/centre-palavas\/wp-content\/uploads\/sites\/2\/2026\/02\/IMG_0947-1536x1152.jpg 1536w, https:\/\/www.pep34vacances.com\/centre-palavas\/wp-content\/uploads\/sites\/2\/2026\/02\/IMG_0947-250x188.jpg 250w, https:\/\/www.pep34vacances.com\/centre-palavas\/wp-content\/uploads\/sites\/2\/2026\/02\/IMG_0947.jpg 2048w\" sizes=\"(max-width: 653px) 100vw, 653px\" \/><\/a><\/p>\n<h2>Construire son cerf-volant<\/h2>\n<p>Nous avons volontairement choisi un mod\u00e8le simple \u00e0 r\u00e9aliser pour les plus jeunes. Il s'agit de construire un objet mettant en \u00e9vidence l'action de l'air en mouvement (le vent). Plier, d\u00e9couper, mesurer, d\u00e9corer, s'entraider : cette activit\u00e9 manuelle compl\u00e8te permet aussi aux enfants de d\u00e9velopper leur dext\u00e9rit\u00e9 en construisant un objet riche tant d'un point de vue p\u00e9dagogique que ludique... et qui vole \u00e0 tous les coups ! Car apr\u00e8s l'avoir construit, place \u00e0 la voltige sur la plage en face du centre ou dans un vaste parc.<\/p>\n<p>En compl\u00e9ment, nous pouvons proposer aux enfants de s'initier \u00e0 la manipulation d'autres cerfs-volants plus \u00e9labor\u00e9s : ailes delta et cerf-volant de traction.<\/p>\n<p><strong>Cette activit\u00e9 est men\u00e9e par un animateur du centre<\/strong><\/p>\n<p><strong>Niveau<\/strong> : \u00e0 partir de 6 ans<br \/>\n<strong>Lieu<\/strong> : sur place<br \/>\n<strong>Dur\u00e9e<\/strong> : 1 ou 2 s\u00e9ances de 2h00 en fonction de l'\u00e2ge<\/p>\n","protected":false},"excerpt":{"rendered":"<p>Construire son cerf-volant Nous avons volontairement choisi un mod\u00e8le simple \u00e0 r\u00e9aliser pour les plus jeunes. Il s'agit de construire un objet mettant en \u00e9vidence l'action de l'air en mouvement (le vent). Plier, d\u00e9couper, mesurer, d\u00e9corer, s'entraider : cette activit\u00e9 manuelle compl\u00e8te permet aussi aux enfants de d\u00e9velopper leur dext\u00e9rit\u00e9 en construisant un objet riche tant d'un point de vue&nbsp;<a href=\"https:\/\/www.pep34vacances.com\/centre-palavas\/activites\/cerf-volant\/\" class=\"read-more\">Lire la suite<\/a><\/p>\n","protected":false},"author":1,"featured_media":0,"parent":22,"menu_order":0,"comment_status":"closed","ping_status":"closed","template":"","meta":{"footnotes":""},"_links":{"self":[{"href":"https:\/\/www.pep34vacances.com\/centre-palavas\/wp-json\/wp\/v2\/pages\/24"}],"collection":[{"href":"https:\/\/www.pep34vacances.com\/centre-palavas\/wp-json\/wp\/v2\/pages"}],"about":[{"href":"https:\/\/www.pep34vacances.com\/centre-palavas\/wp-json\/wp\/v2\/types\/page"}],"author":[{"embeddable":true,"href":"https:\/\/www.pep34vacances.com\/centre-palavas\/wp-json\/wp\/v2\/users\/1"}],"replies":[{"embeddable":true,"href":"https:\/\/www.pep34vacances.com\/centre-palavas\/wp-json\/wp\/v2\/comments?post=24"}],"version-history":[{"count":2,"href":"https:\/\/www.pep34vacances.com\/centre-palavas\/wp-json\/wp\/v2\/pages\/24\/revisions"}],"predecessor-version":[{"id":916,"href":"https:\/\/www.pep34vacances.com\/centre-palavas\/wp-json\/wp\/v2\/pages\/24\/revisions\/916"}],"up":[{"embeddable":true,"href":"https:\/\/www.pep34vacances.com\/centre-palavas\/wp-json\/wp\/v2\/pages\/22"}],"wp:attachment":[{"href":"https:\/\/www.pep34vacances.com\/centre-palavas\/wp-json\/wp\/v2\/media?parent=24"}],"curies":[{"name":"wp","href":"https:\/\/api.w.org\/{rel}","templated":true}]}}