 
 
{"id":26,"date":"2015-11-24T16:46:01","date_gmt":"2015-11-24T15:46:01","guid":{"rendered":"https:\/\/www.pep34vacances.com\/centre-palavas\/?page_id=26"},"modified":"2026-02-17T12:36:15","modified_gmt":"2026-02-17T11:36:15","slug":"kayak","status":"publish","type":"page","link":"https:\/\/www.pep34vacances.com\/centre-palavas\/activites\/kayak\/","title":{"rendered":"Kayak"},"content":{"rendered":"<div id=\"lipsum\">\n\t\r\n\t\t\r\n\t<div id=\"meteor-slideshowactivite-kayak\" class=\"meteor-slides activite-kayak navnone { next: '#meteor-nextactivite-kayak', prev: '#meteor-prevactivite-kayak', pager: '#meteor-buttonsactivite-kayak' }\">\r\n\t\r\n\t\t\t\r\n\t\t\t\t\r\n\t\t\t\r\n\t\t<div class=\"meteor-clip\">\r\n\t\r\n\t\t\t\t\r\n\t\t\t<img decoding=\"async\" style=\"visibility: hidden;\" class=\"meteor-shim\" src=\"https:\/\/www.pep34vacances.com\/centre-palavas\/wp-content\/uploads\/sites\/2\/2016\/01\/PEP34-centre-vacances-enfants-palavas-activit\u00e9-Kayak-4.jpg\" alt=\"\" \/>\r\n\t\t\t<div class=\"mslide mslide-1\">\r\n\t\t\t\t\r\n\t\t\t\t\t\t\t\t\t\r\n\t\t\t\t\t<img loading=\"lazy\" decoding=\"async\" width=\"800\" height=\"389\" src=\"https:\/\/www.pep34vacances.com\/centre-palavas\/wp-content\/uploads\/sites\/2\/2016\/01\/PEP34-centre-vacances-enfants-palavas-activit\u00e9-Kayak-4.jpg\" class=\"attachment-featured-slide size-featured-slide wp-post-image\" alt=\"Activit\u00e9 kayak \u00e0 Palavas (H\u00e9rault) avec les PEP 34.\" title=\"PEP34-centre-vacances-enfants-palavas-activit\u00e9 &#8211; Kayak\" srcset=\"https:\/\/www.pep34vacances.com\/centre-palavas\/wp-content\/uploads\/sites\/2\/2016\/01\/PEP34-centre-vacances-enfants-palavas-activit\u00e9-Kayak-4.jpg 800w, https:\/\/www.pep34vacances.com\/centre-palavas\/wp-content\/uploads\/sites\/2\/2016\/01\/PEP34-centre-vacances-enfants-palavas-activit\u00e9-Kayak-4-300x146.jpg 300w, https:\/\/www.pep34vacances.com\/centre-palavas\/wp-content\/uploads\/sites\/2\/2016\/01\/PEP34-centre-vacances-enfants-palavas-activit\u00e9-Kayak-4-250x122.jpg 250w, https:\/\/www.pep34vacances.com\/centre-palavas\/wp-content\/uploads\/sites\/2\/2016\/01\/PEP34-centre-vacances-enfants-palavas-activit\u00e9-Kayak-4-100x50.jpg 100w\" sizes=\"(max-width: 800px) 100vw, 800px\" \/>\t\t\t\t\t\r\n\t\t\t\t\t\t\t\r\n\t\t\t<\/div><!-- .mslide -->\r\n\t\t\t\r\n\t\t\t\t\t\t\r\n\t\t\t\t\r\n\t\t\t\r\n\t\t\t<div class=\"mslide mslide-2\">\r\n\t\t\t\t\r\n\t\t\t\t\t\t\t\t\t\r\n\t\t\t\t\t<img loading=\"lazy\" decoding=\"async\" width=\"800\" height=\"389\" src=\"https:\/\/www.pep34vacances.com\/centre-palavas\/wp-content\/uploads\/sites\/2\/2016\/01\/PEP34-centre-vacances-enfants-palavas-activit\u00e9-Kayak-3.jpg\" class=\"attachment-featured-slide size-featured-slide wp-post-image\" alt=\"Activit\u00e9 kayak \u00e0 Palavas (H\u00e9rault) avec les PEP 34.\" title=\"PEP34-centre-vacances-enfants-palavas-activit\u00e9 &#8211; Kayak\" srcset=\"https:\/\/www.pep34vacances.com\/centre-palavas\/wp-content\/uploads\/sites\/2\/2016\/01\/PEP34-centre-vacances-enfants-palavas-activit\u00e9-Kayak-3.jpg 800w, https:\/\/www.pep34vacances.com\/centre-palavas\/wp-content\/uploads\/sites\/2\/2016\/01\/PEP34-centre-vacances-enfants-palavas-activit\u00e9-Kayak-3-300x146.jpg 300w, https:\/\/www.pep34vacances.com\/centre-palavas\/wp-content\/uploads\/sites\/2\/2016\/01\/PEP34-centre-vacances-enfants-palavas-activit\u00e9-Kayak-3-250x122.jpg 250w, https:\/\/www.pep34vacances.com\/centre-palavas\/wp-content\/uploads\/sites\/2\/2016\/01\/PEP34-centre-vacances-enfants-palavas-activit\u00e9-Kayak-3-100x50.jpg 100w\" sizes=\"(max-width: 800px) 100vw, 800px\" \/>\t\t\t\t\t\r\n\t\t\t\t\t\t\t\r\n\t\t\t<\/div><!-- .mslide -->\r\n\t\t\t\r\n\t\t\t\t\t\t\r\n\t\t\t\t\r\n\t\t\t\r\n\t\t\t<div class=\"mslide mslide-3\">\r\n\t\t\t\t\r\n\t\t\t\t\t\t\t\t\t\r\n\t\t\t\t\t<img loading=\"lazy\" decoding=\"async\" width=\"800\" height=\"389\" src=\"https:\/\/www.pep34vacances.com\/centre-palavas\/wp-content\/uploads\/sites\/2\/2016\/01\/PEP34-centre-vacances-enfants-palavas-activit\u00e9-Kayak-2.jpg\" class=\"attachment-featured-slide size-featured-slide wp-post-image\" alt=\"Activit\u00e9 kayak \u00e0 Palavas (H\u00e9rault) avec les PEP 34.\" title=\"PEP34-centre-vacances-enfants-palavas-activit\u00e9 &#8211; Kayak\" srcset=\"https:\/\/www.pep34vacances.com\/centre-palavas\/wp-content\/uploads\/sites\/2\/2016\/01\/PEP34-centre-vacances-enfants-palavas-activit\u00e9-Kayak-2.jpg 800w, https:\/\/www.pep34vacances.com\/centre-palavas\/wp-content\/uploads\/sites\/2\/2016\/01\/PEP34-centre-vacances-enfants-palavas-activit\u00e9-Kayak-2-300x146.jpg 300w, https:\/\/www.pep34vacances.com\/centre-palavas\/wp-content\/uploads\/sites\/2\/2016\/01\/PEP34-centre-vacances-enfants-palavas-activit\u00e9-Kayak-2-250x122.jpg 250w, https:\/\/www.pep34vacances.com\/centre-palavas\/wp-content\/uploads\/sites\/2\/2016\/01\/PEP34-centre-vacances-enfants-palavas-activit\u00e9-Kayak-2-100x50.jpg 100w\" sizes=\"(max-width: 800px) 100vw, 800px\" \/>\t\t\t\t\t\r\n\t\t\t\t\t\t\t\r\n\t\t\t<\/div><!-- .mslide -->\r\n\t\t\t\r\n\t\t\t\t\t\t\r\n\t\t\t\t\r\n\t\t\t\r\n\t\t\t<div class=\"mslide mslide-4\">\r\n\t\t\t\t\r\n\t\t\t\t\t\t\t\t\t\r\n\t\t\t\t\t<img loading=\"lazy\" decoding=\"async\" width=\"800\" height=\"389\" src=\"https:\/\/www.pep34vacances.com\/centre-palavas\/wp-content\/uploads\/sites\/2\/2016\/01\/PEP34-centre-vacances-enfants-palavas-activit\u00e9-Kayak.jpg\" class=\"attachment-featured-slide size-featured-slide wp-post-image\" alt=\"Activit\u00e9 kayak \u00e0 Palavas (H\u00e9rault) avec les PEP 34.\" title=\"PEP34-centre-vacances-enfants-palavas-activit\u00e9 &#8211; Kayak\" srcset=\"https:\/\/www.pep34vacances.com\/centre-palavas\/wp-content\/uploads\/sites\/2\/2016\/01\/PEP34-centre-vacances-enfants-palavas-activit\u00e9-Kayak.jpg 800w, https:\/\/www.pep34vacances.com\/centre-palavas\/wp-content\/uploads\/sites\/2\/2016\/01\/PEP34-centre-vacances-enfants-palavas-activit\u00e9-Kayak-300x146.jpg 300w, https:\/\/www.pep34vacances.com\/centre-palavas\/wp-content\/uploads\/sites\/2\/2016\/01\/PEP34-centre-vacances-enfants-palavas-activit\u00e9-Kayak-250x122.jpg 250w, https:\/\/www.pep34vacances.com\/centre-palavas\/wp-content\/uploads\/sites\/2\/2016\/01\/PEP34-centre-vacances-enfants-palavas-activit\u00e9-Kayak-100x50.jpg 100w\" sizes=\"(max-width: 800px) 100vw, 800px\" \/>\t\t\t\t\t\r\n\t\t\t\t\t\t\t\r\n\t\t\t<\/div><!-- .mslide -->\r\n\t\t\t\r\n\t\t\t\t\t\t\r\n\t\t\t\t\r\n\t\t\t\r\n\t\t\t<div class=\"mslide mslide-5\">\r\n\t\t\t\t\r\n\t\t\t\t\t\t\t\t\t\r\n\t\t\t\t\t<img loading=\"lazy\" decoding=\"async\" width=\"800\" height=\"389\" src=\"https:\/\/www.pep34vacances.com\/centre-palavas\/wp-content\/uploads\/sites\/2\/2016\/01\/PEP34-centre-vacances-enfants-palavas-activite\u0301-Kayak-4.jpg\" class=\"attachment-featured-slide size-featured-slide wp-post-image\" alt=\"Colonies de vacances PEP 34 \u00e0 Palavas : activit\u00e9 kayak.\" title=\"PEP34-centre-vacances-enfants-palavas-activite\u0301 &#8211; Kayak-4\" srcset=\"https:\/\/www.pep34vacances.com\/centre-palavas\/wp-content\/uploads\/sites\/2\/2016\/01\/PEP34-centre-vacances-enfants-palavas-activite\u0301-Kayak-4.jpg 800w, https:\/\/www.pep34vacances.com\/centre-palavas\/wp-content\/uploads\/sites\/2\/2016\/01\/PEP34-centre-vacances-enfants-palavas-activite\u0301-Kayak-4-300x146.jpg 300w, https:\/\/www.pep34vacances.com\/centre-palavas\/wp-content\/uploads\/sites\/2\/2016\/01\/PEP34-centre-vacances-enfants-palavas-activite\u0301-Kayak-4-250x122.jpg 250w, https:\/\/www.pep34vacances.com\/centre-palavas\/wp-content\/uploads\/sites\/2\/2016\/01\/PEP34-centre-vacances-enfants-palavas-activite\u0301-Kayak-4-100x50.jpg 100w\" sizes=\"(max-width: 800px) 100vw, 800px\" \/>\t\t\t\t\t\r\n\t\t\t\t\t\t\t\r\n\t\t\t<\/div><!-- .mslide -->\r\n\t\t\t\r\n\t\t\t\t\t\t\r\n\t\t\t\t\r\n\t\t<\/div><!-- .meteor-clip -->\r\n\t\t\t\t\r\n\t\t\t\t\t\r\n\t<\/div><!-- .meteor-slides -->\r\n\t\r\n\t\n<h2><\/h2>\n<h2>En mer ou en lagune<\/h2>\n<\/div>\n<div id=\"lipsum\">\n<p>Des balades d\u00e9couvertes de la faune et de la flore des lagunes sont propos\u00e9es, sous forme de jeux ou d\u2019observation du milieu. Environnement, traditions, fonctionnement du milieu, plusieurs sujets peuvent \u00eatre abord\u00e9s.<br \/>\nLe club de kayak de mer de Palavas-les-Flots a un acc\u00e8s privil\u00e9gi\u00e9 aux \u00e9tangs du littoral ainsi qu\u2019\u00e0 la mer. Cela nous offre une diversit\u00e9 de paysages et de couleurs \u00e9poustouflante. Au d\u00e9part du club nous pouvons acc\u00e9der \u00e0 plusieurs \u00e9tangs en empruntant transitoirement le canal du Rh\u00f4ne \u00e0 S\u00e8te. Nous pouvons rejoindre le port de Palavas, celui de Carnon, longer la cath\u00e9drale de Maguelone cern\u00e9e de vignes, atteindre la plage des Aresquiers\u2026 En pleine nature, nous croisons une faune sauvage abondante. On trouve une grande vari\u00e9t\u00e9 d\u2019oiseaux migrateurs, comme des flamants roses, des h\u00e9rons cendr\u00e9s, des avocettes, des aigrettes, des grands cormorans\u2026 et aussi de nombreux poissons\u2026<\/p>\n<p><strong>Cette activit\u00e9 est men\u00e9e et encadr\u00e9e par des moniteurs dipl\u00f4m\u00e9s du club de Kayak de Palavas.<\/strong><\/p>\n<p>Pour pratiquer cette activit\u00e9 les enfants doivent \u00eatre titulaires de l\u2019attestation de r\u00e9ussite au test d\u2019aptitude \u00e0 la pratique des activit\u00e9s nautiques et aquatiques.<\/p>\n<p><strong>Niveau<\/strong>\u00a0: cycles 2 et 3<br \/>\n<strong>Lieu<\/strong>\u00a0: Soit sur la plage devant le centre, soit au port de la redoute (10 mn \u00e0 pieds)<br \/>\n<strong>Dur\u00e9e<\/strong>\u00a0: s\u00e9ance d'1h30<\/p>\n<\/div>\n","protected":false},"excerpt":{"rendered":"<p>En mer ou en lagune Des balades d\u00e9couvertes de la faune et de la flore des lagunes sont propos\u00e9es, sous forme de jeux ou d\u2019observation du milieu. Environnement, traditions, fonctionnement du milieu, plusieurs sujets peuvent \u00eatre abord\u00e9s. Le club de kayak de mer de Palavas-les-Flots a un acc\u00e8s privil\u00e9gi\u00e9 aux \u00e9tangs du littoral ainsi qu\u2019\u00e0 la mer. Cela nous offre&nbsp;<a href=\"https:\/\/www.pep34vacances.com\/centre-palavas\/activites\/kayak\/\" class=\"read-more\">Lire la suite<\/a><\/p>\n","protected":false},"author":1,"featured_media":0,"parent":22,"menu_order":0,"comment_status":"closed","ping_status":"closed","template":"","meta":{"footnotes":""},"_links":{"self":[{"href":"https:\/\/www.pep34vacances.com\/centre-palavas\/wp-json\/wp\/v2\/pages\/26"}],"collection":[{"href":"https:\/\/www.pep34vacances.com\/centre-palavas\/wp-json\/wp\/v2\/pages"}],"about":[{"href":"https:\/\/www.pep34vacances.com\/centre-palavas\/wp-json\/wp\/v2\/types\/page"}],"author":[{"embeddable":true,"href":"https:\/\/www.pep34vacances.com\/centre-palavas\/wp-json\/wp\/v2\/users\/1"}],"replies":[{"embeddable":true,"href":"https:\/\/www.pep34vacances.com\/centre-palavas\/wp-json\/wp\/v2\/comments?post=26"}],"version-history":[{"count":3,"href":"https:\/\/www.pep34vacances.com\/centre-palavas\/wp-json\/wp\/v2\/pages\/26\/revisions"}],"predecessor-version":[{"id":913,"href":"https:\/\/www.pep34vacances.com\/centre-palavas\/wp-json\/wp\/v2\/pages\/26\/revisions\/913"}],"up":[{"embeddable":true,"href":"https:\/\/www.pep34vacances.com\/centre-palavas\/wp-json\/wp\/v2\/pages\/22"}],"wp:attachment":[{"href":"https:\/\/www.pep34vacances.com\/centre-palavas\/wp-json\/wp\/v2\/media?parent=26"}],"curies":[{"name":"wp","href":"https:\/\/api.w.org\/{rel}","templated":true}]}}