 
 
{"id":34,"date":"2015-11-24T16:52:25","date_gmt":"2015-11-24T15:52:25","guid":{"rendered":"https:\/\/www.pep34vacances.com\/centre-palavas\/?page_id=34"},"modified":"2026-02-17T14:24:40","modified_gmt":"2026-02-17T13:24:40","slug":"patrimoine-milieu-marin","status":"publish","type":"page","link":"https:\/\/www.pep34vacances.com\/centre-palavas\/classes-decouvertes\/patrimoine-milieu-marin\/","title":{"rendered":"Patrimoine &amp; milieu marin"},"content":{"rendered":"\t\r\n\t\t\r\n\t<div id=\"meteor-slideshowpatrimoine-et-milieu-marin\" class=\"meteor-slides patrimoine-et-milieu-marin navnone single-slide { next: '#meteor-nextpatrimoine-et-milieu-marin', prev: '#meteor-prevpatrimoine-et-milieu-marin', pager: '#meteor-buttonspatrimoine-et-milieu-marin' }\">\r\n\t\r\n\t\t\t\r\n\t\t<div class=\"meteor-clip\">\r\n\t\r\n\t\t\t\t\r\n\t\t\t\r\n\t\t\t<div class=\"mslide mslide-1\">\r\n\t\t\t\t\r\n\t\t\t\t\t\t\t\t\t\r\n\t\t\t\t\t<img loading=\"lazy\" decoding=\"async\" width=\"800\" height=\"389\" src=\"https:\/\/www.pep34vacances.com\/centre-palavas\/wp-content\/uploads\/sites\/2\/2016\/01\/Pep34-centre-vacances-valras-enfants-course-a-lhippocampe-256.jpg\" class=\"attachment-featured-slide size-featured-slide wp-post-image\" alt=\"Activit\u00e9 march\u00e9 au centre de vacances Le Grain de SEL PEP 34 de Palavas (h\u00e9rault)\" title=\"Pep34-centre-vacances-valras-enfants-course-a-lhippocampe-\" srcset=\"https:\/\/www.pep34vacances.com\/centre-palavas\/wp-content\/uploads\/sites\/2\/2016\/01\/Pep34-centre-vacances-valras-enfants-course-a-lhippocampe-256.jpg 800w, https:\/\/www.pep34vacances.com\/centre-palavas\/wp-content\/uploads\/sites\/2\/2016\/01\/Pep34-centre-vacances-valras-enfants-course-a-lhippocampe-256-300x146.jpg 300w, https:\/\/www.pep34vacances.com\/centre-palavas\/wp-content\/uploads\/sites\/2\/2016\/01\/Pep34-centre-vacances-valras-enfants-course-a-lhippocampe-256-250x122.jpg 250w, https:\/\/www.pep34vacances.com\/centre-palavas\/wp-content\/uploads\/sites\/2\/2016\/01\/Pep34-centre-vacances-valras-enfants-course-a-lhippocampe-256-100x50.jpg 100w\" sizes=\"(max-width: 800px) 100vw, 800px\" \/>\t\t\t\t\t\r\n\t\t\t\t\t\t\t\r\n\t\t\t<\/div><!-- .mslide -->\r\n\t\t\t\r\n\t\t\t\t\t\t\r\n\t\t\t\t\r\n\t\t<\/div><!-- .meteor-clip -->\r\n\t\t\t\t\r\n\t\t\t\t\t\r\n\t<\/div><!-- .meteor-slides -->\r\n\t\r\n\t\n<h2>Objectifs du voyage scolaire<\/h2>\n<ul>\n<li>\u00catre au contact et comprendre le milieu marin<\/li>\n<li>Identifier les principaux acteurs<\/li>\n<li>D\u00e9couverte du patrimoine local<\/li>\n<\/ul>\n<h2>Programme<\/h2>\n<h2><img loading=\"lazy\" decoding=\"async\" class=\"size-large wp-image-739 alignnone\" src=\"https:\/\/www.pep34vacances.com\/centre-palavas\/wp-content\/uploads\/sites\/2\/2016\/10\/programme-palavas-patrmimoine-milieu-marin-1024x613.png\" alt=\"Programme classe d\u00e9couverte Patrimoine et Milieu marin\" width=\"604\" height=\"362\" srcset=\"https:\/\/www.pep34vacances.com\/centre-palavas\/wp-content\/uploads\/sites\/2\/2016\/10\/programme-palavas-patrmimoine-milieu-marin-1024x613.png 1024w, https:\/\/www.pep34vacances.com\/centre-palavas\/wp-content\/uploads\/sites\/2\/2016\/10\/programme-palavas-patrmimoine-milieu-marin-300x180.png 300w, https:\/\/www.pep34vacances.com\/centre-palavas\/wp-content\/uploads\/sites\/2\/2016\/10\/programme-palavas-patrmimoine-milieu-marin-250x150.png 250w, https:\/\/www.pep34vacances.com\/centre-palavas\/wp-content\/uploads\/sites\/2\/2016\/10\/programme-palavas-patrmimoine-milieu-marin.png 1158w\" sizes=\"(max-width: 604px) 100vw, 604px\" \/><\/h2>\n<h2>Contenu p\u00e9dagogique<\/h2>\n<p><strong>Lecture de paysage au phare de la M\u00e9diterran\u00e9e :<\/strong>\u00a0lecture de paysage permettant de se situer dans l'espace, d'observer et de comprendre la physionomie de Palavas, de rep\u00e9rer les diff\u00e9rents espaces et les plans successifs du paysage.<\/p>\n<p><strong>Port, march\u00e9 aux poissons et Capitainerie :<\/strong>\u00a0\u00e0 l'aide d'un questionnaire, les enfants d\u00e9couvrent le fonctionnement du port de p\u00eache, rencontrent les p\u00eacheurs et sont amen\u00e9s \u00e0 d\u00e9couvrir l'activit\u00e9 du port de plaisance, le r\u00f4le de la Capitainerie et l'utilit\u00e9 de la zone de car\u00e9nage.<\/p>\n<p><strong>Laisses de Mer\/Land'Art :<\/strong>\u00a0dans un contexte \u00e0 la fois ludique et artistique, approche de la diversit\u00e9 faunistique du milieu, sensibilisation \u00e0 l'impact de l'homme sur l'\u00e9cosyst\u00e8me plage et sur la n\u00e9cessit\u00e9 de le prot\u00e9ger pour le pr\u00e9server.<\/p>\n<p><strong>Parc ornithologique du Pont de Gau :<\/strong>\u00a0balade \u00e0 la d\u00e9couverte de la faune sauvage et de la flore de Camargue<\/p>\n<p><strong>Aigues-Mortes et ses salins :<\/strong>\u00a0visite d'Aigues-Mortes, cit\u00e9 m\u00e9di\u00e9vale et ancien port de commerce. D\u00e9couverte des salins et d'un environnement unique et pr\u00e9serv\u00e9.<\/p>\n<p><strong>Faune &amp; Flore et la lagune :<\/strong>\u00a0comprendre, observer et \u00e9tudier le milieu lagunaire<\/p>\n<p><strong>Rallye photo :<\/strong>\u00a0activit\u00e9 ludique m\u00ealant d\u00e9tente, esprit d'\u00e9quipe et observation<\/p>\n<p><strong>Activit\u00e9s optionnelles en suppl\u00e9ment<\/strong> (nous consulter pour conna\u00eetre les tarifs)<\/p>\n<ul>\n<li>Visite d'une manade<\/li>\n<li>P\u00eache en mer<\/li>\n<li>Visite guid\u00e9e de Montpellier<\/li>\n<li>Seaquarium du Grau du Roi<\/li>\n<li>planet oc\u00e9an Montpellier (aquarium et planetarium)\n<li>Visite guid\u00e9e de N\u00eemes<\/li>\n<\/ul>\n<h3>Notre guide pratique<\/h3>\n<p>\u00c0 destinations des enseignants d'\u00e9coles maternelles, primaires et \u00e9l\u00e9mentaires, ce guide pratique contient toutes les informations n\u00e9cessaires pour vous aider dans la constitution de votre dossier administratif.<\/p>\n<a href=\"https:\/\/www.pep34vacances.com\/centre-palavas\/wp-content\/uploads\/sites\/2\/2020\/05\/Guide-pratique-Palavas-CD.pdf\" title=\"T\u00c9L\u00c9CHARGEZ NOTRE GUIDE PRATIQUE\" class=\"btn btn-primary btn-medium btn-inline \" target=\"_blank\">T\u00c9L\u00c9CHARGEZ NOTRE GUIDE PRATIQUE<\/a><!-- .btn -->\n<div class=\"wp-block-spacer\" style=\"height: 20px;\" aria-hidden=\"true\"><\/div>\n<h3>Conditions de pratique<\/h3>\n<ul>\n<li>Public vis\u00e9 : cycles 1\/2\/3 (autres niveaux, nous consulter)<\/li>\n<li>Effectif minimum : 20 (en dessous, nous consulter)<\/li>\n<li>Tenue : sur place<\/li>\n<li><a href=\"https:\/\/www.pep34vacances.com\/blog\/2018\/09\/20\/aides-classe-de-decouvertes\/\">Aides financi\u00e8res possibles<\/a><\/li>\n<\/ul>\n<h2>Contact<\/h2>\n<p>Le Grain de Sel<br \/>\n31, Avenue Saint-Maurice<br \/>\n34250 Palavas-les-flots<br \/>\n0467680188<br \/>\ncentre.legraindesel@adpep34.org<\/p>\n","protected":false},"excerpt":{"rendered":"<p>Objectifs du voyage scolaire \u00catre au contact et comprendre le milieu marin Identifier les principaux acteurs D\u00e9couverte du patrimoine local Programme Contenu p\u00e9dagogique Lecture de paysage au phare de la M\u00e9diterran\u00e9e :\u00a0lecture de paysage permettant de se situer dans l'espace, d'observer et de comprendre la physionomie de Palavas, de rep\u00e9rer les diff\u00e9rents espaces et les plans successifs du paysage. Port,&nbsp;<a href=\"https:\/\/www.pep34vacances.com\/centre-palavas\/classes-decouvertes\/patrimoine-milieu-marin\/\" class=\"read-more\">Lire la suite<\/a><\/p>\n","protected":false},"author":1,"featured_media":0,"parent":28,"menu_order":0,"comment_status":"closed","ping_status":"closed","template":"","meta":{"footnotes":""},"_links":{"self":[{"href":"https:\/\/www.pep34vacances.com\/centre-palavas\/wp-json\/wp\/v2\/pages\/34"}],"collection":[{"href":"https:\/\/www.pep34vacances.com\/centre-palavas\/wp-json\/wp\/v2\/pages"}],"about":[{"href":"https:\/\/www.pep34vacances.com\/centre-palavas\/wp-json\/wp\/v2\/types\/page"}],"author":[{"embeddable":true,"href":"https:\/\/www.pep34vacances.com\/centre-palavas\/wp-json\/wp\/v2\/users\/1"}],"replies":[{"embeddable":true,"href":"https:\/\/www.pep34vacances.com\/centre-palavas\/wp-json\/wp\/v2\/comments?post=34"}],"version-history":[{"count":9,"href":"https:\/\/www.pep34vacances.com\/centre-palavas\/wp-json\/wp\/v2\/pages\/34\/revisions"}],"predecessor-version":[{"id":878,"href":"https:\/\/www.pep34vacances.com\/centre-palavas\/wp-json\/wp\/v2\/pages\/34\/revisions\/878"}],"up":[{"embeddable":true,"href":"https:\/\/www.pep34vacances.com\/centre-palavas\/wp-json\/wp\/v2\/pages\/28"}],"wp:attachment":[{"href":"https:\/\/www.pep34vacances.com\/centre-palavas\/wp-json\/wp\/v2\/media?parent=34"}],"curies":[{"name":"wp","href":"https:\/\/api.w.org\/{rel}","templated":true}]}}