 
 
{"id":5,"date":"2015-11-24T16:34:37","date_gmt":"2015-11-24T15:34:37","guid":{"rendered":"https:\/\/www.pep34vacances.com\/centre-palavas\/?page_id=5"},"modified":"2017-01-27T12:34:12","modified_gmt":"2017-01-27T11:34:12","slug":"centre-palavas","status":"publish","type":"page","link":"https:\/\/www.pep34vacances.com\/centre-palavas\/","title":{"rendered":"Accueil"},"content":{"rendered":"<div class=\"row \">\n<div class=\"span3 \"><section class=\"lazy-load-box trigger effect-slidetop \" data-delay=\"0\" data-speed=\"600\" style=\"-webkit-transition: all 600ms ease; -moz-transition: all 600ms ease; -ms-transition: all 600ms ease; -o-transition: all 600ms ease; transition: all 600ms ease;\">\n<div class=\"banner-wrap banner-home\"><h5>Activit\u00e9<br \/>\nKayak<\/h5><figure class=\"featured-thumbnail\"><a href=\"https:\/\/www.pep34vacances.com\/centre-palavas\/les-activites\/kayak\/\" title=\"Activit\u00e9<br \/>\nKayak\"><img decoding=\"async\" src=\"https:\/\/www.pep34vacances.com\/centre-palavas\/wp-content\/uploads\/sites\/2\/2016\/01\/pep34-centre-vanaces-colonie-palavas-les-flots-activites-enfants-ados-kayak-plage-mer.jpg\" title=\"Activit\u00e9<br \/>\nKayak\" alt=\"\" \/><\/a><\/figure><p>Cette activit\u00e9 permet d'initier les enfants \u00e0 la pratique du Kayak de mer sur les \u00e9tangs du littoral ainsi qu\u2019\u00e0 la mer. Cette activit\u00e9 est men\u00e9e et encadr\u00e9e par des moniteurs dipl\u00f4m\u00e9s du club de Kayak de Palavas.<\/p><div class=\"link-align\"><a href=\"https:\/\/www.pep34vacances.com\/centre-palavas\/les-activites\/kayak\/\" title=\"En savoir plus\" class=\"btn btn-link\" target=\"_self\">En savoir plus<\/a><\/div><\/div><!-- .banner-wrap (end) -->\n<\/section><\/div>\n<div class=\"span3 \"><section class=\"lazy-load-box trigger effect-slidetop \" data-delay=\"200\" data-speed=\"600\" style=\"-webkit-transition: all 600ms ease; -moz-transition: all 600ms ease; -ms-transition: all 600ms ease; -o-transition: all 600ms ease; transition: all 600ms ease;\">\n<div class=\"banner-wrap banner-home\"><h5>Activit\u00e9<br \/>\nVoile<\/h5><figure class=\"featured-thumbnail\"><a href=\"https:\/\/www.pep34vacances.com\/centre-palavas\/les-activites\/voile\/\" title=\"Activit\u00e9<br \/>\nVoile\"><img decoding=\"async\" src=\"https:\/\/www.pep34vacances.com\/centre-palavas\/wp-content\/uploads\/sites\/2\/2016\/01\/pep34-centre-vanaces-colonie-palavas-les-flots-activites-enfants-ados-voile-plage-mer.jpg\" title=\"Activit\u00e9<br \/>\nVoile\" alt=\"\" \/><\/a><\/figure><p>Initiation \u00e0 la voile : Dot\u00e9 d\u2019une coque \u00e0 fond plat et d\u2019une voile unique, ce bateau l\u00e9ger est facile \u00e0 man\u0153uvrer. Cette activit\u00e9 est men\u00e9e et encadr\u00e9e par des moniteurs dipl\u00f4m\u00e9s de l\u2019\u00e9cole de voile de Palavas.<\/p><div class=\"link-align\"><a href=\"https:\/\/www.pep34vacances.com\/centre-palavas\/les-activites\/voile\/\" title=\"En savoir plus\" class=\"btn btn-link\" target=\"_self\">En savoir plus<\/a><\/div><\/div><!-- .banner-wrap (end) -->\n<\/section><\/div>\n<div class=\"span3 \"><section class=\"lazy-load-box trigger effect-slidetop \" data-delay=\"400\" data-speed=\"600\" style=\"-webkit-transition: all 600ms ease; -moz-transition: all 600ms ease; -ms-transition: all 600ms ease; -o-transition: all 600ms ease; transition: all 600ms ease;\">\n<div class=\"banner-wrap banner-home\"><h5>Activit\u00e9<br \/>\nLand Art<\/h5><figure class=\"featured-thumbnail\"><a href=\"https:\/\/www.pep34vacances.com\/centre-palavas\/les-activites\/landart\/\" title=\"Activit\u00e9<br \/>\nLand Art\"><img decoding=\"async\" src=\"https:\/\/www.pep34vacances.com\/centre-palavas\/wp-content\/uploads\/sites\/2\/2016\/01\/PEP34-ACTIVITES-PLAGE-ENFANT-PALAVAS-JEUX-MER-85.jpg\" title=\"Activit\u00e9<br \/>\nLand Art\" alt=\"\" \/><\/a><\/figure><p>Cette activit\u00e9 consiste \u00e0 r\u00e9colter tout ce qu\u2019a rejet\u00e9 la mer sur la plage et de trier ces laisses en diff\u00e9rentes cat\u00e9gories (animal, v\u00e9g\u00e9tal, min\u00e9ral, polluant\u2026). L\u2019objectif est de sensibiliser les enfants sur l\u2019\u00e9cosyst\u00e8me.<\/p><div class=\"link-align\"><a href=\"https:\/\/www.pep34vacances.com\/centre-palavas\/les-activites\/landart\/\" title=\"En savoir plus\" class=\"btn btn-link\" target=\"_self\">En savoir plus<\/a><\/div><\/div><!-- .banner-wrap (end) -->\n<\/section><\/div>\n<div class=\"span3 \"><section class=\"lazy-load-box trigger effect-slidetop \" data-delay=\"400\" data-speed=\"600\" style=\"-webkit-transition: all 600ms ease; -moz-transition: all 600ms ease; -ms-transition: all 600ms ease; -o-transition: all 600ms ease; transition: all 600ms ease;\">\n<div class=\"banner-wrap banner-home\"><h5>Activit\u00e9<br \/>\nCerf-volant<\/h5><figure class=\"featured-thumbnail\"><a href=\"https:\/\/www.pep34vacances.com\/centre-palavas\/les-activites\/cerf-volant\/\" title=\"Activit\u00e9<br \/>\nCerf-volant\"><img decoding=\"async\" src=\"https:\/\/www.pep34vacances.com\/centre-palavas\/wp-content\/uploads\/sites\/2\/2016\/09\/pep34-vacances-cerf-volant-herault1.jpg\" title=\"Activit\u00e9<br \/>\nCerf-volant\" alt=\"\" \/><\/a><\/figure><p>Cet atelier permet aux \u00e9l\u00e8ves de fabriquer leur cerf-volant ! Une fois termin\u00e9, ils iront le faire voler sur la plage. Les enfants seront aussi initi\u00e9s \u00e0 la manipulation d'ailes delta et de cerf-volant de traction.<\/p><div class=\"link-align\"><a href=\"https:\/\/www.pep34vacances.com\/centre-palavas\/les-activites\/cerf-volant\/\" title=\"En savoir plus\" class=\"btn btn-link\" target=\"_self\">En savoir plus<\/a><\/div><\/div><!-- .banner-wrap (end) -->\n<\/section><\/div>\n<\/div><!-- .row (end) -->\n","protected":false},"excerpt":{"rendered":"","protected":false},"author":1,"featured_media":0,"parent":0,"menu_order":0,"comment_status":"closed","ping_status":"closed","template":"page-home.php","meta":{"footnotes":""},"_links":{"self":[{"href":"https:\/\/www.pep34vacances.com\/centre-palavas\/wp-json\/wp\/v2\/pages\/5"}],"collection":[{"href":"https:\/\/www.pep34vacances.com\/centre-palavas\/wp-json\/wp\/v2\/pages"}],"about":[{"href":"https:\/\/www.pep34vacances.com\/centre-palavas\/wp-json\/wp\/v2\/types\/page"}],"author":[{"embeddable":true,"href":"https:\/\/www.pep34vacances.com\/centre-palavas\/wp-json\/wp\/v2\/users\/1"}],"replies":[{"embeddable":true,"href":"https:\/\/www.pep34vacances.com\/centre-palavas\/wp-json\/wp\/v2\/comments?post=5"}],"version-history":[{"count":0,"href":"https:\/\/www.pep34vacances.com\/centre-palavas\/wp-json\/wp\/v2\/pages\/5\/revisions"}],"wp:attachment":[{"href":"https:\/\/www.pep34vacances.com\/centre-palavas\/wp-json\/wp\/v2\/media?parent=5"}],"curies":[{"name":"wp","href":"https:\/\/api.w.org\/{rel}","templated":true}]}}