 
 
{"id":728,"date":"2016-03-11T15:51:01","date_gmt":"2016-03-11T14:51:01","guid":{"rendered":"https:\/\/www.pep34vacances.com\/centre-palavas\/?page_id=728"},"modified":"2016-03-11T15:51:01","modified_gmt":"2016-03-11T14:51:01","slug":"mentions-legales","status":"publish","type":"page","link":"https:\/\/www.pep34vacances.com\/centre-palavas\/mentions-legales\/","title":{"rendered":"Mentions l\u00e9gales"},"content":{"rendered":"<p><strong>L'acc\u00e8s et l'utilisation de ce site sont soumis aux conditions suivantes ainsi qu'aux dispositions l\u00e9gales en vigueur.<\/strong><\/p>\n<p><strong>Informations et contenus du site :<\/strong><br \/>\nDans le cadre d\u2019une politique d\u2019am\u00e9lioration constante de ses centres, les PEP 34 peuvent modifier \u00e0 tout moment les caract\u00e9ristiques de leur offre et des contenus de ce site.<\/p>\n<p><strong>Cookies :<\/strong><br \/>\nLes Cookies, selon la d\u00e9finition donn\u00e9e par la CNIL, sont des t\u00e9moins de connexion qui permettent \u00ab l\u2019enregistrement d\u2019informations par le serveur dans un fichier texte situ\u00e9 sur l\u2019ordinateur client [\u2026], informations que ce m\u00eame serveur (et lui seul) peut aller relire et modifier ult\u00e9rieurement \u00bb. Ce t\u00e9moin de connexion s\u2019installe automatiquement lors de votre connexion sur ce site et a pour but notamment d\u2019analyser la fr\u00e9quentation. Le param\u00e9trage de votre navigateur vous permet de refuser ce t\u00e9moin de connexion :<br \/>\navec Internet Explorer : dans la barre de menu \u00ab Outils \u00bb, cliquez sur \u00ab Options Internet \u00bb, puis sur \u00ab Confidentialit\u00e9 \u00bb, puis d\u00e9placez le curseur jusqu'au niveau de s\u00e9curit\u00e9 d\u00e9sir\u00e9 ou cliquez sur le bouton \u00ab Avanc\u00e9 \u00bb et, dans l\u2019option \u00ab ignorer la gestion automatique des cookies \u00bb, cochez l'option \u00ab refuser \u00bb ou \u00ab demander \u00bb pour chaque colonne ;<br \/>\navec Mozilla Firefox : dans la barre de menu \u00ab Outils \u00bb, cliquez sur \u00ab Options \u00bb, choisissez les onglets \u00ab Vie priv\u00e9e \u00bb, puis \u00ab cookies \u00bb et d\u00e9cochez la case \u00ab autoriser \u00bb ;<br \/>\navec Apple Safari : allez dans le menu \u00ab Safari &gt; Pr\u00e9f\u00e9rences de Safari \u00bb puis cliquez sur l'onglet \u00ab S\u00e9curit\u00e9 \u00bb et cliquez sur \u00ab Provenant seulement des sites consult\u00e9s \u00bb.<br \/>\nEn cas de refus des t\u00e9moins de connexions, certains services ne seront peut-\u00eatre plus accessibles.<br \/>\nVous disposez d'un droit d'acc\u00e8s, de rectification ou d'opposition de vos donn\u00e9es personnelles communiqu\u00e9es par le biais du \u00ab cookie \u00bb dans les conditions indiqu\u00e9es ci-dessous.<\/p>\n<p><strong>Limitation de responsabilit\u00e9 :<\/strong><br \/>\nVous utilisez le site www.pep34vacances.com sous votre seule et enti\u00e8re responsabilit\u00e9. Les PEP34 ne pourront \u00eatre tenues pour responsable des dommages directs ou indirects, tels que, notamment, pr\u00e9judice mat\u00e9riel, pertes de donn\u00e9es ou de programme, pr\u00e9judice financier, r\u00e9sultant de l\u2019utilisation de ce site ou de sites qui lui sont li\u00e9s.<\/p>\n<p><strong>Donn\u00e9es \u00e0 caract\u00e8re personnel :<\/strong><br \/>\nL'association PEP 34 se veut respectueuse des donn\u00e9es \u00e0 caract\u00e8re personnel des internautes. Aucune information personnelle ne peut \u00eatre recueillie, hormis les donn\u00e9es techniques de connexion collect\u00e9es \u00e0 des fins de statistiques.<br \/>\nVu la d\u00e9lib\u00e9ration n\u00b0 2006-138 de la CNIL en date du 9 mai 2006, un tel traitement des donn\u00e9es de connexion \u00e0 des fins purement statistiques peut \u00eatre effectu\u00e9 sans d\u00e9claration aupr\u00e8s de la CNIL.<br \/>\nL\u2019utilisateur est inform\u00e9 que, conform\u00e9ment \u00e0 l\u2019article 32 de la loi du 6 janvier 1978 modifi\u00e9e, les informations communiqu\u00e9es par lui du fait des formulaires pr\u00e9sents sur le site le sont pour les seuls besoins de lui fournir une r\u00e9ponse appropri\u00e9e et rapide.<br \/>\nVu la d\u00e9lib\u00e9ration n\u00b0 2006-138 de la CNIL en date du 9 mai 2006, un tel traitement des informations communiqu\u00e9es dans un formulaire peut \u00eatre effectu\u00e9 sans d\u00e9claration aupr\u00e8s de la CNIL.<br \/>\nEn outre, l\u2019utilisateur dispose d\u2019un droit d\u2019acc\u00e8s, de rectification et d'opposition portant sur les donn\u00e9es le concernant. Il peut en user par l\u2019envoi d\u2019un courrier aux\u00a0PEP 34.<\/p>\n<p><strong>S\u00e9curit\u00e9 :<\/strong><br \/>\nNous tenons \u00e0 assurer l\u2019exactitude et la s\u00e9curit\u00e9 de vos donn\u00e9es personnelles ; ainsi avons-nous mis en place des mesures physiques et \u00e9lectroniques afin de permettre de les assurer. Seuls les administrateurs du site auront acc\u00e8s \u00e0 ces informations. Si vous nous avez fait parvenir des donn\u00e9es personnelles et voulez que ladite information soit supprim\u00e9e de nos bases de donn\u00e9es, ou mise \u00e0 jour, veuillez nous contacter. Veuillez alors patienter le temps n\u00e9cessaire \u00e0 la mise \u00e0 jour de vos donn\u00e9es.<\/p>\n<p>En acc\u00e9dant et en naviguant sur ce site, vous acceptez sans limitation, ni r\u00e9serve, ces conditions.<\/p>\n<p>Ce site \u00e9tant un site d'information et de communication, il est dispens\u00e9 de d\u00e9claration \u00e0 la CNIL conform\u00e9ment \u00e0 la d\u00e9lib\u00e9ration n\u00b02006-138 du 9 mai 2006 d\u00e9cidant de la dispense de d\u00e9claration des traitements constitu\u00e9s \u00e0 des fins d'information ou de communication externe (Dispense de d\u00e9claration n\u00b07).<\/p>\n<p>Toutes les informations, images, marques, logos, noms de domaine figurant sur ce site, sont la propri\u00e9t\u00e9 exclusive de l'Association PEP 34 - 21 rue Jean Giroux 34184 MONTPELLIER .<\/p>\n<p>Sauf autorisation pr\u00e9alable \u00e9crite, leur utilisation sous forme de reproduction, modification, t\u00e9l\u00e9chargement, enregistrement, diffusion totale ou partielle ou retransmission ne sont autoris\u00e9s que pour des copies \u00e0 usage priv\u00e9 et non commercial, et sous r\u00e9serve du respect des droits de propri\u00e9t\u00e9 intellectuelle ou de tout autre droit attach\u00e9.<\/p>\n<p><strong>Propri\u00e9taire du site :<\/strong><br \/>\nAssociation des PEP 34<br \/>\n21 rue Jean Giroux<br \/>\n34184 MONTPELLIER<\/p>\n<p><strong>Cr\u00e9ation, Maintenance et H\u00e9bergement :<br \/>\n<\/strong><\/p>\n","protected":false},"excerpt":{"rendered":"<p>L'acc\u00e8s et l'utilisation de ce site sont soumis aux conditions suivantes ainsi qu'aux dispositions l\u00e9gales en vigueur. Informations et contenus du site : Dans le cadre d\u2019une politique d\u2019am\u00e9lioration constante de ses centres, les PEP 34 peuvent modifier \u00e0 tout moment les caract\u00e9ristiques de leur offre et des contenus de ce site. Cookies : Les Cookies, selon la d\u00e9finition donn\u00e9e&nbsp;<a href=\"https:\/\/www.pep34vacances.com\/centre-palavas\/mentions-legales\/\" class=\"read-more\">Lire la suite<\/a><\/p>\n","protected":false},"author":1,"featured_media":0,"parent":0,"menu_order":0,"comment_status":"closed","ping_status":"closed","template":"","meta":{"footnotes":""},"_links":{"self":[{"href":"https:\/\/www.pep34vacances.com\/centre-palavas\/wp-json\/wp\/v2\/pages\/728"}],"collection":[{"href":"https:\/\/www.pep34vacances.com\/centre-palavas\/wp-json\/wp\/v2\/pages"}],"about":[{"href":"https:\/\/www.pep34vacances.com\/centre-palavas\/wp-json\/wp\/v2\/types\/page"}],"author":[{"embeddable":true,"href":"https:\/\/www.pep34vacances.com\/centre-palavas\/wp-json\/wp\/v2\/users\/1"}],"replies":[{"embeddable":true,"href":"https:\/\/www.pep34vacances.com\/centre-palavas\/wp-json\/wp\/v2\/comments?post=728"}],"version-history":[{"count":0,"href":"https:\/\/www.pep34vacances.com\/centre-palavas\/wp-json\/wp\/v2\/pages\/728\/revisions"}],"wp:attachment":[{"href":"https:\/\/www.pep34vacances.com\/centre-palavas\/wp-json\/wp\/v2\/media?parent=728"}],"curies":[{"name":"wp","href":"https:\/\/api.w.org\/{rel}","templated":true}]}}